{"id":910,"date":"2021-07-24T19:58:32","date_gmt":"2021-07-24T16:58:32","guid":{"rendered":"http:\/\/btbtercume.com\/?page_id=910"},"modified":"2021-07-25T14:30:51","modified_gmt":"2021-07-25T11:30:51","slug":"yunanca","status":"publish","type":"page","link":"https:\/\/btbtercume.com\/ceviri-yaptigimiz-diller\/yunanca\/","title":{"rendered":"Yunanca"},"content":{"rendered":"<p>Yunanistan Cumhuriyeti ya da k\u0131saca Yunanistan tarihi olarak, Ellas G\u00fcneydo\u011fu Avrupa&#8217;da Balkan Yar\u0131madas\u0131&#8217;n\u0131n g\u00fcney ucunda yer alan bir \u00fclke. <\/p>\n<p>Yunanca, Yunanistan&#8217;\u0131n ve K\u0131br\u0131s Cumhuriyeti&#8217;nin resm\u00ee dilidir. Yunanca 4000 y\u0131ll\u0131k bir ge\u00e7mi\u015fe sahiptir. Hint-Avrupa dil ailesinde kendi ba\u015f\u0131na bir kol olu\u015fturur. Antik Yunanca Klasik Yunan uygarl\u0131\u011f\u0131n\u0131n dili olarak kullan\u0131lm\u0131\u015ft\u0131r. Modern Yunanca Antik Yunanca&#8217;dan olduk\u00e7a farkl\u0131 olmakla beraber k\u00f6ken olarak ona dayan\u0131r.<\/p>\n","protected":false},"excerpt":{"rendered":"<p>Yunanistan Cumhuriyeti ya da k\u0131saca Yunanistan tarihi olarak, Ellas G\u00fcneydo\u011fu Avrupa&#8217;da Balkan Yar\u0131madas\u0131&#8217;n\u0131n g\u00fcney ucunda yer alan bir \u00fclke. Yunanca, Yunanistan&#8217;\u0131n ve K\u0131br\u0131s Cumhuriyeti&#8217;nin resm\u00ee dilidir. Yunanca 4000 y\u0131ll\u0131k bir ge\u00e7mi\u015fe sahiptir. Hint-Avrupa dil ailesinde kendi ba\u015f\u0131na bir kol olu\u015fturur. Antik Yunanca Klasik Yunan uygarl\u0131\u011f\u0131n\u0131n dili olarak kullan\u0131lm\u0131\u015ft\u0131r. Modern Yunanca Antik Yunanca&#8217;dan olduk\u00e7a farkl\u0131 olmakla [&hellip;]<\/p>\n","protected":false},"author":1,"featured_media":0,"parent":682,"menu_order":0,"comment_status":"closed","ping_status":"closed","template":"dildetay.php","meta":[],"_links":{"self":[{"href":"https:\/\/btbtercume.com\/wp-json\/wp\/v2\/pages\/910"}],"collection":[{"href":"https:\/\/btbtercume.com\/wp-json\/wp\/v2\/pages"}],"about":[{"href":"https:\/\/btbtercume.com\/wp-json\/wp\/v2\/types\/page"}],"author":[{"embeddable":true,"href":"https:\/\/btbtercume.com\/wp-json\/wp\/v2\/users\/1"}],"replies":[{"embeddable":true,"href":"https:\/\/btbtercume.com\/wp-json\/wp\/v2\/comments?post=910"}],"version-history":[{"count":2,"href":"https:\/\/btbtercume.com\/wp-json\/wp\/v2\/pages\/910\/revisions"}],"predecessor-version":[{"id":1013,"href":"https:\/\/btbtercume.com\/wp-json\/wp\/v2\/pages\/910\/revisions\/1013"}],"up":[{"embeddable":true,"href":"https:\/\/btbtercume.com\/wp-json\/wp\/v2\/pages\/682"}],"wp:attachment":[{"href":"https:\/\/btbtercume.com\/wp-json\/wp\/v2\/media?parent=910"}],"curies":[{"name":"wp","href":"https:\/\/api.w.org\/{rel}","templated":true}]}}