{"id":907,"date":"2021-07-24T19:58:16","date_gmt":"2021-07-24T16:58:16","guid":{"rendered":"http:\/\/btbtercume.com\/?page_id=907"},"modified":"2021-07-25T14:36:15","modified_gmt":"2021-07-25T11:36:15","slug":"ukraynaca","status":"publish","type":"page","link":"https:\/\/btbtercume.com\/ceviri-yaptigimiz-diller\/ukraynaca\/","title":{"rendered":"Ukraynaca"},"content":{"rendered":"<p>Ukrayna, Do\u011fu Avrupa&#8217;da \u00fclke. Do\u011fusunda Rusya, kuzeyinde Beyaz Rusya, bat\u0131s\u0131nda Polonya, Slovakya ve Macaristan, g\u00fcneybat\u0131s\u0131nda Romanya ve Moldova, g\u00fcneyinde Karadeniz ve Azak Denizi yer al\u0131r. Kiev kenti Ukrayna&#8217;n\u0131n ba\u015fkentidir.<\/p>\n<p>Ukrayna dili, Slav dillerinin Do\u011fu kolundan bir dildir. Ukrayna&#8217;n\u0131n resm\u00ee dilidir. Ukrayna dili Kiril Alfabesi kullan\u0131larak yaz\u0131l\u0131r. Rus\u00e7a, Leh\u00e7e, Slovak\u00e7a gibi yak\u0131n akrabas\u0131 olan Slav dilleriyle ortak kelime hazinesi geni\u015ftir.<\/p>\n","protected":false},"excerpt":{"rendered":"<p>Ukrayna, Do\u011fu Avrupa&#8217;da \u00fclke. Do\u011fusunda Rusya, kuzeyinde Beyaz Rusya, bat\u0131s\u0131nda Polonya, Slovakya ve Macaristan, g\u00fcneybat\u0131s\u0131nda Romanya ve Moldova, g\u00fcneyinde Karadeniz ve Azak Denizi yer al\u0131r. Kiev kenti Ukrayna&#8217;n\u0131n ba\u015fkentidir. Ukrayna dili, Slav dillerinin Do\u011fu kolundan bir dildir. Ukrayna&#8217;n\u0131n resm\u00ee dilidir. Ukrayna dili Kiril Alfabesi kullan\u0131larak yaz\u0131l\u0131r. Rus\u00e7a, Leh\u00e7e, Slovak\u00e7a gibi yak\u0131n akrabas\u0131 olan Slav dilleriyle [&hellip;]<\/p>\n","protected":false},"author":1,"featured_media":0,"parent":682,"menu_order":0,"comment_status":"closed","ping_status":"closed","template":"dildetay.php","meta":[],"_links":{"self":[{"href":"https:\/\/btbtercume.com\/wp-json\/wp\/v2\/pages\/907"}],"collection":[{"href":"https:\/\/btbtercume.com\/wp-json\/wp\/v2\/pages"}],"about":[{"href":"https:\/\/btbtercume.com\/wp-json\/wp\/v2\/types\/page"}],"author":[{"embeddable":true,"href":"https:\/\/btbtercume.com\/wp-json\/wp\/v2\/users\/1"}],"replies":[{"embeddable":true,"href":"https:\/\/btbtercume.com\/wp-json\/wp\/v2\/comments?post=907"}],"version-history":[{"count":2,"href":"https:\/\/btbtercume.com\/wp-json\/wp\/v2\/pages\/907\/revisions"}],"predecessor-version":[{"id":1033,"href":"https:\/\/btbtercume.com\/wp-json\/wp\/v2\/pages\/907\/revisions\/1033"}],"up":[{"embeddable":true,"href":"https:\/\/btbtercume.com\/wp-json\/wp\/v2\/pages\/682"}],"wp:attachment":[{"href":"https:\/\/btbtercume.com\/wp-json\/wp\/v2\/media?parent=907"}],"curies":[{"name":"wp","href":"https:\/\/api.w.org\/{rel}","templated":true}]}}