{"id":906,"date":"2021-07-24T19:58:11","date_gmt":"2021-07-24T16:58:11","guid":{"rendered":"http:\/\/btbtercume.com\/?page_id=906"},"modified":"2021-07-25T14:38:47","modified_gmt":"2021-07-25T11:38:47","slug":"turkmence","status":"publish","type":"page","link":"https:\/\/btbtercume.com\/ceviri-yaptigimiz-diller\/turkmence\/","title":{"rendered":"T\u00fcrkmence"},"content":{"rendered":"<p>T\u00fcrkmenistan, resm\u00ee ad\u0131yla T\u00fcrkmenistan Cumhuriyeti, 1991&#8217;de Sovyetler Birli\u011fi&#8217;nin da\u011f\u0131l\u0131\u015f\u0131ndan sonra ba\u011f\u0131ms\u0131zl\u0131\u011f\u0131n\u0131 kazanan Orta Asya T\u00fcrk cumhuriyeti. Resm\u00ee para birimi Manat&#8217;t\u0131r. Y\u00f6netim \u015fekli cumhuriyettir. T\u00fcrkmence (T\u00fcrkmen dili, T\u00fcrkmen\u00e7e), \u00e7o\u011funlu\u011fu T\u00fcrkmenistan&#8217;da ya\u015fayan T\u00fcrkmenlerin konu\u015ftu\u011fu dil. T\u00fcrk dillerinin O\u011fuz \u00f6be\u011fine ba\u011fl\u0131d\u0131r ve toplam 6.000.000 kadar ki\u015fi taraf\u0131ndan konu\u015fulur. T\u00fcrkmence, T\u00fcrk dilleri aras\u0131nda T\u00fcrk\u00e7e, Gagavuzca ve Azerice&#8217;ye daha yak\u0131n bir leh\u00e7edir.<\/p>\n","protected":false},"excerpt":{"rendered":"<p>T\u00fcrkmenistan, resm\u00ee ad\u0131yla T\u00fcrkmenistan Cumhuriyeti, 1991&#8217;de Sovyetler Birli\u011fi&#8217;nin da\u011f\u0131l\u0131\u015f\u0131ndan sonra ba\u011f\u0131ms\u0131zl\u0131\u011f\u0131n\u0131 kazanan Orta Asya T\u00fcrk cumhuriyeti. Resm\u00ee para birimi Manat&#8217;t\u0131r. Y\u00f6netim \u015fekli cumhuriyettir. T\u00fcrkmence (T\u00fcrkmen dili, T\u00fcrkmen\u00e7e), \u00e7o\u011funlu\u011fu T\u00fcrkmenistan&#8217;da ya\u015fayan T\u00fcrkmenlerin konu\u015ftu\u011fu dil. T\u00fcrk dillerinin O\u011fuz \u00f6be\u011fine ba\u011fl\u0131d\u0131r ve toplam 6.000.000 kadar ki\u015fi taraf\u0131ndan konu\u015fulur. T\u00fcrkmence, T\u00fcrk dilleri aras\u0131nda T\u00fcrk\u00e7e, Gagavuzca ve Azerice&#8217;ye daha yak\u0131n [&hellip;]<\/p>\n","protected":false},"author":1,"featured_media":0,"parent":682,"menu_order":0,"comment_status":"closed","ping_status":"closed","template":"dildetay.php","meta":[],"_links":{"self":[{"href":"https:\/\/btbtercume.com\/wp-json\/wp\/v2\/pages\/906"}],"collection":[{"href":"https:\/\/btbtercume.com\/wp-json\/wp\/v2\/pages"}],"about":[{"href":"https:\/\/btbtercume.com\/wp-json\/wp\/v2\/types\/page"}],"author":[{"embeddable":true,"href":"https:\/\/btbtercume.com\/wp-json\/wp\/v2\/users\/1"}],"replies":[{"embeddable":true,"href":"https:\/\/btbtercume.com\/wp-json\/wp\/v2\/comments?post=906"}],"version-history":[{"count":2,"href":"https:\/\/btbtercume.com\/wp-json\/wp\/v2\/pages\/906\/revisions"}],"predecessor-version":[{"id":1046,"href":"https:\/\/btbtercume.com\/wp-json\/wp\/v2\/pages\/906\/revisions\/1046"}],"up":[{"embeddable":true,"href":"https:\/\/btbtercume.com\/wp-json\/wp\/v2\/pages\/682"}],"wp:attachment":[{"href":"https:\/\/btbtercume.com\/wp-json\/wp\/v2\/media?parent=906"}],"curies":[{"name":"wp","href":"https:\/\/api.w.org\/{rel}","templated":true}]}}