{"id":902,"date":"2021-07-24T19:57:53","date_gmt":"2021-07-24T16:57:53","guid":{"rendered":"http:\/\/btbtercume.com\/?page_id=902"},"modified":"2021-07-25T14:30:38","modified_gmt":"2021-07-25T11:30:38","slug":"tamilce","status":"publish","type":"page","link":"https:\/\/btbtercume.com\/ceviri-yaptigimiz-diller\/tamilce\/","title":{"rendered":"Tamilce"},"content":{"rendered":"<p>Tamil Nadu eyaletinin resmi dili olan Tamilce, en az 2000 y\u0131ll\u0131k ge\u00e7mi\u015fi olan eski bir Dravidyan dilidir ve yakla\u015f\u0131k 65 milyon ki\u015fi taraf\u0131ndan konu\u015fulur. Telugu da bir Dravidyan dilidir ve Andhra Pradesh halk\u0131 taraf\u0131ndan konu\u015fulur. Tamilce&#8217;de bir yar\u0131 melez dildir. Fars\u00e7a, Urduca, Sanskrit\u00e7e ve Hint\u00e7e kar\u0131\u015f\u0131m\u0131d\u0131r.<\/p>\n","protected":false},"excerpt":{"rendered":"<p>Tamil Nadu eyaletinin resmi dili olan Tamilce, en az 2000 y\u0131ll\u0131k ge\u00e7mi\u015fi olan eski bir Dravidyan dilidir ve yakla\u015f\u0131k 65 milyon ki\u015fi taraf\u0131ndan konu\u015fulur. Telugu da bir Dravidyan dilidir ve Andhra Pradesh halk\u0131 taraf\u0131ndan konu\u015fulur. Tamilce&#8217;de bir yar\u0131 melez dildir. Fars\u00e7a, Urduca, Sanskrit\u00e7e ve Hint\u00e7e kar\u0131\u015f\u0131m\u0131d\u0131r.<\/p>\n","protected":false},"author":1,"featured_media":0,"parent":682,"menu_order":0,"comment_status":"closed","ping_status":"closed","template":"dildetay.php","meta":[],"_links":{"self":[{"href":"https:\/\/btbtercume.com\/wp-json\/wp\/v2\/pages\/902"}],"collection":[{"href":"https:\/\/btbtercume.com\/wp-json\/wp\/v2\/pages"}],"about":[{"href":"https:\/\/btbtercume.com\/wp-json\/wp\/v2\/types\/page"}],"author":[{"embeddable":true,"href":"https:\/\/btbtercume.com\/wp-json\/wp\/v2\/users\/1"}],"replies":[{"embeddable":true,"href":"https:\/\/btbtercume.com\/wp-json\/wp\/v2\/comments?post=902"}],"version-history":[{"count":2,"href":"https:\/\/btbtercume.com\/wp-json\/wp\/v2\/pages\/902\/revisions"}],"predecessor-version":[{"id":1012,"href":"https:\/\/btbtercume.com\/wp-json\/wp\/v2\/pages\/902\/revisions\/1012"}],"up":[{"embeddable":true,"href":"https:\/\/btbtercume.com\/wp-json\/wp\/v2\/pages\/682"}],"wp:attachment":[{"href":"https:\/\/btbtercume.com\/wp-json\/wp\/v2\/media?parent=902"}],"curies":[{"name":"wp","href":"https:\/\/api.w.org\/{rel}","templated":true}]}}