{"id":897,"date":"2021-07-24T19:57:30","date_gmt":"2021-07-24T16:57:30","guid":{"rendered":"http:\/\/btbtercume.com\/?page_id=897"},"modified":"2021-07-25T14:34:49","modified_gmt":"2021-07-25T11:34:49","slug":"slovence","status":"publish","type":"page","link":"https:\/\/btbtercume.com\/ceviri-yaptigimiz-diller\/slovence\/","title":{"rendered":"Slovence"},"content":{"rendered":"<p>Slovenya ya da resm\u00ee ad\u0131yla Slovenya Cumhuriyeti, Orta Avrupa&#8217;n\u0131n g\u00fcneyinde yer alan bir \u00fclkedir. Bat\u0131s\u0131nda \u0130talya, g\u00fcney bat\u0131s\u0131nda Adriyatik Denizi, g\u00fcney ve do\u011fusunda H\u0131rvatistan, kuzey do\u011fusunda Macaristan ve kuzeyinde Avusturya bulunur.<\/p>\n<p>Slovence, \u00e7o\u011funlu\u011fu Slovenya&#8217;da ya\u015fayan 2 milyon ki\u015fi taraf\u0131ndan konu\u015fulan, Slavik bir dildir. Az ki\u015fi taraf\u0131ndan konu\u015fulmas\u0131na ra\u011fmen \u00e7ok fazla leh\u00e7esi vard\u0131r. Bunun sebebi, Slovencenin \u00e7ok kar\u0131\u015f\u0131k bir dil olmas\u0131 ve varyasyonlara a\u00e7\u0131k olmas\u0131d\u0131r.<\/p>\n","protected":false},"excerpt":{"rendered":"<p>Slovenya ya da resm\u00ee ad\u0131yla Slovenya Cumhuriyeti, Orta Avrupa&#8217;n\u0131n g\u00fcneyinde yer alan bir \u00fclkedir. Bat\u0131s\u0131nda \u0130talya, g\u00fcney bat\u0131s\u0131nda Adriyatik Denizi, g\u00fcney ve do\u011fusunda H\u0131rvatistan, kuzey do\u011fusunda Macaristan ve kuzeyinde Avusturya bulunur. Slovence, \u00e7o\u011funlu\u011fu Slovenya&#8217;da ya\u015fayan 2 milyon ki\u015fi taraf\u0131ndan konu\u015fulan, Slavik bir dildir. Az ki\u015fi taraf\u0131ndan konu\u015fulmas\u0131na ra\u011fmen \u00e7ok fazla leh\u00e7esi vard\u0131r. Bunun sebebi, Slovencenin [&hellip;]<\/p>\n","protected":false},"author":1,"featured_media":0,"parent":682,"menu_order":0,"comment_status":"closed","ping_status":"closed","template":"dildetay.php","meta":[],"_links":{"self":[{"href":"https:\/\/btbtercume.com\/wp-json\/wp\/v2\/pages\/897"}],"collection":[{"href":"https:\/\/btbtercume.com\/wp-json\/wp\/v2\/pages"}],"about":[{"href":"https:\/\/btbtercume.com\/wp-json\/wp\/v2\/types\/page"}],"author":[{"embeddable":true,"href":"https:\/\/btbtercume.com\/wp-json\/wp\/v2\/users\/1"}],"replies":[{"embeddable":true,"href":"https:\/\/btbtercume.com\/wp-json\/wp\/v2\/comments?post=897"}],"version-history":[{"count":2,"href":"https:\/\/btbtercume.com\/wp-json\/wp\/v2\/pages\/897\/revisions"}],"predecessor-version":[{"id":1025,"href":"https:\/\/btbtercume.com\/wp-json\/wp\/v2\/pages\/897\/revisions\/1025"}],"up":[{"embeddable":true,"href":"https:\/\/btbtercume.com\/wp-json\/wp\/v2\/pages\/682"}],"wp:attachment":[{"href":"https:\/\/btbtercume.com\/wp-json\/wp\/v2\/media?parent=897"}],"curies":[{"name":"wp","href":"https:\/\/api.w.org\/{rel}","templated":true}]}}