{"id":896,"date":"2021-07-24T19:57:25","date_gmt":"2021-07-24T16:57:25","guid":{"rendered":"http:\/\/btbtercume.com\/?page_id=896"},"modified":"2021-07-25T14:29:34","modified_gmt":"2021-07-25T11:29:34","slug":"slovakca","status":"publish","type":"page","link":"https:\/\/btbtercume.com\/ceviri-yaptigimiz-diller\/slovakca\/","title":{"rendered":"Slovak\u00e7a"},"content":{"rendered":"<p>Slovakya, Orta Avrupa&#8217;da, Polonya&#8217;n\u0131n g\u00fcneyinde yer alan bir \u00fclkedir. Eski \u00c7ekoslovakya&#8217;n\u0131n bir par\u00e7as\u0131d\u0131r.<\/p>\n<p>48,845 km\u00b2 y\u00fcz\u00f6l\u00e7\u00fcm\u00fcne sahip \u00fclkenin, Avusturya ile 91, \u00c7ek Cumhuriyeti 215, Macaristan ile 515, Polonya ile 444, Ukrayna ile 90 olmak \u00fczere toplam 1.355 km s\u0131n\u0131r uzunlu\u011fu vard\u0131r. Deniz k\u0131y\u0131s\u0131 yoktur.<\/p>\n","protected":false},"excerpt":{"rendered":"<p>Slovakya, Orta Avrupa&#8217;da, Polonya&#8217;n\u0131n g\u00fcneyinde yer alan bir \u00fclkedir. Eski \u00c7ekoslovakya&#8217;n\u0131n bir par\u00e7as\u0131d\u0131r. 48,845 km\u00b2 y\u00fcz\u00f6l\u00e7\u00fcm\u00fcne sahip \u00fclkenin, Avusturya ile 91, \u00c7ek Cumhuriyeti 215, Macaristan ile 515, Polonya ile 444, Ukrayna ile 90 olmak \u00fczere toplam 1.355 km s\u0131n\u0131r uzunlu\u011fu vard\u0131r. Deniz k\u0131y\u0131s\u0131 yoktur.<\/p>\n","protected":false},"author":1,"featured_media":0,"parent":682,"menu_order":0,"comment_status":"closed","ping_status":"closed","template":"dildetay.php","meta":[],"_links":{"self":[{"href":"https:\/\/btbtercume.com\/wp-json\/wp\/v2\/pages\/896"}],"collection":[{"href":"https:\/\/btbtercume.com\/wp-json\/wp\/v2\/pages"}],"about":[{"href":"https:\/\/btbtercume.com\/wp-json\/wp\/v2\/types\/page"}],"author":[{"embeddable":true,"href":"https:\/\/btbtercume.com\/wp-json\/wp\/v2\/users\/1"}],"replies":[{"embeddable":true,"href":"https:\/\/btbtercume.com\/wp-json\/wp\/v2\/comments?post=896"}],"version-history":[{"count":2,"href":"https:\/\/btbtercume.com\/wp-json\/wp\/v2\/pages\/896\/revisions"}],"predecessor-version":[{"id":1009,"href":"https:\/\/btbtercume.com\/wp-json\/wp\/v2\/pages\/896\/revisions\/1009"}],"up":[{"embeddable":true,"href":"https:\/\/btbtercume.com\/wp-json\/wp\/v2\/pages\/682"}],"wp:attachment":[{"href":"https:\/\/btbtercume.com\/wp-json\/wp\/v2\/media?parent=896"}],"curies":[{"name":"wp","href":"https:\/\/api.w.org\/{rel}","templated":true}]}}