{"id":895,"date":"2021-07-24T19:57:19","date_gmt":"2021-07-24T16:57:19","guid":{"rendered":"http:\/\/btbtercume.com\/?page_id=895"},"modified":"2021-07-25T14:29:26","modified_gmt":"2021-07-25T11:29:26","slug":"sirpca","status":"publish","type":"page","link":"https:\/\/btbtercume.com\/ceviri-yaptigimiz-diller\/sirpca\/","title":{"rendered":"S\u0131rp\u00e7a"},"content":{"rendered":"<p>S\u0131rbistan ya da resm\u00ee ad\u0131yla S\u0131rbistan Cumhuriyeti, Balkanlar&#8217;da bulunan bir devlet. S\u0131rbistan Karada\u011f\u2019\u0131n ayr\u0131lmas\u0131yla olu\u015fmu\u015ftur. Kuzeyinde Macaristan, bat\u0131s\u0131nda H\u0131rvatistan ve Bosna Hersek, g\u00fcneyinde Makedonya ve Kosova, do\u011fusunda Romanya ve Bulgaristan bulunur.<\/p>\n<p>S\u0131rp\u00e7a, Slav dillerinin g\u00fcney grubundan, S\u0131rplar\u0131n konu\u015ftu\u011fu bir dildir. H\u0131rvat\u00e7a ile birlikte &#8220;S\u0131rp-H\u0131rvat dili&#8221; olarak da bilinir. S\u0131rp\u00e7a, S\u0131rbistan ve Karada\u011f&#8217;\u0131n resmi dilidir. Ayr\u0131ca Bosna-Hersek&#8217;in resmi dillerinden biridir.<\/p>\n","protected":false},"excerpt":{"rendered":"<p>S\u0131rbistan ya da resm\u00ee ad\u0131yla S\u0131rbistan Cumhuriyeti, Balkanlar&#8217;da bulunan bir devlet. S\u0131rbistan Karada\u011f\u2019\u0131n ayr\u0131lmas\u0131yla olu\u015fmu\u015ftur. Kuzeyinde Macaristan, bat\u0131s\u0131nda H\u0131rvatistan ve Bosna Hersek, g\u00fcneyinde Makedonya ve Kosova, do\u011fusunda Romanya ve Bulgaristan bulunur. S\u0131rp\u00e7a, Slav dillerinin g\u00fcney grubundan, S\u0131rplar\u0131n konu\u015ftu\u011fu bir dildir. H\u0131rvat\u00e7a ile birlikte &#8220;S\u0131rp-H\u0131rvat dili&#8221; olarak da bilinir. S\u0131rp\u00e7a, S\u0131rbistan ve Karada\u011f&#8217;\u0131n resmi dilidir. Ayr\u0131ca [&hellip;]<\/p>\n","protected":false},"author":1,"featured_media":0,"parent":682,"menu_order":0,"comment_status":"closed","ping_status":"closed","template":"dildetay.php","meta":[],"_links":{"self":[{"href":"https:\/\/btbtercume.com\/wp-json\/wp\/v2\/pages\/895"}],"collection":[{"href":"https:\/\/btbtercume.com\/wp-json\/wp\/v2\/pages"}],"about":[{"href":"https:\/\/btbtercume.com\/wp-json\/wp\/v2\/types\/page"}],"author":[{"embeddable":true,"href":"https:\/\/btbtercume.com\/wp-json\/wp\/v2\/users\/1"}],"replies":[{"embeddable":true,"href":"https:\/\/btbtercume.com\/wp-json\/wp\/v2\/comments?post=895"}],"version-history":[{"count":2,"href":"https:\/\/btbtercume.com\/wp-json\/wp\/v2\/pages\/895\/revisions"}],"predecessor-version":[{"id":1008,"href":"https:\/\/btbtercume.com\/wp-json\/wp\/v2\/pages\/895\/revisions\/1008"}],"up":[{"embeddable":true,"href":"https:\/\/btbtercume.com\/wp-json\/wp\/v2\/pages\/682"}],"wp:attachment":[{"href":"https:\/\/btbtercume.com\/wp-json\/wp\/v2\/media?parent=895"}],"curies":[{"name":"wp","href":"https:\/\/api.w.org\/{rel}","templated":true}]}}