{"id":892,"date":"2021-07-24T19:57:09","date_gmt":"2021-07-24T16:57:09","guid":{"rendered":"http:\/\/btbtercume.com\/?page_id=892"},"modified":"2021-07-25T14:31:51","modified_gmt":"2021-07-25T11:31:51","slug":"romence","status":"publish","type":"page","link":"https:\/\/btbtercume.com\/ceviri-yaptigimiz-diller\/romence\/","title":{"rendered":"Romence"},"content":{"rendered":"<p>Romanya, Orta Avrupa&#8217;n\u0131n g\u00fcney do\u011fusunda, Balkan Yar\u0131madas\u0131&#8217;n\u0131n kuzeyinde bulunan bir \u00fclke. \u00dclke kuzeyde ve kuzeydo\u011fuda Ukrayna, kuzeydo\u011fuda Moldova, kuzeybat\u0131da Macaristan, g\u00fcneybat\u0131da S\u0131rbistan, g\u00fcneyde Bulgaristan ile kom\u015fudur. Do\u011fuda Karadeniz&#8217;e k\u0131y\u0131s\u0131 vard\u0131r.<\/p>\n<p>Romence, Romanya&#8217;n\u0131n resm\u00ee dilidir ve Romans dillerin do\u011fu koluna mensuptur. \u00c7o\u011fu Romanya ve Moldova&#8217;da ya\u015fayan 28 milyon ki\u015fi taraf\u0131ndan konu\u015fulur.<\/p>\n","protected":false},"excerpt":{"rendered":"<p>Romanya, Orta Avrupa&#8217;n\u0131n g\u00fcney do\u011fusunda, Balkan Yar\u0131madas\u0131&#8217;n\u0131n kuzeyinde bulunan bir \u00fclke. \u00dclke kuzeyde ve kuzeydo\u011fuda Ukrayna, kuzeydo\u011fuda Moldova, kuzeybat\u0131da Macaristan, g\u00fcneybat\u0131da S\u0131rbistan, g\u00fcneyde Bulgaristan ile kom\u015fudur. Do\u011fuda Karadeniz&#8217;e k\u0131y\u0131s\u0131 vard\u0131r. Romence, Romanya&#8217;n\u0131n resm\u00ee dilidir ve Romans dillerin do\u011fu koluna mensuptur. \u00c7o\u011fu Romanya ve Moldova&#8217;da ya\u015fayan 28 milyon ki\u015fi taraf\u0131ndan konu\u015fulur.<\/p>\n","protected":false},"author":1,"featured_media":0,"parent":682,"menu_order":0,"comment_status":"closed","ping_status":"closed","template":"dildetay.php","meta":[],"_links":{"self":[{"href":"https:\/\/btbtercume.com\/wp-json\/wp\/v2\/pages\/892"}],"collection":[{"href":"https:\/\/btbtercume.com\/wp-json\/wp\/v2\/pages"}],"about":[{"href":"https:\/\/btbtercume.com\/wp-json\/wp\/v2\/types\/page"}],"author":[{"embeddable":true,"href":"https:\/\/btbtercume.com\/wp-json\/wp\/v2\/users\/1"}],"replies":[{"embeddable":true,"href":"https:\/\/btbtercume.com\/wp-json\/wp\/v2\/comments?post=892"}],"version-history":[{"count":2,"href":"https:\/\/btbtercume.com\/wp-json\/wp\/v2\/pages\/892\/revisions"}],"predecessor-version":[{"id":1019,"href":"https:\/\/btbtercume.com\/wp-json\/wp\/v2\/pages\/892\/revisions\/1019"}],"up":[{"embeddable":true,"href":"https:\/\/btbtercume.com\/wp-json\/wp\/v2\/pages\/682"}],"wp:attachment":[{"href":"https:\/\/btbtercume.com\/wp-json\/wp\/v2\/media?parent=892"}],"curies":[{"name":"wp","href":"https:\/\/api.w.org\/{rel}","templated":true}]}}