{"id":890,"date":"2021-07-24T19:56:59","date_gmt":"2021-07-24T16:56:59","guid":{"rendered":"http:\/\/btbtercume.com\/?page_id=890"},"modified":"2021-07-25T14:36:49","modified_gmt":"2021-07-25T11:36:49","slug":"polonyaca-lehce","status":"publish","type":"page","link":"https:\/\/btbtercume.com\/ceviri-yaptigimiz-diller\/polonyaca-lehce\/","title":{"rendered":"Polonyaca (Leh\u00e7e)"},"content":{"rendered":"<p>Leh\u00e7e (j\u0119zyk polski), Polonyal\u0131lar\u0131n konu\u015ftu\u011fu bir dildir. Polonya&#8217;n\u0131n resmi dilidir ve 38 milyonu Polonya&#8217;da olmak \u00fczere d\u00fcnyada toplam 50 milyon ki\u015fi taraf\u0131ndan konu\u015fuldu\u011fu tahmin edilir. Hint-Avrupa dilleri ailesinin Slav dilleri \u00f6be\u011fine ba\u011fl\u0131 bir dildir.<\/p>\n","protected":false},"excerpt":{"rendered":"<p>Leh\u00e7e (j\u0119zyk polski), Polonyal\u0131lar\u0131n konu\u015ftu\u011fu bir dildir. Polonya&#8217;n\u0131n resmi dilidir ve 38 milyonu Polonya&#8217;da olmak \u00fczere d\u00fcnyada toplam 50 milyon ki\u015fi taraf\u0131ndan konu\u015fuldu\u011fu tahmin edilir. Hint-Avrupa dilleri ailesinin Slav dilleri \u00f6be\u011fine ba\u011fl\u0131 bir dildir.<\/p>\n","protected":false},"author":1,"featured_media":0,"parent":682,"menu_order":0,"comment_status":"closed","ping_status":"closed","template":"dildetay.php","meta":[],"_links":{"self":[{"href":"https:\/\/btbtercume.com\/wp-json\/wp\/v2\/pages\/890"}],"collection":[{"href":"https:\/\/btbtercume.com\/wp-json\/wp\/v2\/pages"}],"about":[{"href":"https:\/\/btbtercume.com\/wp-json\/wp\/v2\/types\/page"}],"author":[{"embeddable":true,"href":"https:\/\/btbtercume.com\/wp-json\/wp\/v2\/users\/1"}],"replies":[{"embeddable":true,"href":"https:\/\/btbtercume.com\/wp-json\/wp\/v2\/comments?post=890"}],"version-history":[{"count":2,"href":"https:\/\/btbtercume.com\/wp-json\/wp\/v2\/pages\/890\/revisions"}],"predecessor-version":[{"id":1035,"href":"https:\/\/btbtercume.com\/wp-json\/wp\/v2\/pages\/890\/revisions\/1035"}],"up":[{"embeddable":true,"href":"https:\/\/btbtercume.com\/wp-json\/wp\/v2\/pages\/682"}],"wp:attachment":[{"href":"https:\/\/btbtercume.com\/wp-json\/wp\/v2\/media?parent=890"}],"curies":[{"name":"wp","href":"https:\/\/api.w.org\/{rel}","templated":true}]}}