{"id":888,"date":"2021-07-24T19:56:49","date_gmt":"2021-07-24T16:56:49","guid":{"rendered":"http:\/\/btbtercume.com\/?page_id=888"},"modified":"2021-07-25T14:27:33","modified_gmt":"2021-07-25T11:27:33","slug":"osmanlica","status":"publish","type":"page","link":"https:\/\/btbtercume.com\/ceviri-yaptigimiz-diller\/osmanlica\/","title":{"rendered":"Osmanl\u0131ca"},"content":{"rendered":"<p>Osmanl\u0131 T\u00fcrk\u00e7esi veya Osmanl\u0131ca, Osmanl\u0131 Devleti d\u00f6neminde (XIII-XX. y\u00fczy\u0131llar aras\u0131) kullan\u0131lan Arap\u00e7a ve Fars\u00e7an\u0131n etkisi alt\u0131nda kalm\u0131\u015f T\u00fcrk diline verilen add\u0131r. Alfabe olarak Arap alfabesinin Fars\u00e7a ve T\u00fcrk\u00e7e&#8217;ye uyarlanm\u0131\u015f bir bi\u00e7imi kullan\u0131l\u0131r.<\/p>\n","protected":false},"excerpt":{"rendered":"<p>Osmanl\u0131 T\u00fcrk\u00e7esi veya Osmanl\u0131ca, Osmanl\u0131 Devleti d\u00f6neminde (XIII-XX. y\u00fczy\u0131llar aras\u0131) kullan\u0131lan Arap\u00e7a ve Fars\u00e7an\u0131n etkisi alt\u0131nda kalm\u0131\u015f T\u00fcrk diline verilen add\u0131r. Alfabe olarak Arap alfabesinin Fars\u00e7a ve T\u00fcrk\u00e7e&#8217;ye uyarlanm\u0131\u015f bir bi\u00e7imi kullan\u0131l\u0131r.<\/p>\n","protected":false},"author":1,"featured_media":0,"parent":682,"menu_order":0,"comment_status":"closed","ping_status":"closed","template":"dildetay.php","meta":[],"_links":{"self":[{"href":"https:\/\/btbtercume.com\/wp-json\/wp\/v2\/pages\/888"}],"collection":[{"href":"https:\/\/btbtercume.com\/wp-json\/wp\/v2\/pages"}],"about":[{"href":"https:\/\/btbtercume.com\/wp-json\/wp\/v2\/types\/page"}],"author":[{"embeddable":true,"href":"https:\/\/btbtercume.com\/wp-json\/wp\/v2\/users\/1"}],"replies":[{"embeddable":true,"href":"https:\/\/btbtercume.com\/wp-json\/wp\/v2\/comments?post=888"}],"version-history":[{"count":2,"href":"https:\/\/btbtercume.com\/wp-json\/wp\/v2\/pages\/888\/revisions"}],"predecessor-version":[{"id":1002,"href":"https:\/\/btbtercume.com\/wp-json\/wp\/v2\/pages\/888\/revisions\/1002"}],"up":[{"embeddable":true,"href":"https:\/\/btbtercume.com\/wp-json\/wp\/v2\/pages\/682"}],"wp:attachment":[{"href":"https:\/\/btbtercume.com\/wp-json\/wp\/v2\/media?parent=888"}],"curies":[{"name":"wp","href":"https:\/\/api.w.org\/{rel}","templated":true}]}}