{"id":884,"date":"2021-07-24T19:56:28","date_gmt":"2021-07-24T16:56:28","guid":{"rendered":"http:\/\/btbtercume.com\/?page_id=884"},"modified":"2021-07-25T14:22:36","modified_gmt":"2021-07-25T11:22:36","slug":"maltaca","status":"publish","type":"page","link":"https:\/\/btbtercume.com\/ceviri-yaptigimiz-diller\/maltaca\/","title":{"rendered":"Maltaca"},"content":{"rendered":"<p>Malta, G\u00fcney Avrupa&#8217;da, Orta Akdeniz&#8217;de yer alan, Sicilya&#8217;n\u0131n g\u00fcneyindeki adalar devletidir. Malta tak\u0131madalar\u0131 3 b\u00fcy\u00fck, 2 k\u00fc\u00e7\u00fck adadan olu\u015fur. B\u00fcy\u00fckleri: Malta, Gozo ve Comino. Tak\u0131madalar aras\u0131nda en b\u00fcy\u00fc\u011f\u00fc olan Malta 237 km\u00b2, Gozo 68 km\u00b2 ve Comino 2 km\u00b2 y\u00fcz\u00f6l\u00e7\u00fcm\u00fcne sahiptir.<\/p>\n<p>Maltaca, Malta ve Avrupa Birli\u011fi&#8217;nin resm\u00ee dillerinden biri. L\u00e2tin abecesi kullan\u0131larak yaz\u0131l\u0131r. Arap\u00e7a dilbilgisi \u00fczerine bir tak\u0131m Roman ve Anglo-sakson olu\u015fumlar\u0131n eklenmesi olu\u015fturulmu\u015f kurallardan olu\u015fur.<\/p>\n","protected":false},"excerpt":{"rendered":"<p>Malta, G\u00fcney Avrupa&#8217;da, Orta Akdeniz&#8217;de yer alan, Sicilya&#8217;n\u0131n g\u00fcneyindeki adalar devletidir. Malta tak\u0131madalar\u0131 3 b\u00fcy\u00fck, 2 k\u00fc\u00e7\u00fck adadan olu\u015fur. B\u00fcy\u00fckleri: Malta, Gozo ve Comino. Tak\u0131madalar aras\u0131nda en b\u00fcy\u00fc\u011f\u00fc olan Malta 237 km\u00b2, Gozo 68 km\u00b2 ve Comino 2 km\u00b2 y\u00fcz\u00f6l\u00e7\u00fcm\u00fcne sahiptir. Maltaca, Malta ve Avrupa Birli\u011fi&#8217;nin resm\u00ee dillerinden biri. L\u00e2tin abecesi kullan\u0131larak yaz\u0131l\u0131r. Arap\u00e7a dilbilgisi [&hellip;]<\/p>\n","protected":false},"author":1,"featured_media":0,"parent":682,"menu_order":0,"comment_status":"closed","ping_status":"closed","template":"dildetay.php","meta":[],"_links":{"self":[{"href":"https:\/\/btbtercume.com\/wp-json\/wp\/v2\/pages\/884"}],"collection":[{"href":"https:\/\/btbtercume.com\/wp-json\/wp\/v2\/pages"}],"about":[{"href":"https:\/\/btbtercume.com\/wp-json\/wp\/v2\/types\/page"}],"author":[{"embeddable":true,"href":"https:\/\/btbtercume.com\/wp-json\/wp\/v2\/users\/1"}],"replies":[{"embeddable":true,"href":"https:\/\/btbtercume.com\/wp-json\/wp\/v2\/comments?post=884"}],"version-history":[{"count":2,"href":"https:\/\/btbtercume.com\/wp-json\/wp\/v2\/pages\/884\/revisions"}],"predecessor-version":[{"id":981,"href":"https:\/\/btbtercume.com\/wp-json\/wp\/v2\/pages\/884\/revisions\/981"}],"up":[{"embeddable":true,"href":"https:\/\/btbtercume.com\/wp-json\/wp\/v2\/pages\/682"}],"wp:attachment":[{"href":"https:\/\/btbtercume.com\/wp-json\/wp\/v2\/media?parent=884"}],"curies":[{"name":"wp","href":"https:\/\/api.w.org\/{rel}","templated":true}]}}