{"id":842,"date":"2021-07-24T19:55:06","date_gmt":"2021-07-24T16:55:06","guid":{"rendered":"http:\/\/btbtercume.com\/?page_id=842"},"modified":"2021-07-25T14:29:18","modified_gmt":"2021-07-25T11:29:18","slug":"makedonca","status":"publish","type":"page","link":"https:\/\/btbtercume.com\/ceviri-yaptigimiz-diller\/makedonca\/","title":{"rendered":"Makedonca"},"content":{"rendered":"<p>Makedonya Cumhuriyeti k\u0131saca Makedonya. Balkanlar&#8217;da bir \u00fclke. Kuzeyde S\u0131rbistan ve Kosova, bat\u0131da Arnavutluk, g\u00fcneyde Yunanistan, do\u011fuda Bulgaristan ile kom\u015fudur. \u00dclkenin ba\u015fkenti \u00dcsk\u00fcp (Makedonca: Skopje) 500,000 n\u00fcfusuyla ayn\u0131 zamanda \u00fclkenin en b\u00fcy\u00fck \u015fehridir.<\/p>\n<p>Makedonca, G\u00fcney Slav dillerinin do\u011fu grubundan bir dildir. Makedonya Cumhuriyeti&#8217;nin resm\u00ee dilidir. Makedonca Bulgarcaya \u00e7ok yak\u0131nd\u0131r ve bu iki dil aras\u0131nda kar\u015f\u0131l\u0131kl\u0131 anla\u015fabilirlik m\u00fcmk\u00fcnd\u00fcr.<\/p>\n","protected":false},"excerpt":{"rendered":"<p>Makedonya Cumhuriyeti k\u0131saca Makedonya. Balkanlar&#8217;da bir \u00fclke. Kuzeyde S\u0131rbistan ve Kosova, bat\u0131da Arnavutluk, g\u00fcneyde Yunanistan, do\u011fuda Bulgaristan ile kom\u015fudur. \u00dclkenin ba\u015fkenti \u00dcsk\u00fcp (Makedonca: Skopje) 500,000 n\u00fcfusuyla ayn\u0131 zamanda \u00fclkenin en b\u00fcy\u00fck \u015fehridir. Makedonca, G\u00fcney Slav dillerinin do\u011fu grubundan bir dildir. Makedonya Cumhuriyeti&#8217;nin resm\u00ee dilidir. Makedonca Bulgarcaya \u00e7ok yak\u0131nd\u0131r ve bu iki dil aras\u0131nda kar\u015f\u0131l\u0131kl\u0131 anla\u015fabilirlik [&hellip;]<\/p>\n","protected":false},"author":1,"featured_media":0,"parent":682,"menu_order":0,"comment_status":"closed","ping_status":"closed","template":"dildetay.php","meta":[],"_links":{"self":[{"href":"https:\/\/btbtercume.com\/wp-json\/wp\/v2\/pages\/842"}],"collection":[{"href":"https:\/\/btbtercume.com\/wp-json\/wp\/v2\/pages"}],"about":[{"href":"https:\/\/btbtercume.com\/wp-json\/wp\/v2\/types\/page"}],"author":[{"embeddable":true,"href":"https:\/\/btbtercume.com\/wp-json\/wp\/v2\/users\/1"}],"replies":[{"embeddable":true,"href":"https:\/\/btbtercume.com\/wp-json\/wp\/v2\/comments?post=842"}],"version-history":[{"count":2,"href":"https:\/\/btbtercume.com\/wp-json\/wp\/v2\/pages\/842\/revisions"}],"predecessor-version":[{"id":1007,"href":"https:\/\/btbtercume.com\/wp-json\/wp\/v2\/pages\/842\/revisions\/1007"}],"up":[{"embeddable":true,"href":"https:\/\/btbtercume.com\/wp-json\/wp\/v2\/pages\/682"}],"wp:attachment":[{"href":"https:\/\/btbtercume.com\/wp-json\/wp\/v2\/media?parent=842"}],"curies":[{"name":"wp","href":"https:\/\/api.w.org\/{rel}","templated":true}]}}