{"id":839,"date":"2021-07-24T19:54:48","date_gmt":"2021-07-24T16:54:48","guid":{"rendered":"http:\/\/btbtercume.com\/?page_id=839"},"modified":"2021-07-25T14:26:02","modified_gmt":"2021-07-25T11:26:02","slug":"litvanyaca","status":"publish","type":"page","link":"https:\/\/btbtercume.com\/ceviri-yaptigimiz-diller\/litvanyaca\/","title":{"rendered":"Litvanyaca"},"content":{"rendered":"<p>Litvanya (Litvanyaca Lietuva, ya da resmi ad\u0131yla Lietuvos Respublika), Avrupa&#8217;n\u0131n kuzey do\u011fusunda bir \u00fclkedir. G\u00fcneyi Polonya, Beyaz Rusya ve Rusya&#8217;nin Kaliningrad b\u00f6lgesi ile \u00e7evrili olan Litvanya Cumhuriyeti&#8217;nin kuzeyinde Letonya, do\u011fusunda ise yine Beyaz Rusya bulunur. Diller: Litvanyaca (resmi), Leh\u00e7e ve Rus\u00e7a.<\/p>\n","protected":false},"excerpt":{"rendered":"<p>Litvanya (Litvanyaca Lietuva, ya da resmi ad\u0131yla Lietuvos Respublika), Avrupa&#8217;n\u0131n kuzey do\u011fusunda bir \u00fclkedir. G\u00fcneyi Polonya, Beyaz Rusya ve Rusya&#8217;nin Kaliningrad b\u00f6lgesi ile \u00e7evrili olan Litvanya Cumhuriyeti&#8217;nin kuzeyinde Letonya, do\u011fusunda ise yine Beyaz Rusya bulunur. Diller: Litvanyaca (resmi), Leh\u00e7e ve Rus\u00e7a.<\/p>\n","protected":false},"author":1,"featured_media":0,"parent":682,"menu_order":0,"comment_status":"closed","ping_status":"closed","template":"dildetay.php","meta":[],"_links":{"self":[{"href":"https:\/\/btbtercume.com\/wp-json\/wp\/v2\/pages\/839"}],"collection":[{"href":"https:\/\/btbtercume.com\/wp-json\/wp\/v2\/pages"}],"about":[{"href":"https:\/\/btbtercume.com\/wp-json\/wp\/v2\/types\/page"}],"author":[{"embeddable":true,"href":"https:\/\/btbtercume.com\/wp-json\/wp\/v2\/users\/1"}],"replies":[{"embeddable":true,"href":"https:\/\/btbtercume.com\/wp-json\/wp\/v2\/comments?post=839"}],"version-history":[{"count":2,"href":"https:\/\/btbtercume.com\/wp-json\/wp\/v2\/pages\/839\/revisions"}],"predecessor-version":[{"id":993,"href":"https:\/\/btbtercume.com\/wp-json\/wp\/v2\/pages\/839\/revisions\/993"}],"up":[{"embeddable":true,"href":"https:\/\/btbtercume.com\/wp-json\/wp\/v2\/pages\/682"}],"wp:attachment":[{"href":"https:\/\/btbtercume.com\/wp-json\/wp\/v2\/media?parent=839"}],"curies":[{"name":"wp","href":"https:\/\/api.w.org\/{rel}","templated":true}]}}