{"id":838,"date":"2021-07-24T19:54:44","date_gmt":"2021-07-24T16:54:44","guid":{"rendered":"http:\/\/btbtercume.com\/?page_id=838"},"modified":"2021-07-25T14:29:12","modified_gmt":"2021-07-25T11:29:12","slug":"letonca","status":"publish","type":"page","link":"https:\/\/btbtercume.com\/ceviri-yaptigimiz-diller\/letonca\/","title":{"rendered":"Letonca"},"content":{"rendered":"<p>Letonya (Letonca: Latvija) ya da resm\u00ee ad\u0131yla Letonya Cumhuriyeti (Latvijas Republika), Kuzey Avrupa\u2019da yer alan bir \u00fclkedir. Kara s\u0131n\u0131rlar\u0131n\u0131 kuzeyde Estonya, g\u00fcneyde Litvanya; Do\u011fuda ise Rusya Federasyonu ve Belarus ile payla\u015fmaktad\u0131r.<\/p>\n<p>Letonya&#8217;da resmi dil Letonca&#8217;d\u0131r. G\u00fcn\u00fcm\u00fczde bu dil, sadece g\u00fcney kom\u015fusu olan Litvanya ile akrabal\u0131k ili\u015fkisi vard\u0131r. Yok olan Prusya dili ile de akrabal\u0131k ba\u011f\u0131 vard\u0131r. Balt\u0131k dili ailesine ba\u011fl\u0131 olan bu dil Hint-Avrupa dillerindendir. N\u00fcfusunun yar\u0131ya yak\u0131n\u0131 Rus olan Letonya&#8217;da Rus\u00e7a da yayg\u0131n olarak kullan\u0131lmaktad\u0131r.<\/p>\n","protected":false},"excerpt":{"rendered":"<p>Letonya (Letonca: Latvija) ya da resm\u00ee ad\u0131yla Letonya Cumhuriyeti (Latvijas Republika), Kuzey Avrupa\u2019da yer alan bir \u00fclkedir. Kara s\u0131n\u0131rlar\u0131n\u0131 kuzeyde Estonya, g\u00fcneyde Litvanya; Do\u011fuda ise Rusya Federasyonu ve Belarus ile payla\u015fmaktad\u0131r. Letonya&#8217;da resmi dil Letonca&#8217;d\u0131r. G\u00fcn\u00fcm\u00fczde bu dil, sadece g\u00fcney kom\u015fusu olan Litvanya ile akrabal\u0131k ili\u015fkisi vard\u0131r. Yok olan Prusya dili ile de akrabal\u0131k ba\u011f\u0131 [&hellip;]<\/p>\n","protected":false},"author":1,"featured_media":0,"parent":682,"menu_order":0,"comment_status":"closed","ping_status":"closed","template":"dildetay.php","meta":[],"_links":{"self":[{"href":"https:\/\/btbtercume.com\/wp-json\/wp\/v2\/pages\/838"}],"collection":[{"href":"https:\/\/btbtercume.com\/wp-json\/wp\/v2\/pages"}],"about":[{"href":"https:\/\/btbtercume.com\/wp-json\/wp\/v2\/types\/page"}],"author":[{"embeddable":true,"href":"https:\/\/btbtercume.com\/wp-json\/wp\/v2\/users\/1"}],"replies":[{"embeddable":true,"href":"https:\/\/btbtercume.com\/wp-json\/wp\/v2\/comments?post=838"}],"version-history":[{"count":2,"href":"https:\/\/btbtercume.com\/wp-json\/wp\/v2\/pages\/838\/revisions"}],"predecessor-version":[{"id":1006,"href":"https:\/\/btbtercume.com\/wp-json\/wp\/v2\/pages\/838\/revisions\/1006"}],"up":[{"embeddable":true,"href":"https:\/\/btbtercume.com\/wp-json\/wp\/v2\/pages\/682"}],"wp:attachment":[{"href":"https:\/\/btbtercume.com\/wp-json\/wp\/v2\/media?parent=838"}],"curies":[{"name":"wp","href":"https:\/\/api.w.org\/{rel}","templated":true}]}}