{"id":837,"date":"2021-07-24T19:54:39","date_gmt":"2021-07-24T16:54:39","guid":{"rendered":"http:\/\/btbtercume.com\/?page_id=837"},"modified":"2021-07-25T14:29:05","modified_gmt":"2021-07-25T11:29:05","slug":"latince","status":"publish","type":"page","link":"https:\/\/btbtercume.com\/ceviri-yaptigimiz-diller\/latince\/","title":{"rendered":"Latince"},"content":{"rendered":"<p>Vatikan (Pontificio), \u0130talya&#8217;n\u0131n Roma \u015fehrinde bulunan, H\u0131ristiyanl\u0131k dininin Katolik mezhebinin y\u00f6netim merkezi olan devlet. Yerle\u015fik n\u00fcfus 930 civar\u0131ndad\u0131r. <\/p>\n<p>Latince, Hint-Avrupa dil ailesine \u00fcye antik bir dildir. Roma \u0130mparatorlu\u011fu&#8217;nun resm\u00ee dili Latince idi. Daha sonra, Orta\u00e7a\u011f&#8217;da kiliselerde Latince kullan\u0131ld\u0131. O zamanlar \u0130ncil, Latince olarak yaz\u0131l\u0131rd\u0131. Bu y\u00fczden Latince sembolik olarak Vatikanda kullan\u0131lmaktad\u0131r. \u00c7o\u011fu Avrupa dillinin k\u00f6keni Latince&#8217;dir.<\/p>\n","protected":false},"excerpt":{"rendered":"<p>Vatikan (Pontificio), \u0130talya&#8217;n\u0131n Roma \u015fehrinde bulunan, H\u0131ristiyanl\u0131k dininin Katolik mezhebinin y\u00f6netim merkezi olan devlet. Yerle\u015fik n\u00fcfus 930 civar\u0131ndad\u0131r. Latince, Hint-Avrupa dil ailesine \u00fcye antik bir dildir. Roma \u0130mparatorlu\u011fu&#8217;nun resm\u00ee dili Latince idi. Daha sonra, Orta\u00e7a\u011f&#8217;da kiliselerde Latince kullan\u0131ld\u0131. O zamanlar \u0130ncil, Latince olarak yaz\u0131l\u0131rd\u0131. Bu y\u00fczden Latince sembolik olarak Vatikanda kullan\u0131lmaktad\u0131r. \u00c7o\u011fu Avrupa dillinin k\u00f6keni [&hellip;]<\/p>\n","protected":false},"author":1,"featured_media":0,"parent":682,"menu_order":0,"comment_status":"closed","ping_status":"closed","template":"dildetay.php","meta":[],"_links":{"self":[{"href":"https:\/\/btbtercume.com\/wp-json\/wp\/v2\/pages\/837"}],"collection":[{"href":"https:\/\/btbtercume.com\/wp-json\/wp\/v2\/pages"}],"about":[{"href":"https:\/\/btbtercume.com\/wp-json\/wp\/v2\/types\/page"}],"author":[{"embeddable":true,"href":"https:\/\/btbtercume.com\/wp-json\/wp\/v2\/users\/1"}],"replies":[{"embeddable":true,"href":"https:\/\/btbtercume.com\/wp-json\/wp\/v2\/comments?post=837"}],"version-history":[{"count":2,"href":"https:\/\/btbtercume.com\/wp-json\/wp\/v2\/pages\/837\/revisions"}],"predecessor-version":[{"id":1005,"href":"https:\/\/btbtercume.com\/wp-json\/wp\/v2\/pages\/837\/revisions\/1005"}],"up":[{"embeddable":true,"href":"https:\/\/btbtercume.com\/wp-json\/wp\/v2\/pages\/682"}],"wp:attachment":[{"href":"https:\/\/btbtercume.com\/wp-json\/wp\/v2\/media?parent=837"}],"curies":[{"name":"wp","href":"https:\/\/api.w.org\/{rel}","templated":true}]}}