{"id":836,"date":"2021-07-24T19:54:35","date_gmt":"2021-07-24T16:54:35","guid":{"rendered":"http:\/\/btbtercume.com\/?page_id=836"},"modified":"2021-07-25T14:35:33","modified_gmt":"2021-07-25T11:35:33","slug":"laosca","status":"publish","type":"page","link":"https:\/\/btbtercume.com\/ceviri-yaptigimiz-diller\/laosca\/","title":{"rendered":"Laosca"},"content":{"rendered":"<p>Laos, G\u00fcneydo\u011fu Asya&#8217;da, Tayland&#8217;\u0131n kuzeydo\u011fusunda, Vietnam&#8217;\u0131n bat\u0131s\u0131nda yer al\u0131r.<\/p>\n<p>Laoca, Kadai dil ailesine ait bir tonlu dildir. Laos&#8217;un resm\u00ee dilidir, ve Tayland&#8217;\u0131n kuzeydo\u011fusunda da konu\u015fulur (ancak orada \u0130san dili olarak bilinir). Laos&#8217;taki her dili gibi Laoca, abugida yaz\u0131 sistemi ile yaz\u0131l\u0131r.<\/p>\n","protected":false},"excerpt":{"rendered":"<p>Laos, G\u00fcneydo\u011fu Asya&#8217;da, Tayland&#8217;\u0131n kuzeydo\u011fusunda, Vietnam&#8217;\u0131n bat\u0131s\u0131nda yer al\u0131r. Laoca, Kadai dil ailesine ait bir tonlu dildir. Laos&#8217;un resm\u00ee dilidir, ve Tayland&#8217;\u0131n kuzeydo\u011fusunda da konu\u015fulur (ancak orada \u0130san dili olarak bilinir). Laos&#8217;taki her dili gibi Laoca, abugida yaz\u0131 sistemi ile yaz\u0131l\u0131r.<\/p>\n","protected":false},"author":1,"featured_media":0,"parent":682,"menu_order":0,"comment_status":"closed","ping_status":"closed","template":"dildetay.php","meta":[],"_links":{"self":[{"href":"https:\/\/btbtercume.com\/wp-json\/wp\/v2\/pages\/836"}],"collection":[{"href":"https:\/\/btbtercume.com\/wp-json\/wp\/v2\/pages"}],"about":[{"href":"https:\/\/btbtercume.com\/wp-json\/wp\/v2\/types\/page"}],"author":[{"embeddable":true,"href":"https:\/\/btbtercume.com\/wp-json\/wp\/v2\/users\/1"}],"replies":[{"embeddable":true,"href":"https:\/\/btbtercume.com\/wp-json\/wp\/v2\/comments?post=836"}],"version-history":[{"count":2,"href":"https:\/\/btbtercume.com\/wp-json\/wp\/v2\/pages\/836\/revisions"}],"predecessor-version":[{"id":1030,"href":"https:\/\/btbtercume.com\/wp-json\/wp\/v2\/pages\/836\/revisions\/1030"}],"up":[{"embeddable":true,"href":"https:\/\/btbtercume.com\/wp-json\/wp\/v2\/pages\/682"}],"wp:attachment":[{"href":"https:\/\/btbtercume.com\/wp-json\/wp\/v2\/media?parent=836"}],"curies":[{"name":"wp","href":"https:\/\/api.w.org\/{rel}","templated":true}]}}