{"id":835,"date":"2021-07-24T19:54:14","date_gmt":"2021-07-24T16:54:14","guid":{"rendered":"http:\/\/btbtercume.com\/?page_id=835"},"modified":"2021-07-25T14:28:57","modified_gmt":"2021-07-25T11:28:57","slug":"korece","status":"publish","type":"page","link":"https:\/\/btbtercume.com\/ceviri-yaptigimiz-diller\/korece\/","title":{"rendered":"Korece"},"content":{"rendered":"<p>Korece, Kore yar\u0131m adas\u0131nda ve kom\u015fu Yanbian \u00f6zerk b\u00f6lgesinde (\u00c7in) yayg\u0131n olarak kullan\u0131lan bir dildir ve hem Kuzey Kore hem de G\u00fcney Kore&#8217;nin resmi dilidir.<\/p>\n<p>D\u00fcnyada, eski SSCB, Avustralya, ABD, Kanada, Brezilya, Japonya ve Filipinlerdeki g\u00f6\u00e7men kom\u00fcnitelerle birlikte toplam 78 milyon Koreli vard\u0131r. Korece ve Korelilik \u00f6zde\u015fle\u015fmi\u015ftir.<\/p>\n<p>Korece&#8217;nin k\u00f6keni uzun s\u00fcre belirlenememi\u015fti ve uzmanlar Altay Dillerine ba\u011fl\u0131 oldu\u011funu d\u00fc\u015f\u00fcn\u00fcyorlard\u0131. Yak\u0131n zamanda bu kan\u0131tland\u0131. Ancak hangi kola ba\u011fl\u0131 oldu\u011fu hala belirlenemedi.<\/p>\n","protected":false},"excerpt":{"rendered":"<p>Korece, Kore yar\u0131m adas\u0131nda ve kom\u015fu Yanbian \u00f6zerk b\u00f6lgesinde (\u00c7in) yayg\u0131n olarak kullan\u0131lan bir dildir ve hem Kuzey Kore hem de G\u00fcney Kore&#8217;nin resmi dilidir. D\u00fcnyada, eski SSCB, Avustralya, ABD, Kanada, Brezilya, Japonya ve Filipinlerdeki g\u00f6\u00e7men kom\u00fcnitelerle birlikte toplam 78 milyon Koreli vard\u0131r. Korece ve Korelilik \u00f6zde\u015fle\u015fmi\u015ftir. Korece&#8217;nin k\u00f6keni uzun s\u00fcre belirlenememi\u015fti ve uzmanlar Altay [&hellip;]<\/p>\n","protected":false},"author":1,"featured_media":0,"parent":682,"menu_order":0,"comment_status":"closed","ping_status":"closed","template":"dildetay.php","meta":[],"_links":{"self":[{"href":"https:\/\/btbtercume.com\/wp-json\/wp\/v2\/pages\/835"}],"collection":[{"href":"https:\/\/btbtercume.com\/wp-json\/wp\/v2\/pages"}],"about":[{"href":"https:\/\/btbtercume.com\/wp-json\/wp\/v2\/types\/page"}],"author":[{"embeddable":true,"href":"https:\/\/btbtercume.com\/wp-json\/wp\/v2\/users\/1"}],"replies":[{"embeddable":true,"href":"https:\/\/btbtercume.com\/wp-json\/wp\/v2\/comments?post=835"}],"version-history":[{"count":2,"href":"https:\/\/btbtercume.com\/wp-json\/wp\/v2\/pages\/835\/revisions"}],"predecessor-version":[{"id":1004,"href":"https:\/\/btbtercume.com\/wp-json\/wp\/v2\/pages\/835\/revisions\/1004"}],"up":[{"embeddable":true,"href":"https:\/\/btbtercume.com\/wp-json\/wp\/v2\/pages\/682"}],"wp:attachment":[{"href":"https:\/\/btbtercume.com\/wp-json\/wp\/v2\/media?parent=835"}],"curies":[{"name":"wp","href":"https:\/\/api.w.org\/{rel}","templated":true}]}}