{"id":829,"date":"2021-07-24T19:53:44","date_gmt":"2021-07-24T16:53:44","guid":{"rendered":"http:\/\/btbtercume.com\/?page_id=829"},"modified":"2021-07-25T14:38:08","modified_gmt":"2021-07-25T11:38:08","slug":"japonca","status":"publish","type":"page","link":"https:\/\/btbtercume.com\/ceviri-yaptigimiz-diller\/japonca\/","title":{"rendered":"Japonca"},"content":{"rendered":"<p>Japonca, 130 milyonun \u00fczerindeki Japonya&#8217;daki insanlar ve Japon g\u00f6\u00e7men topluluklar\u0131 taraf\u0131ndan konu\u015fulan bir dildir. Ryukyuca ile ili\u015fkilidir ancak di\u011fer dillerle herhangi bir akrabal\u0131\u011f\u0131 kan\u0131ts\u0131z kalm\u0131\u015ft\u0131r. Biti\u015fken bir dildir; fiil bi\u00e7imleri ve konu\u015fan\u0131n, dinleyicinin ba\u011f\u0131l stat\u00fcs\u00fcn\u00fc ve konu\u015fmada bahsedilen ki\u015finin orada bulunup bulunmad\u0131\u011f\u0131n\u0131 belirten \u00f6zel s\u00f6zc\u00fck kadrosuyla Japon toplumunun hiyerar\u015fik do\u011fas\u0131n\u0131 yans\u0131tan karma\u015f\u0131k bir sayg\u0131 ifadesi sistemi ile sivrilir. Japoncan\u0131n ses envanteri nispeten k\u00fc\u00e7\u00fckt\u00fcr ve s\u00f6zc\u00fcksel olarak tonlamal\u0131 vurgu sistemi vard\u0131r. Ayr\u0131ca Japonca hecelerin sonunda -n \u00fcns\u00fcz\u00fc d\u0131\u015f\u0131nda bir \u00fcns\u00fcz bulunmaz.<\/p>\n","protected":false},"excerpt":{"rendered":"<p>Japonca, 130 milyonun \u00fczerindeki Japonya&#8217;daki insanlar ve Japon g\u00f6\u00e7men topluluklar\u0131 taraf\u0131ndan konu\u015fulan bir dildir. Ryukyuca ile ili\u015fkilidir ancak di\u011fer dillerle herhangi bir akrabal\u0131\u011f\u0131 kan\u0131ts\u0131z kalm\u0131\u015ft\u0131r. Biti\u015fken bir dildir; fiil bi\u00e7imleri ve konu\u015fan\u0131n, dinleyicinin ba\u011f\u0131l stat\u00fcs\u00fcn\u00fc ve konu\u015fmada bahsedilen ki\u015finin orada bulunup bulunmad\u0131\u011f\u0131n\u0131 belirten \u00f6zel s\u00f6zc\u00fck kadrosuyla Japon toplumunun hiyerar\u015fik do\u011fas\u0131n\u0131 yans\u0131tan karma\u015f\u0131k bir sayg\u0131 ifadesi [&hellip;]<\/p>\n","protected":false},"author":1,"featured_media":0,"parent":682,"menu_order":0,"comment_status":"closed","ping_status":"closed","template":"dildetay.php","meta":[],"_links":{"self":[{"href":"https:\/\/btbtercume.com\/wp-json\/wp\/v2\/pages\/829"}],"collection":[{"href":"https:\/\/btbtercume.com\/wp-json\/wp\/v2\/pages"}],"about":[{"href":"https:\/\/btbtercume.com\/wp-json\/wp\/v2\/types\/page"}],"author":[{"embeddable":true,"href":"https:\/\/btbtercume.com\/wp-json\/wp\/v2\/users\/1"}],"replies":[{"embeddable":true,"href":"https:\/\/btbtercume.com\/wp-json\/wp\/v2\/comments?post=829"}],"version-history":[{"count":2,"href":"https:\/\/btbtercume.com\/wp-json\/wp\/v2\/pages\/829\/revisions"}],"predecessor-version":[{"id":1040,"href":"https:\/\/btbtercume.com\/wp-json\/wp\/v2\/pages\/829\/revisions\/1040"}],"up":[{"embeddable":true,"href":"https:\/\/btbtercume.com\/wp-json\/wp\/v2\/pages\/682"}],"wp:attachment":[{"href":"https:\/\/btbtercume.com\/wp-json\/wp\/v2\/media?parent=829"}],"curies":[{"name":"wp","href":"https:\/\/api.w.org\/{rel}","templated":true}]}}