{"id":828,"date":"2021-07-24T19:53:40","date_gmt":"2021-07-24T16:53:40","guid":{"rendered":"http:\/\/btbtercume.com\/?page_id=828"},"modified":"2021-07-25T14:29:53","modified_gmt":"2021-07-25T11:29:53","slug":"izlandaca","status":"publish","type":"page","link":"https:\/\/btbtercume.com\/ceviri-yaptigimiz-diller\/izlandaca\/","title":{"rendered":"\u0130zlandaca"},"content":{"rendered":"<p>\u0130zlanda ya da resm\u00ee ad\u0131yla \u0130zlanda Cumhuriyeti (\u0130zlandaca: Island), Atlas Okyanusu&#8217;nun kuzeyinde Gr\u00f6nland&#8217;\u0131n g\u00fcneydo\u011fusu ile Norve\u00e7 ve Britanya Adalar\u0131&#8217;n\u0131n aras\u0131nda yer alan bir ada ve Avrupa \u00fclkesidir.<\/p>\n<p>\u0130zlandaca (\u0130zlandaca: \u00cdslenska), Cermen dillerinden biri ve \u0130zlanda&#8217;n\u0131n resm\u00ee dilidir. \u0130zlandacaya en yak\u0131n diller, Faroe Adalar\u0131&#8217;nda konu\u015fulan Faroe dili ile Sognam\u00e5l gibi Bat\u0131 Norve\u00e7 leh\u00e7eleridir.<\/p>\n","protected":false},"excerpt":{"rendered":"<p>\u0130zlanda ya da resm\u00ee ad\u0131yla \u0130zlanda Cumhuriyeti (\u0130zlandaca: Island), Atlas Okyanusu&#8217;nun kuzeyinde Gr\u00f6nland&#8217;\u0131n g\u00fcneydo\u011fusu ile Norve\u00e7 ve Britanya Adalar\u0131&#8217;n\u0131n aras\u0131nda yer alan bir ada ve Avrupa \u00fclkesidir. \u0130zlandaca (\u0130zlandaca: \u00cdslenska), Cermen dillerinden biri ve \u0130zlanda&#8217;n\u0131n resm\u00ee dilidir. \u0130zlandacaya en yak\u0131n diller, Faroe Adalar\u0131&#8217;nda konu\u015fulan Faroe dili ile Sognam\u00e5l gibi Bat\u0131 Norve\u00e7 leh\u00e7eleridir.<\/p>\n","protected":false},"author":1,"featured_media":0,"parent":682,"menu_order":0,"comment_status":"closed","ping_status":"closed","template":"dildetay.php","meta":[],"_links":{"self":[{"href":"https:\/\/btbtercume.com\/wp-json\/wp\/v2\/pages\/828"}],"collection":[{"href":"https:\/\/btbtercume.com\/wp-json\/wp\/v2\/pages"}],"about":[{"href":"https:\/\/btbtercume.com\/wp-json\/wp\/v2\/types\/page"}],"author":[{"embeddable":true,"href":"https:\/\/btbtercume.com\/wp-json\/wp\/v2\/users\/1"}],"replies":[{"embeddable":true,"href":"https:\/\/btbtercume.com\/wp-json\/wp\/v2\/comments?post=828"}],"version-history":[{"count":2,"href":"https:\/\/btbtercume.com\/wp-json\/wp\/v2\/pages\/828\/revisions"}],"predecessor-version":[{"id":1011,"href":"https:\/\/btbtercume.com\/wp-json\/wp\/v2\/pages\/828\/revisions\/1011"}],"up":[{"embeddable":true,"href":"https:\/\/btbtercume.com\/wp-json\/wp\/v2\/pages\/682"}],"wp:attachment":[{"href":"https:\/\/btbtercume.com\/wp-json\/wp\/v2\/media?parent=828"}],"curies":[{"name":"wp","href":"https:\/\/api.w.org\/{rel}","templated":true}]}}