{"id":827,"date":"2021-07-24T19:53:35","date_gmt":"2021-07-24T16:53:35","guid":{"rendered":"http:\/\/btbtercume.com\/?page_id=827"},"modified":"2021-07-25T14:39:25","modified_gmt":"2021-07-25T11:39:25","slug":"italyanca","status":"publish","type":"page","link":"https:\/\/btbtercume.com\/ceviri-yaptigimiz-diller\/italyanca\/","title":{"rendered":"\u0130talyanca"},"content":{"rendered":"<p>\u0130talyanca, \u00e7o\u011funlu\u011fu \u0130talya ve \u0130svi\u00e7re\u2019nin g\u00fcneyindeki Ticino kantonunda ya\u015fayan 60 milyon ki\u015fi taraf\u0131ndan konu\u015fulan bir dildir. \u0130talyan as\u0131ll\u0131 g\u00f6\u00e7menlerce Amerika Birle\u015fik Devletleri\u2019nde, Arjantin\u2019de, Brezilya\u2019da, Kanada\u2019da ve Avustralya\u2019da da s\u0131k\u00e7a konu\u015fulur. Hint-Avrupa dil ailesinin Roman Dilleri kolundad\u0131r.<\/p>\n","protected":false},"excerpt":{"rendered":"<p>\u0130talyanca, \u00e7o\u011funlu\u011fu \u0130talya ve \u0130svi\u00e7re\u2019nin g\u00fcneyindeki Ticino kantonunda ya\u015fayan 60 milyon ki\u015fi taraf\u0131ndan konu\u015fulan bir dildir. \u0130talyan as\u0131ll\u0131 g\u00f6\u00e7menlerce Amerika Birle\u015fik Devletleri\u2019nde, Arjantin\u2019de, Brezilya\u2019da, Kanada\u2019da ve Avustralya\u2019da da s\u0131k\u00e7a konu\u015fulur. Hint-Avrupa dil ailesinin Roman Dilleri kolundad\u0131r.<\/p>\n","protected":false},"author":1,"featured_media":0,"parent":682,"menu_order":0,"comment_status":"closed","ping_status":"closed","template":"dildetay.php","meta":[],"_links":{"self":[{"href":"https:\/\/btbtercume.com\/wp-json\/wp\/v2\/pages\/827"}],"collection":[{"href":"https:\/\/btbtercume.com\/wp-json\/wp\/v2\/pages"}],"about":[{"href":"https:\/\/btbtercume.com\/wp-json\/wp\/v2\/types\/page"}],"author":[{"embeddable":true,"href":"https:\/\/btbtercume.com\/wp-json\/wp\/v2\/users\/1"}],"replies":[{"embeddable":true,"href":"https:\/\/btbtercume.com\/wp-json\/wp\/v2\/comments?post=827"}],"version-history":[{"count":2,"href":"https:\/\/btbtercume.com\/wp-json\/wp\/v2\/pages\/827\/revisions"}],"predecessor-version":[{"id":1047,"href":"https:\/\/btbtercume.com\/wp-json\/wp\/v2\/pages\/827\/revisions\/1047"}],"up":[{"embeddable":true,"href":"https:\/\/btbtercume.com\/wp-json\/wp\/v2\/pages\/682"}],"wp:attachment":[{"href":"https:\/\/btbtercume.com\/wp-json\/wp\/v2\/media?parent=827"}],"curies":[{"name":"wp","href":"https:\/\/api.w.org\/{rel}","templated":true}]}}