{"id":826,"date":"2021-07-24T19:53:25","date_gmt":"2021-07-24T16:53:25","guid":{"rendered":"http:\/\/btbtercume.com\/?page_id=826"},"modified":"2021-07-25T14:37:34","modified_gmt":"2021-07-25T11:37:34","slug":"ispanyolca","status":"publish","type":"page","link":"https:\/\/btbtercume.com\/ceviri-yaptigimiz-diller\/ispanyolca\/","title":{"rendered":"\u0130spanyolca"},"content":{"rendered":"<p>Hint dil ailesinden olan \u0130spanyolca d\u00fcnya \u00fczerinde yayg\u0131n olarak kullan\u0131lan dillerden bir tanesidir. Hatta \u0130spanyolca t\u00fcm d\u00fcnyada en \u00e7ok konu\u015fulan \u00fc\u00e7\u00fcnc\u00fc dil konumundad\u0131r. Yap\u0131lan ara\u015ft\u0131rmalar d\u00fcnyada yakla\u015f\u0131k olarak be\u015f y\u00fcz milyondan fazla ki\u015finin \u0130spanyolca konu\u015ftu\u011funu g\u00f6stermektedir. D\u00fcnyan\u0131n en \u00f6nemli \u00fclkelerinden bir tanesi olan \u0130spanya\u2019n\u0131n ana dili olan \u0130spanyolca ba\u015fta Uruguay, Peru ve \u015eili olmak \u00fczere pek \u00e7ok \u00fclkede milyonlarca ki\u015fi taraf\u0131ndan kullan\u0131l\u0131yor. D\u00fcnyada pek \u00e7ok \u00fclke taraf\u0131ndan kullan\u0131lan \u0130spanyolcan\u0131n bu kadar geni\u015f bir alana yay\u0131lmas\u0131 \u0130spanyolca terc\u00fcmeye ihtiya\u00e7 duyulmas\u0131n\u0131 sa\u011flam\u0131\u015ft\u0131r. \u00dclkemizin de son zamanlarda \u0130spanya aras\u0131ndaki ili\u015fkilerinin artmas\u0131 T\u00fcrkiye\u2019de de \u0130spanyolca terc\u00fcme hizmetlerinin \u00f6nemini artt\u0131rm\u0131\u015ft\u0131r. Siyasi ili\u015fkilerde, uluslararas\u0131 firmalar taraf\u0131ndan yap\u0131lan anla\u015fmalarda ve bunun gibi bir\u00e7ok konuda profesyonel bir \u015fekilde yap\u0131lm\u0131\u015f olan \u0130spanyolca \u00e7evirilere ihtiya\u00e7 duyulur. Milyonlarca ki\u015fi taraf\u0131ndan konu\u015fulan bir dille ilgili terc\u00fcme s\u00f6z konusu oldu\u011funda mutlaka deneyim sahibi olan ki\u015filer taraf\u0131ndan terc\u00fcme hizmetlerinin yap\u0131lmas\u0131 gerekti\u011fini s\u00f6yleyebiliriz. \u00c7\u00fcnk\u00fc \u00f6\u011frenmesi olduk\u00e7a zor dillerden bir tanesi olan \u0130spanyolca metinlerle ilgili \u00e7eviri hizmetlerinde yap\u0131lan hatal\u0131 bir ka\u00e7 \u00e7eviri bile taraflar aras\u0131nda yanl\u0131\u015f anla\u015f\u0131lmalara neden olabilir ve ciddi sorunlar\u0131n ortaya \u00e7\u0131kmas\u0131n\u0131 sa\u011flayabilir. G\u00fcn\u00fcm\u00fczde bu konuda hizmet veren \u00e7ok say\u0131da profesyonel firma bulunuyor. Bu firmalar kendilerine gelen talepleri \u0130spanyolca terc\u00fcme avantajlar\u0131yla \u00e7eviriyor ve m\u00fc\u015fterilerine veriyor. Ancak burada dikkat edilmesi gereken \u015fey \u00e7eviri hizmeti al\u0131nacak olan ki\u015filere ya da firmalara do\u011fru karar vermek gerekti\u011fidir. \u00c7\u00fcnk\u00fc bir\u00e7ok \u00e7eviri t\u00fcr\u00fcnde oldu\u011fu gibi \u0130spanyolca terc\u00fcme konusunda da dil hakk\u0131nda bilgi sahibi olmak \u00e7ok \u00f6nemlidir. \u00c7eviriyi yapacak olan terc\u00fcmanlar\u0131n mutlaka \u00e7eviri yapacaklar\u0131 dilde bilgilerinin olmas\u0131 gerekir. Ancak bu \u015fekilde sorunsuz ve hatas\u0131z bir \u00e7eviri m\u00fcmk\u00fcn olabilir.<\/p>\n","protected":false},"excerpt":{"rendered":"<p>Hint dil ailesinden olan \u0130spanyolca d\u00fcnya \u00fczerinde yayg\u0131n olarak kullan\u0131lan dillerden bir tanesidir. Hatta \u0130spanyolca t\u00fcm d\u00fcnyada en \u00e7ok konu\u015fulan \u00fc\u00e7\u00fcnc\u00fc dil konumundad\u0131r. Yap\u0131lan ara\u015ft\u0131rmalar d\u00fcnyada yakla\u015f\u0131k olarak be\u015f y\u00fcz milyondan fazla ki\u015finin \u0130spanyolca konu\u015ftu\u011funu g\u00f6stermektedir. D\u00fcnyan\u0131n en \u00f6nemli \u00fclkelerinden bir tanesi olan \u0130spanya\u2019n\u0131n ana dili olan \u0130spanyolca ba\u015fta Uruguay, Peru ve \u015eili olmak \u00fczere [&hellip;]<\/p>\n","protected":false},"author":1,"featured_media":0,"parent":682,"menu_order":0,"comment_status":"closed","ping_status":"closed","template":"dildetay.php","meta":[],"_links":{"self":[{"href":"https:\/\/btbtercume.com\/wp-json\/wp\/v2\/pages\/826"}],"collection":[{"href":"https:\/\/btbtercume.com\/wp-json\/wp\/v2\/pages"}],"about":[{"href":"https:\/\/btbtercume.com\/wp-json\/wp\/v2\/types\/page"}],"author":[{"embeddable":true,"href":"https:\/\/btbtercume.com\/wp-json\/wp\/v2\/users\/1"}],"replies":[{"embeddable":true,"href":"https:\/\/btbtercume.com\/wp-json\/wp\/v2\/comments?post=826"}],"version-history":[{"count":2,"href":"https:\/\/btbtercume.com\/wp-json\/wp\/v2\/pages\/826\/revisions"}],"predecessor-version":[{"id":1038,"href":"https:\/\/btbtercume.com\/wp-json\/wp\/v2\/pages\/826\/revisions\/1038"}],"up":[{"embeddable":true,"href":"https:\/\/btbtercume.com\/wp-json\/wp\/v2\/pages\/682"}],"wp:attachment":[{"href":"https:\/\/btbtercume.com\/wp-json\/wp\/v2\/media?parent=826"}],"curies":[{"name":"wp","href":"https:\/\/api.w.org\/{rel}","templated":true}]}}