{"id":824,"date":"2021-07-24T19:53:20","date_gmt":"2021-07-24T16:53:20","guid":{"rendered":"http:\/\/btbtercume.com\/?page_id=824"},"modified":"2021-07-25T14:24:55","modified_gmt":"2021-07-25T11:24:55","slug":"irlandaca","status":"publish","type":"page","link":"https:\/\/btbtercume.com\/ceviri-yaptigimiz-diller\/irlandaca\/","title":{"rendered":"\u0130rlandaca"},"content":{"rendered":"<p>\u0130rlanda Cumhuriyeti (\u0130ngilizce: Republic of Ireland, \u0130rlandaca: \u00c9ire), Atlas Okyanusu&#8217;nda B\u00fcy\u00fck Britanya Adas\u0131&#8217;n\u0131n bat\u0131s\u0131ndaki \u0130rlanda Adas\u0131&#8217;n\u0131n g\u00fcneyinde kurulu, Avrupa Birli\u011fi \u00fcyesi bir \u00fclke. \u0130rlanda, 1973&#8217;ten beri AB \u00fcyesidir.<\/p>\n<p>\u0130rlandaca ve \u0130ngilizce olmak \u00fczere iki resm\u00ee dili vard\u0131r. \u0130ngiltere\u2019nin dominyonu oldu\u011fu i\u00e7in \u0130ngilizceyi konu\u015fanlar \u00e7o\u011funluktad\u0131r. \u0130rlandaca b\u00fct\u00fcn okullarda mecb\u00fbr\u00eedir. \u0130ngilizce Seviyeleri&#8217;de \u0130rlandaca\u2019ya nazaran olduk\u00e7a iyidir. \u0130rlandaca\u2019n\u0131n resmi ad\u0131 Galce&#8217;dir.<\/p>\n","protected":false},"excerpt":{"rendered":"<p>\u0130rlanda Cumhuriyeti (\u0130ngilizce: Republic of Ireland, \u0130rlandaca: \u00c9ire), Atlas Okyanusu&#8217;nda B\u00fcy\u00fck Britanya Adas\u0131&#8217;n\u0131n bat\u0131s\u0131ndaki \u0130rlanda Adas\u0131&#8217;n\u0131n g\u00fcneyinde kurulu, Avrupa Birli\u011fi \u00fcyesi bir \u00fclke. \u0130rlanda, 1973&#8217;ten beri AB \u00fcyesidir. \u0130rlandaca ve \u0130ngilizce olmak \u00fczere iki resm\u00ee dili vard\u0131r. \u0130ngiltere\u2019nin dominyonu oldu\u011fu i\u00e7in \u0130ngilizceyi konu\u015fanlar \u00e7o\u011funluktad\u0131r. \u0130rlandaca b\u00fct\u00fcn okullarda mecb\u00fbr\u00eedir. \u0130ngilizce Seviyeleri&#8217;de \u0130rlandaca\u2019ya nazaran olduk\u00e7a iyidir. \u0130rlandaca\u2019n\u0131n [&hellip;]<\/p>\n","protected":false},"author":1,"featured_media":0,"parent":682,"menu_order":0,"comment_status":"closed","ping_status":"closed","template":"dildetay.php","meta":[],"_links":{"self":[{"href":"https:\/\/btbtercume.com\/wp-json\/wp\/v2\/pages\/824"}],"collection":[{"href":"https:\/\/btbtercume.com\/wp-json\/wp\/v2\/pages"}],"about":[{"href":"https:\/\/btbtercume.com\/wp-json\/wp\/v2\/types\/page"}],"author":[{"embeddable":true,"href":"https:\/\/btbtercume.com\/wp-json\/wp\/v2\/users\/1"}],"replies":[{"embeddable":true,"href":"https:\/\/btbtercume.com\/wp-json\/wp\/v2\/comments?post=824"}],"version-history":[{"count":2,"href":"https:\/\/btbtercume.com\/wp-json\/wp\/v2\/pages\/824\/revisions"}],"predecessor-version":[{"id":987,"href":"https:\/\/btbtercume.com\/wp-json\/wp\/v2\/pages\/824\/revisions\/987"}],"up":[{"embeddable":true,"href":"https:\/\/btbtercume.com\/wp-json\/wp\/v2\/pages\/682"}],"wp:attachment":[{"href":"https:\/\/btbtercume.com\/wp-json\/wp\/v2\/media?parent=824"}],"curies":[{"name":"wp","href":"https:\/\/api.w.org\/{rel}","templated":true}]}}