{"id":822,"date":"2021-07-24T19:53:10","date_gmt":"2021-07-24T16:53:10","guid":{"rendered":"http:\/\/btbtercume.com\/?page_id=822"},"modified":"2021-07-25T14:37:11","modified_gmt":"2021-07-25T11:37:11","slug":"ibranice","status":"publish","type":"page","link":"https:\/\/btbtercume.com\/ceviri-yaptigimiz-diller\/ibranice\/","title":{"rendered":"\u0130branice"},"content":{"rendered":"<p>Afro-Asyatik dillere ba\u011fl\u0131, Kuzey Bat\u0131 Sami (Semitik) Dil Grubunun Ken&#8217;an koluna ba\u011fl\u0131 olan \u0130branice 7 milyon ki\u015fi taraf\u0131ndan konu\u015fulan bir dildir. 22 harflik \u0130brani Alfabesi ile sa\u011fdan sola do\u011fru yaz\u0131l\u0131r. \u0130srail ve ABD ba\u015fta olmak \u00fczere Avustralya, Kanada, Almanya, Filistin, Panama ve \u0130ngiltere&#8217;de konu\u015fulur. Bunun d\u0131\u015f\u0131nda Bat\u0131 \u015eeria&#8217;da Yahudi olmayan bir az\u0131nl\u0131k ve d\u00fcnyan\u0131n bir\u00e7ok yerindeki Yahudi az\u0131nl\u0131klarca da yerel dilin yan\u0131nda Ladino, Yidi\u015f veya Aramice ile beraber dini lisan olarak konu\u015fulur. D\u00fcnyada sadece \u0130srail&#8217;in resmi dilidir.<\/p>\n","protected":false},"excerpt":{"rendered":"<p>Afro-Asyatik dillere ba\u011fl\u0131, Kuzey Bat\u0131 Sami (Semitik) Dil Grubunun Ken&#8217;an koluna ba\u011fl\u0131 olan \u0130branice 7 milyon ki\u015fi taraf\u0131ndan konu\u015fulan bir dildir. 22 harflik \u0130brani Alfabesi ile sa\u011fdan sola do\u011fru yaz\u0131l\u0131r. \u0130srail ve ABD ba\u015fta olmak \u00fczere Avustralya, Kanada, Almanya, Filistin, Panama ve \u0130ngiltere&#8217;de konu\u015fulur. Bunun d\u0131\u015f\u0131nda Bat\u0131 \u015eeria&#8217;da Yahudi olmayan bir az\u0131nl\u0131k ve d\u00fcnyan\u0131n bir\u00e7ok [&hellip;]<\/p>\n","protected":false},"author":1,"featured_media":0,"parent":682,"menu_order":0,"comment_status":"closed","ping_status":"closed","template":"dildetay.php","meta":[],"_links":{"self":[{"href":"https:\/\/btbtercume.com\/wp-json\/wp\/v2\/pages\/822"}],"collection":[{"href":"https:\/\/btbtercume.com\/wp-json\/wp\/v2\/pages"}],"about":[{"href":"https:\/\/btbtercume.com\/wp-json\/wp\/v2\/types\/page"}],"author":[{"embeddable":true,"href":"https:\/\/btbtercume.com\/wp-json\/wp\/v2\/users\/1"}],"replies":[{"embeddable":true,"href":"https:\/\/btbtercume.com\/wp-json\/wp\/v2\/comments?post=822"}],"version-history":[{"count":2,"href":"https:\/\/btbtercume.com\/wp-json\/wp\/v2\/pages\/822\/revisions"}],"predecessor-version":[{"id":1037,"href":"https:\/\/btbtercume.com\/wp-json\/wp\/v2\/pages\/822\/revisions\/1037"}],"up":[{"embeddable":true,"href":"https:\/\/btbtercume.com\/wp-json\/wp\/v2\/pages\/682"}],"wp:attachment":[{"href":"https:\/\/btbtercume.com\/wp-json\/wp\/v2\/media?parent=822"}],"curies":[{"name":"wp","href":"https:\/\/api.w.org\/{rel}","templated":true}]}}