{"id":820,"date":"2021-07-24T19:52:46","date_gmt":"2021-07-24T16:52:46","guid":{"rendered":"http:\/\/btbtercume.com\/?page_id=820"},"modified":"2021-07-25T14:31:17","modified_gmt":"2021-07-25T11:31:17","slug":"hintce","status":"publish","type":"page","link":"https:\/\/btbtercume.com\/ceviri-yaptigimiz-diller\/hintce\/","title":{"rendered":"Hint\u00e7e"},"content":{"rendered":"<p>Hindistan, ya da resm\u00ee ad\u0131yla Hindistan Cumhuriyeti, G\u00fcney Asya&#8217;da bulunan bir \u00fclkedir. D\u00fcnyan\u0131n en b\u00fcy\u00fck yedinci co\u011fraf\u00ee alan\u0131 ve en b\u00fcy\u00fck ikinci n\u00fcfusuna sahip olan \u00fclkedir, ve d\u00fcnyan\u0131n en b\u00fcy\u00fck demokrasisidir. <\/p>\n<p>Hint\u00e7e bir Hint dilidir. Genellikle Hindistan&#8217;\u0131n kuzey, merkez ve bat\u0131s\u0131nda konu\u015fulan bu dil, Hint-Avrupa dil ailesine ait bir dildir. \u0130ngilizce&#8217;nin ve 22 di\u011fer yerel dilin yan\u0131 s\u0131ra, Hindistan&#8217;\u0131n ana dilidir. Hindistan&#8217;da Devanagari yaz\u0131 sistemini; Pakistan&#8217;da ise Arap alfabesini kullanmaktad\u0131r.<\/p>\n","protected":false},"excerpt":{"rendered":"<p>Hindistan, ya da resm\u00ee ad\u0131yla Hindistan Cumhuriyeti, G\u00fcney Asya&#8217;da bulunan bir \u00fclkedir. D\u00fcnyan\u0131n en b\u00fcy\u00fck yedinci co\u011fraf\u00ee alan\u0131 ve en b\u00fcy\u00fck ikinci n\u00fcfusuna sahip olan \u00fclkedir, ve d\u00fcnyan\u0131n en b\u00fcy\u00fck demokrasisidir. Hint\u00e7e bir Hint dilidir. Genellikle Hindistan&#8217;\u0131n kuzey, merkez ve bat\u0131s\u0131nda konu\u015fulan bu dil, Hint-Avrupa dil ailesine ait bir dildir. \u0130ngilizce&#8217;nin ve 22 di\u011fer yerel [&hellip;]<\/p>\n","protected":false},"author":1,"featured_media":0,"parent":682,"menu_order":0,"comment_status":"closed","ping_status":"closed","template":"dildetay.php","meta":[],"_links":{"self":[{"href":"https:\/\/btbtercume.com\/wp-json\/wp\/v2\/pages\/820"}],"collection":[{"href":"https:\/\/btbtercume.com\/wp-json\/wp\/v2\/pages"}],"about":[{"href":"https:\/\/btbtercume.com\/wp-json\/wp\/v2\/types\/page"}],"author":[{"embeddable":true,"href":"https:\/\/btbtercume.com\/wp-json\/wp\/v2\/users\/1"}],"replies":[{"embeddable":true,"href":"https:\/\/btbtercume.com\/wp-json\/wp\/v2\/comments?post=820"}],"version-history":[{"count":2,"href":"https:\/\/btbtercume.com\/wp-json\/wp\/v2\/pages\/820\/revisions"}],"predecessor-version":[{"id":1016,"href":"https:\/\/btbtercume.com\/wp-json\/wp\/v2\/pages\/820\/revisions\/1016"}],"up":[{"embeddable":true,"href":"https:\/\/btbtercume.com\/wp-json\/wp\/v2\/pages\/682"}],"wp:attachment":[{"href":"https:\/\/btbtercume.com\/wp-json\/wp\/v2\/media?parent=820"}],"curies":[{"name":"wp","href":"https:\/\/api.w.org\/{rel}","templated":true}]}}