{"id":813,"date":"2021-07-24T19:52:14","date_gmt":"2021-07-24T16:52:14","guid":{"rendered":"http:\/\/btbtercume.com\/?page_id=813"},"modified":"2021-07-25T14:21:54","modified_gmt":"2021-07-25T11:21:54","slug":"gronlandca","status":"publish","type":"page","link":"https:\/\/btbtercume.com\/ceviri-yaptigimiz-diller\/gronlandca\/","title":{"rendered":"Gr\u00f6nlandca"},"content":{"rendered":"<p>Gr\u00f6nland Adas\u0131, adan\u0131n yerli halk\u0131 Kalaallit dilinde: Kalaallit Nunaat, anlam\u0131 &#8220;Kalaallit&#8217;lerin \u00fclkesi&#8221; demektir. Ayr\u0131ca, Danca olarak bak\u0131ld\u0131\u011f\u0131nda ise Gr\u00f8nland s\u00f6zc\u00fc\u011f\u00fc ise, &#8220;Ye\u015fil \u00dclke&#8221; anlam\u0131na gelmektedir.<\/p>\n","protected":false},"excerpt":{"rendered":"<p>Gr\u00f6nland Adas\u0131, adan\u0131n yerli halk\u0131 Kalaallit dilinde: Kalaallit Nunaat, anlam\u0131 &#8220;Kalaallit&#8217;lerin \u00fclkesi&#8221; demektir. Ayr\u0131ca, Danca olarak bak\u0131ld\u0131\u011f\u0131nda ise Gr\u00f8nland s\u00f6zc\u00fc\u011f\u00fc ise, &#8220;Ye\u015fil \u00dclke&#8221; anlam\u0131na gelmektedir.<\/p>\n","protected":false},"author":1,"featured_media":0,"parent":682,"menu_order":0,"comment_status":"closed","ping_status":"closed","template":"dildetay.php","meta":[],"_links":{"self":[{"href":"https:\/\/btbtercume.com\/wp-json\/wp\/v2\/pages\/813"}],"collection":[{"href":"https:\/\/btbtercume.com\/wp-json\/wp\/v2\/pages"}],"about":[{"href":"https:\/\/btbtercume.com\/wp-json\/wp\/v2\/types\/page"}],"author":[{"embeddable":true,"href":"https:\/\/btbtercume.com\/wp-json\/wp\/v2\/users\/1"}],"replies":[{"embeddable":true,"href":"https:\/\/btbtercume.com\/wp-json\/wp\/v2\/comments?post=813"}],"version-history":[{"count":3,"href":"https:\/\/btbtercume.com\/wp-json\/wp\/v2\/pages\/813\/revisions"}],"predecessor-version":[{"id":978,"href":"https:\/\/btbtercume.com\/wp-json\/wp\/v2\/pages\/813\/revisions\/978"}],"up":[{"embeddable":true,"href":"https:\/\/btbtercume.com\/wp-json\/wp\/v2\/pages\/682"}],"wp:attachment":[{"href":"https:\/\/btbtercume.com\/wp-json\/wp\/v2\/media?parent=813"}],"curies":[{"name":"wp","href":"https:\/\/api.w.org\/{rel}","templated":true}]}}