{"id":810,"date":"2021-07-24T19:52:02","date_gmt":"2021-07-24T16:52:02","guid":{"rendered":"http:\/\/btbtercume.com\/?page_id=810"},"modified":"2021-07-25T14:39:54","modified_gmt":"2021-07-25T11:39:54","slug":"fransizca","status":"publish","type":"page","link":"https:\/\/btbtercume.com\/ceviri-yaptigimiz-diller\/fransizca\/","title":{"rendered":"Frans\u0131zca"},"content":{"rendered":"<p>Frans\u0131zca (fran\u00e7ais), Hint-Avrupa dillerinden, Fransa ve Frans\u0131z uygarl\u0131\u011f\u0131n\u0131 benimsemi\u015f ve eski Frans\u0131z s\u00f6m\u00fcrgesi \u00fclkelerde kullan\u0131lan dildir<\/p>\n<p>D\u00fcnya&#8217;da yakla\u015f\u0131k olarak 200 milyon insan Frans\u0131zca bilmektedir. 128 milyon insan Frans\u0131zca&#8217;y\u0131 anadili veya ikinci dili olarak konu\u015furken, 54 \u00fclkede 72 milyon insan taraf\u0131ndan da bilinmekte ve konu\u015fulmaktad\u0131r. Ba\u015fta Fransa olmak \u00fczere Kanada, Bel\u00e7ika, \u0130svi\u00e7re, Afrika, L\u00fcksemburg ve Monako&#8217;da konu\u015fulur.<\/p>\n<p>Frans\u0131zca; \u0130spanyolca, Portekizce, \u0130talyanca, Katalanca ve Romence gibi Roma \u0130mparatorlu\u011fu&#8217;nun dili olan Latince&#8217;nin devam dillerindendir.Frans\u0131zca 29 \u00fclkede resmi dildir. La Francophonie denilen Frankofon Frans\u0131zca konu\u015fan uluslar toplulu\u011fudur. Birle\u015fmi\u015f Milletler&#8217;in b\u00fct\u00fcn altkurumlar\u0131nda ve uluslararas\u0131 kurulu\u015flar\u0131n \u00e7o\u011funda resmi dildir.<\/p>\n<p>Avrupa Birli\u011fi verilerine g\u00f6re 27 \u00fcye \u00fclkedeki 129 milyon insan (497.198.740 %26&#8217;s\u0131) Frans\u0131zca konu\u015fmakta ve bunun 65 milyonu (%12) anadili, 69 milyonu (%14) ise ikinci dili olarak konu\u015fmaktad\u0131r. Bu verilere g\u00f6re Frans\u0131zca birlik i\u00e7erisinde \u0130ngilizce ve Almanca&#8217;dan sonra en s\u0131k konu\u015fulan 3. dildir.<\/p>\n","protected":false},"excerpt":{"rendered":"<p>Frans\u0131zca (fran\u00e7ais), Hint-Avrupa dillerinden, Fransa ve Frans\u0131z uygarl\u0131\u011f\u0131n\u0131 benimsemi\u015f ve eski Frans\u0131z s\u00f6m\u00fcrgesi \u00fclkelerde kullan\u0131lan dildir D\u00fcnya&#8217;da yakla\u015f\u0131k olarak 200 milyon insan Frans\u0131zca bilmektedir. 128 milyon insan Frans\u0131zca&#8217;y\u0131 anadili veya ikinci dili olarak konu\u015furken, 54 \u00fclkede 72 milyon insan taraf\u0131ndan da bilinmekte ve konu\u015fulmaktad\u0131r. Ba\u015fta Fransa olmak \u00fczere Kanada, Bel\u00e7ika, \u0130svi\u00e7re, Afrika, L\u00fcksemburg ve Monako&#8217;da [&hellip;]<\/p>\n","protected":false},"author":1,"featured_media":0,"parent":682,"menu_order":0,"comment_status":"closed","ping_status":"closed","template":"dildetay.php","meta":[],"_links":{"self":[{"href":"https:\/\/btbtercume.com\/wp-json\/wp\/v2\/pages\/810"}],"collection":[{"href":"https:\/\/btbtercume.com\/wp-json\/wp\/v2\/pages"}],"about":[{"href":"https:\/\/btbtercume.com\/wp-json\/wp\/v2\/types\/page"}],"author":[{"embeddable":true,"href":"https:\/\/btbtercume.com\/wp-json\/wp\/v2\/users\/1"}],"replies":[{"embeddable":true,"href":"https:\/\/btbtercume.com\/wp-json\/wp\/v2\/comments?post=810"}],"version-history":[{"count":2,"href":"https:\/\/btbtercume.com\/wp-json\/wp\/v2\/pages\/810\/revisions"}],"predecessor-version":[{"id":1049,"href":"https:\/\/btbtercume.com\/wp-json\/wp\/v2\/pages\/810\/revisions\/1049"}],"up":[{"embeddable":true,"href":"https:\/\/btbtercume.com\/wp-json\/wp\/v2\/pages\/682"}],"wp:attachment":[{"href":"https:\/\/btbtercume.com\/wp-json\/wp\/v2\/media?parent=810"}],"curies":[{"name":"wp","href":"https:\/\/api.w.org\/{rel}","templated":true}]}}