{"id":809,"date":"2021-07-24T19:51:56","date_gmt":"2021-07-24T16:51:56","guid":{"rendered":"http:\/\/btbtercume.com\/?page_id=809"},"modified":"2021-07-25T14:26:25","modified_gmt":"2021-07-25T11:26:25","slug":"fince","status":"publish","type":"page","link":"https:\/\/btbtercume.com\/ceviri-yaptigimiz-diller\/fince\/","title":{"rendered":"Fince"},"content":{"rendered":"<p>Fince (Fince: Suomi, Fince(Kril)), Finlandiya n\u00fcfusunun %92&#8217;sinin konu\u015ftu\u011fu bir dildir. Fince Finlandiya&#8217;n\u0131n iki resm\u00ee dilinden birisidir. \u0130sve\u00e7\u00e7e, Finlandiya&#8217;n\u0131n ba\u011f\u0131ms\u0131zl\u0131\u011f\u0131n\u0131 ilan etti\u011fi g\u00fcnden bu yana \u00fclkenin ikinci resm\u00ee dilidir. Fincenin di\u011fer bir a\u011fz\u0131 olan Me\u00e4nkieli dili ise \u0130sve\u00e7&#8217;in ikinci resm\u00ee dilidir. S\u0131rp\u00e7a gibi, hem Kiril hem Latin abecesiyle yaz\u0131l\u0131r.<\/p>\n","protected":false},"excerpt":{"rendered":"<p>Fince (Fince: Suomi, Fince(Kril)), Finlandiya n\u00fcfusunun %92&#8217;sinin konu\u015ftu\u011fu bir dildir. Fince Finlandiya&#8217;n\u0131n iki resm\u00ee dilinden birisidir. \u0130sve\u00e7\u00e7e, Finlandiya&#8217;n\u0131n ba\u011f\u0131ms\u0131zl\u0131\u011f\u0131n\u0131 ilan etti\u011fi g\u00fcnden bu yana \u00fclkenin ikinci resm\u00ee dilidir. Fincenin di\u011fer bir a\u011fz\u0131 olan Me\u00e4nkieli dili ise \u0130sve\u00e7&#8217;in ikinci resm\u00ee dilidir. S\u0131rp\u00e7a gibi, hem Kiril hem Latin abecesiyle yaz\u0131l\u0131r.<\/p>\n","protected":false},"author":1,"featured_media":0,"parent":682,"menu_order":0,"comment_status":"closed","ping_status":"closed","template":"dildetay.php","meta":[],"_links":{"self":[{"href":"https:\/\/btbtercume.com\/wp-json\/wp\/v2\/pages\/809"}],"collection":[{"href":"https:\/\/btbtercume.com\/wp-json\/wp\/v2\/pages"}],"about":[{"href":"https:\/\/btbtercume.com\/wp-json\/wp\/v2\/types\/page"}],"author":[{"embeddable":true,"href":"https:\/\/btbtercume.com\/wp-json\/wp\/v2\/users\/1"}],"replies":[{"embeddable":true,"href":"https:\/\/btbtercume.com\/wp-json\/wp\/v2\/comments?post=809"}],"version-history":[{"count":2,"href":"https:\/\/btbtercume.com\/wp-json\/wp\/v2\/pages\/809\/revisions"}],"predecessor-version":[{"id":996,"href":"https:\/\/btbtercume.com\/wp-json\/wp\/v2\/pages\/809\/revisions\/996"}],"up":[{"embeddable":true,"href":"https:\/\/btbtercume.com\/wp-json\/wp\/v2\/pages\/682"}],"wp:attachment":[{"href":"https:\/\/btbtercume.com\/wp-json\/wp\/v2\/media?parent=809"}],"curies":[{"name":"wp","href":"https:\/\/api.w.org\/{rel}","templated":true}]}}