{"id":808,"date":"2021-07-24T19:51:51","date_gmt":"2021-07-24T16:51:51","guid":{"rendered":"http:\/\/btbtercume.com\/?page_id=808"},"modified":"2021-07-25T14:25:43","modified_gmt":"2021-07-25T11:25:43","slug":"filipince","status":"publish","type":"page","link":"https:\/\/btbtercume.com\/ceviri-yaptigimiz-diller\/filipince\/","title":{"rendered":"Filipince"},"content":{"rendered":"<p>Filipinler ya da resm\u00ee ad\u0131 ile Filipinler Cumhuriyeti, G\u00fcneydo\u011fu Asya&#8217;da Malay Tak\u0131madalar\u0131 b\u00f6lgesinde yer alan adalar \u00fclkesidir. <\/p>\n<p>Filipince, \u0130ngilizce ile birlikte 1987 Filipinler Anayasas\u0131na g\u00f6re Filipinler&#8217;de kullan\u0131lan ulusal ve \u0130ngilizce&#8217;nin yan\u0131 s\u0131ra resm\u00ee dillerden biridir.13 Kas\u0131m 1937 tarihinde toplanan Birinci Filipinler Meclisi, Ulusal Dil Enstit\u00fcs\u00fc&#8217;n\u00fcn kurulu\u015funa karar verdi. Bu enstit\u00fcs\u00fc Avustralya dillerin kollar\u0131ndan Tagalogca&#8217;y\u0131 temelini alan yeni ulusal dili se\u00e7mi\u015fti.<\/p>\n","protected":false},"excerpt":{"rendered":"<p>Filipinler ya da resm\u00ee ad\u0131 ile Filipinler Cumhuriyeti, G\u00fcneydo\u011fu Asya&#8217;da Malay Tak\u0131madalar\u0131 b\u00f6lgesinde yer alan adalar \u00fclkesidir. Filipince, \u0130ngilizce ile birlikte 1987 Filipinler Anayasas\u0131na g\u00f6re Filipinler&#8217;de kullan\u0131lan ulusal ve \u0130ngilizce&#8217;nin yan\u0131 s\u0131ra resm\u00ee dillerden biridir.13 Kas\u0131m 1937 tarihinde toplanan Birinci Filipinler Meclisi, Ulusal Dil Enstit\u00fcs\u00fc&#8217;n\u00fcn kurulu\u015funa karar verdi. Bu enstit\u00fcs\u00fc Avustralya dillerin kollar\u0131ndan Tagalogca&#8217;y\u0131 temelini [&hellip;]<\/p>\n","protected":false},"author":1,"featured_media":0,"parent":682,"menu_order":0,"comment_status":"closed","ping_status":"closed","template":"dildetay.php","meta":[],"_links":{"self":[{"href":"https:\/\/btbtercume.com\/wp-json\/wp\/v2\/pages\/808"}],"collection":[{"href":"https:\/\/btbtercume.com\/wp-json\/wp\/v2\/pages"}],"about":[{"href":"https:\/\/btbtercume.com\/wp-json\/wp\/v2\/types\/page"}],"author":[{"embeddable":true,"href":"https:\/\/btbtercume.com\/wp-json\/wp\/v2\/users\/1"}],"replies":[{"embeddable":true,"href":"https:\/\/btbtercume.com\/wp-json\/wp\/v2\/comments?post=808"}],"version-history":[{"count":2,"href":"https:\/\/btbtercume.com\/wp-json\/wp\/v2\/pages\/808\/revisions"}],"predecessor-version":[{"id":992,"href":"https:\/\/btbtercume.com\/wp-json\/wp\/v2\/pages\/808\/revisions\/992"}],"up":[{"embeddable":true,"href":"https:\/\/btbtercume.com\/wp-json\/wp\/v2\/pages\/682"}],"wp:attachment":[{"href":"https:\/\/btbtercume.com\/wp-json\/wp\/v2\/media?parent=808"}],"curies":[{"name":"wp","href":"https:\/\/api.w.org\/{rel}","templated":true}]}}