{"id":807,"date":"2021-07-24T19:51:44","date_gmt":"2021-07-24T16:51:44","guid":{"rendered":"http:\/\/btbtercume.com\/?page_id=807"},"modified":"2021-07-25T14:25:36","modified_gmt":"2021-07-25T11:25:36","slug":"estonca","status":"publish","type":"page","link":"https:\/\/btbtercume.com\/ceviri-yaptigimiz-diller\/estonca\/","title":{"rendered":"Estonca"},"content":{"rendered":"<p>Estonya Cumhuriyeti, Kuzey Avrupa&#8217;da bulunan bir Balt\u0131k Devleti&#8217;dir. Bat\u0131s\u0131nda ve kuzeyinde Finlandiya K\u00f6rfezi, do\u011fusunda Rusya Federasyonu ve g\u00fcneyinde ise Letonya Cumhuriyeti ile s\u0131n\u0131rlar\u0131 vard\u0131r.<\/p>\n<p>Estonca, Fince ve Macarca dilleri ile birlikte Ural Dil Ailesi grubundad\u0131r.<\/p>\n","protected":false},"excerpt":{"rendered":"<p>Estonya Cumhuriyeti, Kuzey Avrupa&#8217;da bulunan bir Balt\u0131k Devleti&#8217;dir. Bat\u0131s\u0131nda ve kuzeyinde Finlandiya K\u00f6rfezi, do\u011fusunda Rusya Federasyonu ve g\u00fcneyinde ise Letonya Cumhuriyeti ile s\u0131n\u0131rlar\u0131 vard\u0131r. Estonca, Fince ve Macarca dilleri ile birlikte Ural Dil Ailesi grubundad\u0131r.<\/p>\n","protected":false},"author":1,"featured_media":0,"parent":682,"menu_order":0,"comment_status":"closed","ping_status":"closed","template":"dildetay.php","meta":[],"_links":{"self":[{"href":"https:\/\/btbtercume.com\/wp-json\/wp\/v2\/pages\/807"}],"collection":[{"href":"https:\/\/btbtercume.com\/wp-json\/wp\/v2\/pages"}],"about":[{"href":"https:\/\/btbtercume.com\/wp-json\/wp\/v2\/types\/page"}],"author":[{"embeddable":true,"href":"https:\/\/btbtercume.com\/wp-json\/wp\/v2\/users\/1"}],"replies":[{"embeddable":true,"href":"https:\/\/btbtercume.com\/wp-json\/wp\/v2\/comments?post=807"}],"version-history":[{"count":2,"href":"https:\/\/btbtercume.com\/wp-json\/wp\/v2\/pages\/807\/revisions"}],"predecessor-version":[{"id":991,"href":"https:\/\/btbtercume.com\/wp-json\/wp\/v2\/pages\/807\/revisions\/991"}],"up":[{"embeddable":true,"href":"https:\/\/btbtercume.com\/wp-json\/wp\/v2\/pages\/682"}],"wp:attachment":[{"href":"https:\/\/btbtercume.com\/wp-json\/wp\/v2\/media?parent=807"}],"curies":[{"name":"wp","href":"https:\/\/api.w.org\/{rel}","templated":true}]}}