{"id":806,"date":"2021-07-24T19:51:39","date_gmt":"2021-07-24T16:51:39","guid":{"rendered":"http:\/\/btbtercume.com\/?page_id=806"},"modified":"2021-07-25T14:25:28","modified_gmt":"2021-07-25T11:25:28","slug":"eskimoca","status":"publish","type":"page","link":"https:\/\/btbtercume.com\/ceviri-yaptigimiz-diller\/eskimoca\/","title":{"rendered":"Eskimoca"},"content":{"rendered":"<p>\u0130nuit, \u0130nuklar veya Eskimo, Kanada&#8217;n\u0131n kuzeyi, Alaska, Gr\u00f6nland ve Sibirya&#8217;n\u0131n do\u011fusunda ya\u015fayan yerli halka verilen isimlerdir. Eskimolar, Eskimo &#8211; Aleut Ailesinin \u00fcyeleridir. Yupik halk\u0131 da Eskimo ailesine dahildir. D\u00fcnyada toplam olarak 100.000 &#8211; 150.000 Eskimo vard\u0131r. Bunlar\u0131n yakla\u015f\u0131k 40.000&#8217;i Kanada&#8217;dad\u0131r.<\/p>\n","protected":false},"excerpt":{"rendered":"<p>\u0130nuit, \u0130nuklar veya Eskimo, Kanada&#8217;n\u0131n kuzeyi, Alaska, Gr\u00f6nland ve Sibirya&#8217;n\u0131n do\u011fusunda ya\u015fayan yerli halka verilen isimlerdir. Eskimolar, Eskimo &#8211; Aleut Ailesinin \u00fcyeleridir. Yupik halk\u0131 da Eskimo ailesine dahildir. D\u00fcnyada toplam olarak 100.000 &#8211; 150.000 Eskimo vard\u0131r. Bunlar\u0131n yakla\u015f\u0131k 40.000&#8217;i Kanada&#8217;dad\u0131r.<\/p>\n","protected":false},"author":1,"featured_media":0,"parent":682,"menu_order":0,"comment_status":"closed","ping_status":"closed","template":"dildetay.php","meta":[],"_links":{"self":[{"href":"https:\/\/btbtercume.com\/wp-json\/wp\/v2\/pages\/806"}],"collection":[{"href":"https:\/\/btbtercume.com\/wp-json\/wp\/v2\/pages"}],"about":[{"href":"https:\/\/btbtercume.com\/wp-json\/wp\/v2\/types\/page"}],"author":[{"embeddable":true,"href":"https:\/\/btbtercume.com\/wp-json\/wp\/v2\/users\/1"}],"replies":[{"embeddable":true,"href":"https:\/\/btbtercume.com\/wp-json\/wp\/v2\/comments?post=806"}],"version-history":[{"count":2,"href":"https:\/\/btbtercume.com\/wp-json\/wp\/v2\/pages\/806\/revisions"}],"predecessor-version":[{"id":990,"href":"https:\/\/btbtercume.com\/wp-json\/wp\/v2\/pages\/806\/revisions\/990"}],"up":[{"embeddable":true,"href":"https:\/\/btbtercume.com\/wp-json\/wp\/v2\/pages\/682"}],"wp:attachment":[{"href":"https:\/\/btbtercume.com\/wp-json\/wp\/v2\/media?parent=806"}],"curies":[{"name":"wp","href":"https:\/\/api.w.org\/{rel}","templated":true}]}}