{"id":804,"date":"2021-07-24T19:51:22","date_gmt":"2021-07-24T16:51:22","guid":{"rendered":"http:\/\/btbtercume.com\/?page_id=804"},"modified":"2021-07-25T14:25:10","modified_gmt":"2021-07-25T11:25:10","slug":"ermenice","status":"publish","type":"page","link":"https:\/\/btbtercume.com\/ceviri-yaptigimiz-diller\/ermenice\/","title":{"rendered":"Ermenice"},"content":{"rendered":"<p>Ermenistan, G\u00fcney Kafkasya&#8217;da denize k\u0131y\u0131s\u0131 olmayan bir \u00fclkedir. Daha \u00f6nce Sovyetler Birli\u011fi&#8217;ne ba\u011fl\u0131 bir cumhuriyet iken 1991&#8217;de ba\u011f\u0131ms\u0131zl\u0131\u011f\u0131n\u0131 il\u00e2n etmi\u015ftir. Kuzeyinde G\u00fcrcistan, do\u011fusunda Azerbaycan, g\u00fcneyinde \u0130ran ve bat\u0131s\u0131nda T\u00fcrkiye ve Azerbaycan&#8217;\u0131n egemenli\u011fi alt\u0131ndaki Nah\u00e7\u0131van b\u00f6lgesi bulunur.<\/p>\n<p>Ermenice, Hint-Avrupa dil ailesinden bir dildir. Ermenistan&#8217;\u0131n resmi dilidir.<\/p>\n","protected":false},"excerpt":{"rendered":"<p>Ermenistan, G\u00fcney Kafkasya&#8217;da denize k\u0131y\u0131s\u0131 olmayan bir \u00fclkedir. Daha \u00f6nce Sovyetler Birli\u011fi&#8217;ne ba\u011fl\u0131 bir cumhuriyet iken 1991&#8217;de ba\u011f\u0131ms\u0131zl\u0131\u011f\u0131n\u0131 il\u00e2n etmi\u015ftir. Kuzeyinde G\u00fcrcistan, do\u011fusunda Azerbaycan, g\u00fcneyinde \u0130ran ve bat\u0131s\u0131nda T\u00fcrkiye ve Azerbaycan&#8217;\u0131n egemenli\u011fi alt\u0131ndaki Nah\u00e7\u0131van b\u00f6lgesi bulunur. Ermenice, Hint-Avrupa dil ailesinden bir dildir. Ermenistan&#8217;\u0131n resmi dilidir.<\/p>\n","protected":false},"author":1,"featured_media":0,"parent":682,"menu_order":0,"comment_status":"closed","ping_status":"closed","template":"dildetay.php","meta":[],"_links":{"self":[{"href":"https:\/\/btbtercume.com\/wp-json\/wp\/v2\/pages\/804"}],"collection":[{"href":"https:\/\/btbtercume.com\/wp-json\/wp\/v2\/pages"}],"about":[{"href":"https:\/\/btbtercume.com\/wp-json\/wp\/v2\/types\/page"}],"author":[{"embeddable":true,"href":"https:\/\/btbtercume.com\/wp-json\/wp\/v2\/users\/1"}],"replies":[{"embeddable":true,"href":"https:\/\/btbtercume.com\/wp-json\/wp\/v2\/comments?post=804"}],"version-history":[{"count":2,"href":"https:\/\/btbtercume.com\/wp-json\/wp\/v2\/pages\/804\/revisions"}],"predecessor-version":[{"id":989,"href":"https:\/\/btbtercume.com\/wp-json\/wp\/v2\/pages\/804\/revisions\/989"}],"up":[{"embeddable":true,"href":"https:\/\/btbtercume.com\/wp-json\/wp\/v2\/pages\/682"}],"wp:attachment":[{"href":"https:\/\/btbtercume.com\/wp-json\/wp\/v2\/media?parent=804"}],"curies":[{"name":"wp","href":"https:\/\/api.w.org\/{rel}","templated":true}]}}