{"id":803,"date":"2021-07-24T19:51:22","date_gmt":"2021-07-24T16:51:22","guid":{"rendered":"http:\/\/btbtercume.com\/?page_id=803"},"modified":"2021-07-25T14:25:04","modified_gmt":"2021-07-25T11:25:04","slug":"endonezce","status":"publish","type":"page","link":"https:\/\/btbtercume.com\/ceviri-yaptigimiz-diller\/endonezce\/","title":{"rendered":"Endonezce"},"content":{"rendered":"<p>Endonezce, (bahasa Indonesia) Endonezya&#8217;n\u0131n resm\u00ee dilidir ve Do\u011fu Timor&#8217;da da resmi stat\u00fcs\u00fc vard\u0131r. Asl\u0131nda, 1945&#8217;te Endonezya&#8217;n\u0131n ba\u011f\u0131ms\u0131zl\u0131\u011f\u0131n\u0131 ilan etmesinden sonra standartla\u015ft\u0131r\u0131lm\u0131\u015f bir Malayca \u015fivesidir. Bug\u00fcn farkl\u0131 diller olarak kabul edilmelerine ra\u011fmen neredeyse ayn\u0131d\u0131rlar. <\/p>\n<p>Endonezya&#8217;da ya\u015fayan insanlar\u0131n \u00e7o\u011funun anadili yerel \u015fivelerdir, ancak herkes Endonezceyi de ikinci dil olarak bilir. \u00dclkedeki resmi yaz\u0131\u015fmalar, e\u011fitim dili ve hatta bas\u0131n dili Endonezcedir.<\/p>\n","protected":false},"excerpt":{"rendered":"<p>Endonezce, (bahasa Indonesia) Endonezya&#8217;n\u0131n resm\u00ee dilidir ve Do\u011fu Timor&#8217;da da resmi stat\u00fcs\u00fc vard\u0131r. Asl\u0131nda, 1945&#8217;te Endonezya&#8217;n\u0131n ba\u011f\u0131ms\u0131zl\u0131\u011f\u0131n\u0131 ilan etmesinden sonra standartla\u015ft\u0131r\u0131lm\u0131\u015f bir Malayca \u015fivesidir. Bug\u00fcn farkl\u0131 diller olarak kabul edilmelerine ra\u011fmen neredeyse ayn\u0131d\u0131rlar. Endonezya&#8217;da ya\u015fayan insanlar\u0131n \u00e7o\u011funun anadili yerel \u015fivelerdir, ancak herkes Endonezceyi de ikinci dil olarak bilir. \u00dclkedeki resmi yaz\u0131\u015fmalar, e\u011fitim dili ve hatta [&hellip;]<\/p>\n","protected":false},"author":1,"featured_media":0,"parent":682,"menu_order":0,"comment_status":"closed","ping_status":"closed","template":"dildetay.php","meta":[],"_links":{"self":[{"href":"https:\/\/btbtercume.com\/wp-json\/wp\/v2\/pages\/803"}],"collection":[{"href":"https:\/\/btbtercume.com\/wp-json\/wp\/v2\/pages"}],"about":[{"href":"https:\/\/btbtercume.com\/wp-json\/wp\/v2\/types\/page"}],"author":[{"embeddable":true,"href":"https:\/\/btbtercume.com\/wp-json\/wp\/v2\/users\/1"}],"replies":[{"embeddable":true,"href":"https:\/\/btbtercume.com\/wp-json\/wp\/v2\/comments?post=803"}],"version-history":[{"count":2,"href":"https:\/\/btbtercume.com\/wp-json\/wp\/v2\/pages\/803\/revisions"}],"predecessor-version":[{"id":988,"href":"https:\/\/btbtercume.com\/wp-json\/wp\/v2\/pages\/803\/revisions\/988"}],"up":[{"embeddable":true,"href":"https:\/\/btbtercume.com\/wp-json\/wp\/v2\/pages\/682"}],"wp:attachment":[{"href":"https:\/\/btbtercume.com\/wp-json\/wp\/v2\/media?parent=803"}],"curies":[{"name":"wp","href":"https:\/\/api.w.org\/{rel}","templated":true}]}}