{"id":802,"date":"2021-07-24T19:51:01","date_gmt":"2021-07-24T16:51:01","guid":{"rendered":"http:\/\/btbtercume.com\/?page_id=802"},"modified":"2021-07-25T14:21:33","modified_gmt":"2021-07-25T11:21:33","slug":"danca","status":"publish","type":"page","link":"https:\/\/btbtercume.com\/ceviri-yaptigimiz-diller\/danca\/","title":{"rendered":"Danca"},"content":{"rendered":"<p>Danca Danimarka&#8217;da konu\u015fulan, \u0130skandinavca olarak da bilinen Kuzey Cermen dil ailesinden\u00a0bir dildir.<\/p>\n<p>Danca&#8217;y\u0131, D\u00fcnya \u00e7ap\u0131nda, 5.5 milyon ki\u015fi taraf\u0131ndan konu\u015fulur. Bunlar\u0131n \u00e7o\u011fu Danimarka ve\u00a0Almanya&#8217;n\u0131n Danimarka s\u0131n\u0131r\u0131nda ya\u015far. Ayr\u0131ca Danimarka&#8217;n\u0131n eski s\u00f6m\u00fcrgeleri olan \u0130zlanda,\u00a0Gr\u00f6nland ve Faroe Adalar\u0131ndaki okullarda da Danca zorunlu ikinci dil olarak \u00f6\u011fretilir.<\/p>\n","protected":false},"excerpt":{"rendered":"<p>Danca Danimarka&#8217;da konu\u015fulan, \u0130skandinavca olarak da bilinen Kuzey Cermen dil ailesinden\u00a0bir dildir. Danca&#8217;y\u0131, D\u00fcnya \u00e7ap\u0131nda, 5.5 milyon ki\u015fi taraf\u0131ndan konu\u015fulur. Bunlar\u0131n \u00e7o\u011fu Danimarka ve\u00a0Almanya&#8217;n\u0131n Danimarka s\u0131n\u0131r\u0131nda ya\u015far. Ayr\u0131ca Danimarka&#8217;n\u0131n eski s\u00f6m\u00fcrgeleri olan \u0130zlanda,\u00a0Gr\u00f6nland ve Faroe Adalar\u0131ndaki okullarda da Danca zorunlu ikinci dil olarak \u00f6\u011fretilir.<\/p>\n","protected":false},"author":1,"featured_media":0,"parent":682,"menu_order":0,"comment_status":"closed","ping_status":"closed","template":"dildetay.php","meta":[],"_links":{"self":[{"href":"https:\/\/btbtercume.com\/wp-json\/wp\/v2\/pages\/802"}],"collection":[{"href":"https:\/\/btbtercume.com\/wp-json\/wp\/v2\/pages"}],"about":[{"href":"https:\/\/btbtercume.com\/wp-json\/wp\/v2\/types\/page"}],"author":[{"embeddable":true,"href":"https:\/\/btbtercume.com\/wp-json\/wp\/v2\/users\/1"}],"replies":[{"embeddable":true,"href":"https:\/\/btbtercume.com\/wp-json\/wp\/v2\/comments?post=802"}],"version-history":[{"count":2,"href":"https:\/\/btbtercume.com\/wp-json\/wp\/v2\/pages\/802\/revisions"}],"predecessor-version":[{"id":976,"href":"https:\/\/btbtercume.com\/wp-json\/wp\/v2\/pages\/802\/revisions\/976"}],"up":[{"embeddable":true,"href":"https:\/\/btbtercume.com\/wp-json\/wp\/v2\/pages\/682"}],"wp:attachment":[{"href":"https:\/\/btbtercume.com\/wp-json\/wp\/v2\/media?parent=802"}],"curies":[{"name":"wp","href":"https:\/\/api.w.org\/{rel}","templated":true}]}}