{"id":801,"date":"2021-07-24T19:50:54","date_gmt":"2021-07-24T16:50:54","guid":{"rendered":"http:\/\/btbtercume.com\/?page_id=801"},"modified":"2021-07-25T14:40:08","modified_gmt":"2021-07-25T11:40:08","slug":"cince","status":"publish","type":"page","link":"https:\/\/btbtercume.com\/ceviri-yaptigimiz-diller\/cince\/","title":{"rendered":"\u00c7ince"},"content":{"rendered":"<p>\u00c7ince, \u00c7in&#8217;de ve \u00e7evresinde ya\u015fayan 1 milyardan fazla ki\u015fi taraf\u0131ndan konu\u015fulan binlerce ufak dilin t\u00fcm\u00fcne birden verilen add\u0131r ve bunlar tek bir dil say\u0131l\u0131rsa, d\u00fcnyada en \u00e7ok kullan\u0131lan dildir.<\/p>\n","protected":false},"excerpt":{"rendered":"<p>\u00c7ince, \u00c7in&#8217;de ve \u00e7evresinde ya\u015fayan 1 milyardan fazla ki\u015fi taraf\u0131ndan konu\u015fulan binlerce ufak dilin t\u00fcm\u00fcne birden verilen add\u0131r ve bunlar tek bir dil say\u0131l\u0131rsa, d\u00fcnyada en \u00e7ok kullan\u0131lan dildir.<\/p>\n","protected":false},"author":1,"featured_media":0,"parent":682,"menu_order":0,"comment_status":"closed","ping_status":"closed","template":"dildetay.php","meta":[],"_links":{"self":[{"href":"https:\/\/btbtercume.com\/wp-json\/wp\/v2\/pages\/801"}],"collection":[{"href":"https:\/\/btbtercume.com\/wp-json\/wp\/v2\/pages"}],"about":[{"href":"https:\/\/btbtercume.com\/wp-json\/wp\/v2\/types\/page"}],"author":[{"embeddable":true,"href":"https:\/\/btbtercume.com\/wp-json\/wp\/v2\/users\/1"}],"replies":[{"embeddable":true,"href":"https:\/\/btbtercume.com\/wp-json\/wp\/v2\/comments?post=801"}],"version-history":[{"count":2,"href":"https:\/\/btbtercume.com\/wp-json\/wp\/v2\/pages\/801\/revisions"}],"predecessor-version":[{"id":1050,"href":"https:\/\/btbtercume.com\/wp-json\/wp\/v2\/pages\/801\/revisions\/1050"}],"up":[{"embeddable":true,"href":"https:\/\/btbtercume.com\/wp-json\/wp\/v2\/pages\/682"}],"wp:attachment":[{"href":"https:\/\/btbtercume.com\/wp-json\/wp\/v2\/media?parent=801"}],"curies":[{"name":"wp","href":"https:\/\/api.w.org\/{rel}","templated":true}]}}