{"id":799,"date":"2021-07-24T19:50:37","date_gmt":"2021-07-24T16:50:37","guid":{"rendered":"http:\/\/btbtercume.com\/?page_id=799"},"modified":"2021-07-25T14:32:28","modified_gmt":"2021-07-25T11:32:28","slug":"cekce","status":"publish","type":"page","link":"https:\/\/btbtercume.com\/ceviri-yaptigimiz-diller\/cekce\/","title":{"rendered":"\u00c7ek\u00e7e"},"content":{"rendered":"<p>\u00c7ek\u00e7e, Slovak\u00e7a ve Leh\u00e7e ile birlikte, Hint-Avrupa Dillerine ba\u011fl\u0131 Slav dillerinin Bat\u0131 kolunu olu\u015fturan dildir. \u00c7o\u011fu \u00c7ek Cumhuriyeti&#8217;nde ya\u015fayan 12 milyon \u00c7ek taraf\u0131ndan konu\u015fulur.<\/p>\n<p>Slovak\u00e7a ve \u00c7ek\u00e7e birbirlerine \u00e7ok benzer dilerdir ve \u00c7ekoslovakya&#8217;n\u0131n ikiye b\u00f6l\u00fcnmesinden \u00f6nce s\u00fcrekli etkile\u015fim i\u00e7inde olan iki taraf, birbirini rahat\u00e7a anlayabilirler. H\u0131zl\u0131 konu\u015fuldu\u011fu ve karma\u015f\u0131k bir dil oldu\u011fu i\u00e7in, \u00f6\u011frenilmesi zor bir dil olarak kabul edilir. Yeni nesil, h\u0131zla de\u011fi\u015fen kelimeleri anlamakta zorluk \u00e7ekebilir.<\/p>\n","protected":false},"excerpt":{"rendered":"<p>\u00c7ek\u00e7e, Slovak\u00e7a ve Leh\u00e7e ile birlikte, Hint-Avrupa Dillerine ba\u011fl\u0131 Slav dillerinin Bat\u0131 kolunu olu\u015fturan dildir. \u00c7o\u011fu \u00c7ek Cumhuriyeti&#8217;nde ya\u015fayan 12 milyon \u00c7ek taraf\u0131ndan konu\u015fulur. Slovak\u00e7a ve \u00c7ek\u00e7e birbirlerine \u00e7ok benzer dilerdir ve \u00c7ekoslovakya&#8217;n\u0131n ikiye b\u00f6l\u00fcnmesinden \u00f6nce s\u00fcrekli etkile\u015fim i\u00e7inde olan iki taraf, birbirini rahat\u00e7a anlayabilirler. H\u0131zl\u0131 konu\u015fuldu\u011fu ve karma\u015f\u0131k bir dil oldu\u011fu i\u00e7in, \u00f6\u011frenilmesi zor [&hellip;]<\/p>\n","protected":false},"author":1,"featured_media":0,"parent":682,"menu_order":0,"comment_status":"closed","ping_status":"closed","template":"dildetay.php","meta":[],"_links":{"self":[{"href":"https:\/\/btbtercume.com\/wp-json\/wp\/v2\/pages\/799"}],"collection":[{"href":"https:\/\/btbtercume.com\/wp-json\/wp\/v2\/pages"}],"about":[{"href":"https:\/\/btbtercume.com\/wp-json\/wp\/v2\/types\/page"}],"author":[{"embeddable":true,"href":"https:\/\/btbtercume.com\/wp-json\/wp\/v2\/users\/1"}],"replies":[{"embeddable":true,"href":"https:\/\/btbtercume.com\/wp-json\/wp\/v2\/comments?post=799"}],"version-history":[{"count":2,"href":"https:\/\/btbtercume.com\/wp-json\/wp\/v2\/pages\/799\/revisions"}],"predecessor-version":[{"id":1021,"href":"https:\/\/btbtercume.com\/wp-json\/wp\/v2\/pages\/799\/revisions\/1021"}],"up":[{"embeddable":true,"href":"https:\/\/btbtercume.com\/wp-json\/wp\/v2\/pages\/682"}],"wp:attachment":[{"href":"https:\/\/btbtercume.com\/wp-json\/wp\/v2\/media?parent=799"}],"curies":[{"name":"wp","href":"https:\/\/api.w.org\/{rel}","templated":true}]}}