{"id":797,"date":"2021-07-24T19:49:28","date_gmt":"2021-07-24T16:49:28","guid":{"rendered":"http:\/\/btbtercume.com\/?page_id=797"},"modified":"2021-07-25T14:40:21","modified_gmt":"2021-07-25T11:40:21","slug":"cecence","status":"publish","type":"page","link":"https:\/\/btbtercume.com\/ceviri-yaptigimiz-diller\/cecence\/","title":{"rendered":"\u00c7e\u00e7ence"},"content":{"rendered":"<p>\u00c7e\u00e7ence, \u00e7o\u011funlu\u011fu \u00c7e\u00e7enya\u2019da ve ba\u015fka \u00fclkelerde ya\u015fayan \u00c7e\u00e7enlerin konu\u015ftu\u011fu lisand\u0131r. Yakla\u015f\u0131k olarak 1.300.000 ki\u015fi taraf\u0131ndan konu\u015fulmaktad\u0131r.<\/p>\n<p>\u00c7e\u00e7ence Kafkas dillerinden biridir. Dilbilimsel a\u00e7\u0131dan Ingus\u00e7a ve Bats\u00e7a ile birlikte Nah dilleri \u00f6be\u011fine girer. Bu elsineden \u00c7e\u00e7ence ve Ingus\u00e7a yaz\u0131l\u0131 dildir ve Kuzeydogu Kafkas dilleri i\u00e7inde yer al\u0131rlar.<\/p>\n","protected":false},"excerpt":{"rendered":"<p>\u00c7e\u00e7ence, \u00e7o\u011funlu\u011fu \u00c7e\u00e7enya\u2019da ve ba\u015fka \u00fclkelerde ya\u015fayan \u00c7e\u00e7enlerin konu\u015ftu\u011fu lisand\u0131r. Yakla\u015f\u0131k olarak 1.300.000 ki\u015fi taraf\u0131ndan konu\u015fulmaktad\u0131r. \u00c7e\u00e7ence Kafkas dillerinden biridir. Dilbilimsel a\u00e7\u0131dan Ingus\u00e7a ve Bats\u00e7a ile birlikte Nah dilleri \u00f6be\u011fine girer. Bu elsineden \u00c7e\u00e7ence ve Ingus\u00e7a yaz\u0131l\u0131 dildir ve Kuzeydogu Kafkas dilleri i\u00e7inde yer al\u0131rlar.<\/p>\n","protected":false},"author":1,"featured_media":0,"parent":682,"menu_order":0,"comment_status":"closed","ping_status":"closed","template":"dildetay.php","meta":[],"_links":{"self":[{"href":"https:\/\/btbtercume.com\/wp-json\/wp\/v2\/pages\/797"}],"collection":[{"href":"https:\/\/btbtercume.com\/wp-json\/wp\/v2\/pages"}],"about":[{"href":"https:\/\/btbtercume.com\/wp-json\/wp\/v2\/types\/page"}],"author":[{"embeddable":true,"href":"https:\/\/btbtercume.com\/wp-json\/wp\/v2\/users\/1"}],"replies":[{"embeddable":true,"href":"https:\/\/btbtercume.com\/wp-json\/wp\/v2\/comments?post=797"}],"version-history":[{"count":2,"href":"https:\/\/btbtercume.com\/wp-json\/wp\/v2\/pages\/797\/revisions"}],"predecessor-version":[{"id":1051,"href":"https:\/\/btbtercume.com\/wp-json\/wp\/v2\/pages\/797\/revisions\/1051"}],"up":[{"embeddable":true,"href":"https:\/\/btbtercume.com\/wp-json\/wp\/v2\/pages\/682"}],"wp:attachment":[{"href":"https:\/\/btbtercume.com\/wp-json\/wp\/v2\/media?parent=797"}],"curies":[{"name":"wp","href":"https:\/\/api.w.org\/{rel}","templated":true}]}}