{"id":795,"date":"2021-07-24T19:49:20","date_gmt":"2021-07-24T16:49:20","guid":{"rendered":"http:\/\/btbtercume.com\/?page_id=795"},"modified":"2021-07-25T14:24:23","modified_gmt":"2021-07-25T11:24:23","slug":"bulgarca","status":"publish","type":"page","link":"https:\/\/btbtercume.com\/ceviri-yaptigimiz-diller\/bulgarca\/","title":{"rendered":"Bulgarca"},"content":{"rendered":"<p>Bulgaristan, G\u00fcneydo\u011fu Avrupa&#8217;da, Balkan Yar\u0131madas\u0131&#8217;nda bir \u00fclkedir. Bat\u0131da S\u0131rbistan ve Makedonya, do\u011fuda Karadeniz, kuzeyde Romanya, g\u00fcneyde Yunanistan ve T\u00fcrkiye ile \u00e7evrilidir.<\/p>\n<p>Bulgarca, Hint-Avrupa dilleri ailesinden, G\u00fcney Slav dillerine ba\u011fl\u0131 bir dildir. Bulgaristan&#8217;\u0131n resmi dilidir. Yaz\u0131 dili 9. y\u00fczy\u0131lda olu\u015fmaya ba\u015flayan Bulgarca, Selanik-li Aziz Kiril ve karde\u015fi Metodiy&#8217;in taraf\u0131ndan 862 y\u0131l\u0131nda Bulgaristan\u2019\u0131n Preslav kasabas\u0131nda- olu\u015fturulan Kiril alfabesi kullan\u0131larak yaz\u0131l\u0131r.<\/p>\n","protected":false},"excerpt":{"rendered":"<p>Bulgaristan, G\u00fcneydo\u011fu Avrupa&#8217;da, Balkan Yar\u0131madas\u0131&#8217;nda bir \u00fclkedir. Bat\u0131da S\u0131rbistan ve Makedonya, do\u011fuda Karadeniz, kuzeyde Romanya, g\u00fcneyde Yunanistan ve T\u00fcrkiye ile \u00e7evrilidir. Bulgarca, Hint-Avrupa dilleri ailesinden, G\u00fcney Slav dillerine ba\u011fl\u0131 bir dildir. Bulgaristan&#8217;\u0131n resmi dilidir. Yaz\u0131 dili 9. y\u00fczy\u0131lda olu\u015fmaya ba\u015flayan Bulgarca, Selanik-li Aziz Kiril ve karde\u015fi Metodiy&#8217;in taraf\u0131ndan 862 y\u0131l\u0131nda Bulgaristan\u2019\u0131n Preslav kasabas\u0131nda- olu\u015fturulan Kiril [&hellip;]<\/p>\n","protected":false},"author":1,"featured_media":0,"parent":682,"menu_order":0,"comment_status":"closed","ping_status":"closed","template":"dildetay.php","meta":[],"_links":{"self":[{"href":"https:\/\/btbtercume.com\/wp-json\/wp\/v2\/pages\/795"}],"collection":[{"href":"https:\/\/btbtercume.com\/wp-json\/wp\/v2\/pages"}],"about":[{"href":"https:\/\/btbtercume.com\/wp-json\/wp\/v2\/types\/page"}],"author":[{"embeddable":true,"href":"https:\/\/btbtercume.com\/wp-json\/wp\/v2\/users\/1"}],"replies":[{"embeddable":true,"href":"https:\/\/btbtercume.com\/wp-json\/wp\/v2\/comments?post=795"}],"version-history":[{"count":2,"href":"https:\/\/btbtercume.com\/wp-json\/wp\/v2\/pages\/795\/revisions"}],"predecessor-version":[{"id":985,"href":"https:\/\/btbtercume.com\/wp-json\/wp\/v2\/pages\/795\/revisions\/985"}],"up":[{"embeddable":true,"href":"https:\/\/btbtercume.com\/wp-json\/wp\/v2\/pages\/682"}],"wp:attachment":[{"href":"https:\/\/btbtercume.com\/wp-json\/wp\/v2\/media?parent=795"}],"curies":[{"name":"wp","href":"https:\/\/api.w.org\/{rel}","templated":true}]}}