{"id":793,"date":"2021-07-24T19:49:11","date_gmt":"2021-07-24T16:49:11","guid":{"rendered":"http:\/\/btbtercume.com\/?page_id=793"},"modified":"2021-07-25T14:24:11","modified_gmt":"2021-07-25T11:24:11","slug":"bosnakca","status":"publish","type":"page","link":"https:\/\/btbtercume.com\/ceviri-yaptigimiz-diller\/bosnakca\/","title":{"rendered":"Bo\u015fnak\u00e7a"},"content":{"rendered":"<p>Bosna-Hersek, Balkanlar&#8217;da 51.129 km\u00b2&#8217;lik y\u00fcz\u00f6l\u00e7\u00fcm\u00fc ve yakla\u015f\u0131k 4.500.000 ki\u015filik n\u00fcfusu olan ve resm\u00ee ad\u0131 &#8220;Bosna ve Hersek&#8221; olan bir \u00fclkedir. \u00dclke bir b\u00fct\u00fcn\u00fc olu\u015fturan \u00fc\u00e7 etnik gruba ev sahipli\u011fi yapmaktad\u0131r: Bo\u015fnaklar, S\u0131rplar ve H\u0131rvatlar.<\/p>\n<p>Bo\u015fnak\u00e7a (Bo\u015fnak\u00e7a: Bosanski jezik, Bosanski), \u00e7o\u011funlu\u011fu Bosna-Hersek&#8217;te ya\u015fayan Bo\u015fnaklar\u0131n konu\u015ftu\u011fu bir dildir. Bosna-Hersek&#8217;in n\u00fcfusunun yar\u0131dan fazlas\u0131 Bo\u015fnaklar taraf\u0131ndan olu\u015fturulur ve Bo\u015fnak\u00e7a bu \u00fclkenin resmi dillerinden biridir.<\/p>\n","protected":false},"excerpt":{"rendered":"<p>Bosna-Hersek, Balkanlar&#8217;da 51.129 km\u00b2&#8217;lik y\u00fcz\u00f6l\u00e7\u00fcm\u00fc ve yakla\u015f\u0131k 4.500.000 ki\u015filik n\u00fcfusu olan ve resm\u00ee ad\u0131 &#8220;Bosna ve Hersek&#8221; olan bir \u00fclkedir. \u00dclke bir b\u00fct\u00fcn\u00fc olu\u015fturan \u00fc\u00e7 etnik gruba ev sahipli\u011fi yapmaktad\u0131r: Bo\u015fnaklar, S\u0131rplar ve H\u0131rvatlar. Bo\u015fnak\u00e7a (Bo\u015fnak\u00e7a: Bosanski jezik, Bosanski), \u00e7o\u011funlu\u011fu Bosna-Hersek&#8217;te ya\u015fayan Bo\u015fnaklar\u0131n konu\u015ftu\u011fu bir dildir. Bosna-Hersek&#8217;in n\u00fcfusunun yar\u0131dan fazlas\u0131 Bo\u015fnaklar taraf\u0131ndan olu\u015fturulur ve Bo\u015fnak\u00e7a [&hellip;]<\/p>\n","protected":false},"author":1,"featured_media":0,"parent":682,"menu_order":0,"comment_status":"closed","ping_status":"closed","template":"dildetay.php","meta":[],"_links":{"self":[{"href":"https:\/\/btbtercume.com\/wp-json\/wp\/v2\/pages\/793"}],"collection":[{"href":"https:\/\/btbtercume.com\/wp-json\/wp\/v2\/pages"}],"about":[{"href":"https:\/\/btbtercume.com\/wp-json\/wp\/v2\/types\/page"}],"author":[{"embeddable":true,"href":"https:\/\/btbtercume.com\/wp-json\/wp\/v2\/users\/1"}],"replies":[{"embeddable":true,"href":"https:\/\/btbtercume.com\/wp-json\/wp\/v2\/comments?post=793"}],"version-history":[{"count":2,"href":"https:\/\/btbtercume.com\/wp-json\/wp\/v2\/pages\/793\/revisions"}],"predecessor-version":[{"id":984,"href":"https:\/\/btbtercume.com\/wp-json\/wp\/v2\/pages\/793\/revisions\/984"}],"up":[{"embeddable":true,"href":"https:\/\/btbtercume.com\/wp-json\/wp\/v2\/pages\/682"}],"wp:attachment":[{"href":"https:\/\/btbtercume.com\/wp-json\/wp\/v2\/media?parent=793"}],"curies":[{"name":"wp","href":"https:\/\/api.w.org\/{rel}","templated":true}]}}