{"id":791,"date":"2021-07-24T19:49:03","date_gmt":"2021-07-24T16:49:03","guid":{"rendered":"http:\/\/btbtercume.com\/?page_id=791"},"modified":"2021-07-25T14:20:20","modified_gmt":"2021-07-25T11:20:20","slug":"birmanca","status":"publish","type":"page","link":"https:\/\/btbtercume.com\/ceviri-yaptigimiz-diller\/birmanca\/","title":{"rendered":"Birmanca"},"content":{"rendered":"<p>Myanmar, Burma ya da Birmanya, G\u00fcneydo\u011fu Asya&#8217;da, Andaman Denizi ve Bengal K\u00f6rfezi k\u0131y\u0131s\u0131nda, Banglade\u015f, Laos, ve Tayland aras\u0131nda yer alan \u00fclke.<\/p>\n<p>Birmanca ya da Myanmar, Myanmar&#8217;\u0131n resm\u00ee dilidir. Bamar halk\u0131 ve bu halk\u0131n alt gruplar\u0131n\u0131n yerel dilidir. Ana dili olarak 32 milyon ki\u015fi taraf\u0131ndan, ikinci dil olarak ise Myanmar&#8217;\u0131n etnik az\u0131nl\u0131klar\u0131 taraf\u0131ndan konu\u015fulmaktad\u0131r. \u00c7in-Tibet dilleri ailesinin bir alt ailesi olan Tibet-Birman dillerine aittir. Birmanca bir tonlu ve analitik bir dildir. Burma alfabesi ile ya<\/p>\n","protected":false},"excerpt":{"rendered":"<p>Myanmar, Burma ya da Birmanya, G\u00fcneydo\u011fu Asya&#8217;da, Andaman Denizi ve Bengal K\u00f6rfezi k\u0131y\u0131s\u0131nda, Banglade\u015f, Laos, ve Tayland aras\u0131nda yer alan \u00fclke. Birmanca ya da Myanmar, Myanmar&#8217;\u0131n resm\u00ee dilidir. Bamar halk\u0131 ve bu halk\u0131n alt gruplar\u0131n\u0131n yerel dilidir. Ana dili olarak 32 milyon ki\u015fi taraf\u0131ndan, ikinci dil olarak ise Myanmar&#8217;\u0131n etnik az\u0131nl\u0131klar\u0131 taraf\u0131ndan konu\u015fulmaktad\u0131r. \u00c7in-Tibet dilleri [&hellip;]<\/p>\n","protected":false},"author":1,"featured_media":0,"parent":682,"menu_order":0,"comment_status":"closed","ping_status":"closed","template":"dildetay.php","meta":[],"_links":{"self":[{"href":"https:\/\/btbtercume.com\/wp-json\/wp\/v2\/pages\/791"}],"collection":[{"href":"https:\/\/btbtercume.com\/wp-json\/wp\/v2\/pages"}],"about":[{"href":"https:\/\/btbtercume.com\/wp-json\/wp\/v2\/types\/page"}],"author":[{"embeddable":true,"href":"https:\/\/btbtercume.com\/wp-json\/wp\/v2\/users\/1"}],"replies":[{"embeddable":true,"href":"https:\/\/btbtercume.com\/wp-json\/wp\/v2\/comments?post=791"}],"version-history":[{"count":2,"href":"https:\/\/btbtercume.com\/wp-json\/wp\/v2\/pages\/791\/revisions"}],"predecessor-version":[{"id":975,"href":"https:\/\/btbtercume.com\/wp-json\/wp\/v2\/pages\/791\/revisions\/975"}],"up":[{"embeddable":true,"href":"https:\/\/btbtercume.com\/wp-json\/wp\/v2\/pages\/682"}],"wp:attachment":[{"href":"https:\/\/btbtercume.com\/wp-json\/wp\/v2\/media?parent=791"}],"curies":[{"name":"wp","href":"https:\/\/api.w.org\/{rel}","templated":true}]}}