{"id":789,"date":"2021-07-24T19:48:40","date_gmt":"2021-07-24T16:48:40","guid":{"rendered":"http:\/\/btbtercume.com\/?page_id=789"},"modified":"2021-07-25T14:24:40","modified_gmt":"2021-07-25T11:24:40","slug":"baskca","status":"publish","type":"page","link":"https:\/\/btbtercume.com\/ceviri-yaptigimiz-diller\/baskca\/","title":{"rendered":"Bask\u00e7a"},"content":{"rendered":"<p>Bask\u00e7a (Euskara), Basklar\u0131n konu\u015ftu\u011fu bir dildir. Bask\u00e7a, dil bilimcileri taraf\u0131ndan Hint-Avrupa dilleri Avrupa&#8217;ya yay\u0131lmadan \u00f6nce Avrupa&#8217;da konu\u015fulan dillerden arta kalan biri olarak kabul edilir. Bu sebepten bu dilin d\u00fcnyada konu\u015fulan ba\u015fka hi\u00e7bir dille yak\u0131ndan akraba olmayan \u00e7ok eski bir dil oldu\u011fu d\u00fc\u015f\u00fcn\u00fcl\u00fcr. Fakat son yap\u0131lan bir \u00e7ok ara\u015ft\u0131rmaya g\u00f6re G\u00fcrc\u00fc diliyle b\u00fcy\u00fck ba\u011flant\u0131lar\u0131 bulunmu\u015ftur. Kartli dilinden gelmi\u015f olabilece\u011fi de bu \u015fekilde kan\u0131tlanm\u0131\u015ft\u0131r. Kendilerini G\u00fcrcistan&#8217;dan g\u00f6\u00e7en halk olarak tan\u0131mlayan Basklar\u0131 tan\u0131yan tek \u00fclkede G\u00fcrcistand\u0131r.<\/p>\n<p>Bask\u00e7a Avrupa\u2019da bilinen en eski dillerden biridir ve Hint-Avrupal\u0131lar buraya gelmeden \u00f6nce \u00e7ok geni\u015f bir b\u00f6lgede, t\u00fcm \u0130ber yar\u0131madas\u0131nda (\u0130spanya ve Fransa) ve Gaskonya\/Akitanya b\u00f6lgesinde (g\u00fcneybat\u0131 Fransa), konu\u015fulmakta idi.<\/p>\n","protected":false},"excerpt":{"rendered":"<p>Bask\u00e7a (Euskara), Basklar\u0131n konu\u015ftu\u011fu bir dildir. Bask\u00e7a, dil bilimcileri taraf\u0131ndan Hint-Avrupa dilleri Avrupa&#8217;ya yay\u0131lmadan \u00f6nce Avrupa&#8217;da konu\u015fulan dillerden arta kalan biri olarak kabul edilir. Bu sebepten bu dilin d\u00fcnyada konu\u015fulan ba\u015fka hi\u00e7bir dille yak\u0131ndan akraba olmayan \u00e7ok eski bir dil oldu\u011fu d\u00fc\u015f\u00fcn\u00fcl\u00fcr. Fakat son yap\u0131lan bir \u00e7ok ara\u015ft\u0131rmaya g\u00f6re G\u00fcrc\u00fc diliyle b\u00fcy\u00fck ba\u011flant\u0131lar\u0131 bulunmu\u015ftur. Kartli [&hellip;]<\/p>\n","protected":false},"author":1,"featured_media":0,"parent":682,"menu_order":0,"comment_status":"closed","ping_status":"closed","template":"dildetay.php","meta":[],"_links":{"self":[{"href":"https:\/\/btbtercume.com\/wp-json\/wp\/v2\/pages\/789"}],"collection":[{"href":"https:\/\/btbtercume.com\/wp-json\/wp\/v2\/pages"}],"about":[{"href":"https:\/\/btbtercume.com\/wp-json\/wp\/v2\/types\/page"}],"author":[{"embeddable":true,"href":"https:\/\/btbtercume.com\/wp-json\/wp\/v2\/users\/1"}],"replies":[{"embeddable":true,"href":"https:\/\/btbtercume.com\/wp-json\/wp\/v2\/comments?post=789"}],"version-history":[{"count":2,"href":"https:\/\/btbtercume.com\/wp-json\/wp\/v2\/pages\/789\/revisions"}],"predecessor-version":[{"id":986,"href":"https:\/\/btbtercume.com\/wp-json\/wp\/v2\/pages\/789\/revisions\/986"}],"up":[{"embeddable":true,"href":"https:\/\/btbtercume.com\/wp-json\/wp\/v2\/pages\/682"}],"wp:attachment":[{"href":"https:\/\/btbtercume.com\/wp-json\/wp\/v2\/media?parent=789"}],"curies":[{"name":"wp","href":"https:\/\/api.w.org\/{rel}","templated":true}]}}