{"id":760,"date":"2021-07-24T18:40:11","date_gmt":"2021-07-24T15:40:11","guid":{"rendered":"http:\/\/btbtercume.com\/?page_id=760"},"modified":"2021-07-24T18:45:44","modified_gmt":"2021-07-24T15:45:44","slug":"sertifikalar","status":"publish","type":"page","link":"https:\/\/btbtercume.com\/sertifikalar\/","title":{"rendered":"Sertifikalar"},"content":{"rendered":"<p>D\u00fcnyadaki denetim gerektiren say\u0131l\u0131 \u00e7eviri \u015firketi derneklerinin \u00fcyeliklerine sahip olmakla birlikte bu derneklere olan \u00fcyelikler uluslararas\u0131 bir prestij sa\u011flamaktad\u0131r. American Translators Association (ATA) Amerika Birle\u015fik Devletleri\u2019nin, European Language Industry Association (ELIA) Avrupa\u2019n\u0131n ve Globalization and Localization Association (GALA) Uluslararas\u0131 piyasada \u00f6nde gelen \u00e7eviri \u015firketi dernekleridir. T\u00fcrkiye&#8217;de bu \u00fcyeliklere sahip olan nadir \u00e7eviri ofislerinden biri olmam\u0131z, kaliteyi her zaman \u00f6n planda tuttu\u011fumuzun g\u00f6stergesidir.<\/p>\n","protected":false},"excerpt":{"rendered":"<p>D\u00fcnyadaki denetim gerektiren say\u0131l\u0131 \u00e7eviri \u015firketi derneklerinin \u00fcyeliklerine sahip olmakla birlikte bu derneklere olan \u00fcyelikler uluslararas\u0131 bir prestij sa\u011flamaktad\u0131r. American Translators Association (ATA) Amerika Birle\u015fik Devletleri\u2019nin, European Language Industry Association (ELIA) Avrupa\u2019n\u0131n ve Globalization and Localization Association (GALA) Uluslararas\u0131 piyasada \u00f6nde gelen \u00e7eviri \u015firketi dernekleridir. T\u00fcrkiye&#8217;de bu \u00fcyeliklere sahip olan nadir \u00e7eviri ofislerinden biri olmam\u0131z, [&hellip;]<\/p>\n","protected":false},"author":1,"featured_media":0,"parent":0,"menu_order":0,"comment_status":"closed","ping_status":"closed","template":"sertifikalar.php","meta":[],"_links":{"self":[{"href":"https:\/\/btbtercume.com\/wp-json\/wp\/v2\/pages\/760"}],"collection":[{"href":"https:\/\/btbtercume.com\/wp-json\/wp\/v2\/pages"}],"about":[{"href":"https:\/\/btbtercume.com\/wp-json\/wp\/v2\/types\/page"}],"author":[{"embeddable":true,"href":"https:\/\/btbtercume.com\/wp-json\/wp\/v2\/users\/1"}],"replies":[{"embeddable":true,"href":"https:\/\/btbtercume.com\/wp-json\/wp\/v2\/comments?post=760"}],"version-history":[{"count":1,"href":"https:\/\/btbtercume.com\/wp-json\/wp\/v2\/pages\/760\/revisions"}],"predecessor-version":[{"id":761,"href":"https:\/\/btbtercume.com\/wp-json\/wp\/v2\/pages\/760\/revisions\/761"}],"wp:attachment":[{"href":"https:\/\/btbtercume.com\/wp-json\/wp\/v2\/media?parent=760"}],"curies":[{"name":"wp","href":"https:\/\/api.w.org\/{rel}","templated":true}]}}