{"id":757,"date":"2021-07-24T18:39:04","date_gmt":"2021-07-24T15:39:04","guid":{"rendered":"http:\/\/btbtercume.com\/?page_id=757"},"modified":"2021-07-24T18:39:04","modified_gmt":"2021-07-24T15:39:04","slug":"kalite-politikamiz","status":"publish","type":"page","link":"https:\/\/btbtercume.com\/kalite-politikamiz\/","title":{"rendered":"Kalite Politikam\u0131z"},"content":{"rendered":"<p><img src=\"https:\/\/btbtercume.com\/wp-content\/uploads\/2021\/07\/quality.png\" alt=\"\" width=\"100%\" class=\"alignnone size-full wp-image-758\" srcset=\"https:\/\/btbtercume.com\/wp-content\/uploads\/2021\/07\/quality.png 1920w, https:\/\/btbtercume.com\/wp-content\/uploads\/2021\/07\/quality-768x235.png 768w, https:\/\/btbtercume.com\/wp-content\/uploads\/2021\/07\/quality-1536x470.png 1536w\" sizes=\"(max-width: 1920px) 100vw, 1920px\" \/><\/p>\n<p><strong>Vizyonumuz<\/strong><\/p>\n<p>\u00dclkemizin uluslararas\u0131 arenada artmakta olan ad\u0131mlar\u0131n\u0131 sistemli ve do\u011fru bir bi\u00e7imde yans\u0131tabilmek amac\u0131yla e\u011fitimli, \u00e7a\u011fda\u015f bir kadro ve g\u00fcncel donan\u0131m, teknolojik birikim ve geli\u015fmi\u015f teknik temele dayal\u0131 sa\u011flam bir altyap\u0131ya sahip bir firmay\u0131z. G\u00fcveninizi kazanmak, orta\u011f\u0131n\u0131z gibi i\u015fimizi benimsemek, kusursuz kalite ve hizmet anlay\u0131\u015f\u0131yla \u00e7al\u0131\u015fmak, ili\u015fkilerimizi i\u015fin s\u00fcresiyle k\u0131s\u0131tlamamak, s\u0131rr\u0131n\u0131z\u0131 s\u0131rr\u0131m\u0131z kabul etmek, memnun m\u00fc\u015fteri portf\u00f6y\u00fcn\u00fc esas almak, konular\u0131nda uzman terc\u00fcmanlar\u0131m\u0131zla \u00e7al\u0131\u015fmalar\u0131m\u0131z\u0131 titizlikle s\u00fcrd\u00fcrmek bizim temel ilkelerimizdir.<\/p>\n<\/p>\n<p><strong>Misyonumuz<\/strong><\/p>\n<p>\u0130\u015f d\u00fcnyas\u0131nda zaman\u0131n bir ad\u0131m \u00f6n\u00fcnde yer alman\u0131n avantajlar\u0131n\u0131n bilincindeyiz; bu nedenle misyonumuzu en az s\u00fcrede kusursuz hizmet vermek olarak belirledik. Firmam\u0131z b\u00fcnyesindeki t\u00fcm \u00e7al\u0131\u015fanlar genel kalite hedeflerimiz do\u011frultusunda m\u00fc\u015fteri memnuniyetini esas alm\u0131\u015flard\u0131r. M\u00fc\u015fterilerimize, gereksiz harcamalar\u0131n\u0131 en aza indirgemek, faaliyet \u00fcretkenliklerini artt\u0131rmak, artan kalite ve azalan maliyetler arac\u0131l\u0131\u011f\u0131 ile rekabet g\u00fc\u00e7lerini artt\u0131rmak ve hedeflerine odaklanmalar\u0131nda kurum olarak verece\u011fimiz \u00e7eviri ve dil hizmetleri ile katk\u0131da bulunmakt\u0131r.<\/p>\n","protected":false},"excerpt":{"rendered":"<p>Vizyonumuz \u00dclkemizin uluslararas\u0131 arenada artmakta olan ad\u0131mlar\u0131n\u0131 sistemli ve do\u011fru bir bi\u00e7imde yans\u0131tabilmek amac\u0131yla e\u011fitimli, \u00e7a\u011fda\u015f bir kadro ve g\u00fcncel donan\u0131m, teknolojik birikim ve geli\u015fmi\u015f teknik temele dayal\u0131 sa\u011flam bir altyap\u0131ya sahip bir firmay\u0131z. G\u00fcveninizi kazanmak, orta\u011f\u0131n\u0131z gibi i\u015fimizi benimsemek, kusursuz kalite ve hizmet anlay\u0131\u015f\u0131yla \u00e7al\u0131\u015fmak, ili\u015fkilerimizi i\u015fin s\u00fcresiyle k\u0131s\u0131tlamamak, s\u0131rr\u0131n\u0131z\u0131 s\u0131rr\u0131m\u0131z kabul etmek, memnun [&hellip;]<\/p>\n","protected":false},"author":1,"featured_media":0,"parent":0,"menu_order":0,"comment_status":"closed","ping_status":"closed","template":"","meta":[],"_links":{"self":[{"href":"https:\/\/btbtercume.com\/wp-json\/wp\/v2\/pages\/757"}],"collection":[{"href":"https:\/\/btbtercume.com\/wp-json\/wp\/v2\/pages"}],"about":[{"href":"https:\/\/btbtercume.com\/wp-json\/wp\/v2\/types\/page"}],"author":[{"embeddable":true,"href":"https:\/\/btbtercume.com\/wp-json\/wp\/v2\/users\/1"}],"replies":[{"embeddable":true,"href":"https:\/\/btbtercume.com\/wp-json\/wp\/v2\/comments?post=757"}],"version-history":[{"count":1,"href":"https:\/\/btbtercume.com\/wp-json\/wp\/v2\/pages\/757\/revisions"}],"predecessor-version":[{"id":759,"href":"https:\/\/btbtercume.com\/wp-json\/wp\/v2\/pages\/757\/revisions\/759"}],"wp:attachment":[{"href":"https:\/\/btbtercume.com\/wp-json\/wp\/v2\/media?parent=757"}],"curies":[{"name":"wp","href":"https:\/\/api.w.org\/{rel}","templated":true}]}}