{"id":720,"date":"2021-07-24T18:03:19","date_gmt":"2021-07-24T15:03:19","guid":{"rendered":"http:\/\/btbtercume.com\/?page_id=720"},"modified":"2021-11-29T00:39:51","modified_gmt":"2021-11-28T21:39:51","slug":"lokalizasyon","status":"publish","type":"page","link":"https:\/\/btbtercume.com\/hizmetler\/lokalizasyon\/","title":{"rendered":"Lokalizasyon"},"content":{"rendered":"<p>\u00dcr\u00fcn ve hizmetleriniz ile ilgili t\u00fcm kullan\u0131m k\u0131lavuzlar\u0131, tan\u0131t\u0131m kitap\u00e7\u0131klar\u0131, bro\u015f\u00fcrler ve yaz\u0131l\u0131mlar\u0131n hedef \u00fclkenin dil ve k\u00fclt\u00fcrlerine uygun olarak yerelle\u015ftirildi\u011fi terc\u00fcme t\u00fcr\u00fcd\u00fcr. Lokalizasyon yani yerelle\u015ftirme yapan bir terc\u00fcman\u0131n sadece yerelle\u015ftirme yapt\u0131\u011f\u0131 dili bilmesi yeterli de\u011fildir. Ayn\u0131 zamanda o b\u00f6lgenin k\u00fclt\u00fcr\u00fcne ve di\u011fer \u00f6zelliklerine hakim olmas\u0131 gerekmektedir. Pazarlama, dizi ve filmler gibi bir \u00e7ok alanda lokalizasyon yap\u0131labilir. Lokalizasyon ayn\u0131 zamanda genel olarak anla\u015fmay\u0131 m\u00fcmk\u00fcn oldu\u011funca kolayla\u015ft\u0131ran bir terc\u00fcme bi\u00e7imidir.<\/p>\n","protected":false},"excerpt":{"rendered":"<p>\u00dcr\u00fcn ve hizmetleriniz ile ilgili t\u00fcm kullan\u0131m k\u0131lavuzlar\u0131, tan\u0131t\u0131m kitap\u00e7\u0131klar\u0131, bro\u015f\u00fcrler ve yaz\u0131l\u0131mlar\u0131n hedef \u00fclkenin dil ve k\u00fclt\u00fcrlerine uygun olarak yerelle\u015ftirildi\u011fi terc\u00fcme t\u00fcr\u00fcd\u00fcr. Lokalizasyon yani yerelle\u015ftirme yapan bir terc\u00fcman\u0131n sadece yerelle\u015ftirme yapt\u0131\u011f\u0131 dili bilmesi yeterli de\u011fildir. Ayn\u0131 zamanda o b\u00f6lgenin k\u00fclt\u00fcr\u00fcne ve di\u011fer \u00f6zelliklerine hakim olmas\u0131 gerekmektedir. Pazarlama, dizi ve filmler gibi bir \u00e7ok alanda [&hellip;]<\/p>\n","protected":false},"author":1,"featured_media":747,"parent":329,"menu_order":0,"comment_status":"closed","ping_status":"closed","template":"hizmetdetay.php","meta":[],"_links":{"self":[{"href":"https:\/\/btbtercume.com\/wp-json\/wp\/v2\/pages\/720"}],"collection":[{"href":"https:\/\/btbtercume.com\/wp-json\/wp\/v2\/pages"}],"about":[{"href":"https:\/\/btbtercume.com\/wp-json\/wp\/v2\/types\/page"}],"author":[{"embeddable":true,"href":"https:\/\/btbtercume.com\/wp-json\/wp\/v2\/users\/1"}],"replies":[{"embeddable":true,"href":"https:\/\/btbtercume.com\/wp-json\/wp\/v2\/comments?post=720"}],"version-history":[{"count":5,"href":"https:\/\/btbtercume.com\/wp-json\/wp\/v2\/pages\/720\/revisions"}],"predecessor-version":[{"id":1082,"href":"https:\/\/btbtercume.com\/wp-json\/wp\/v2\/pages\/720\/revisions\/1082"}],"up":[{"embeddable":true,"href":"https:\/\/btbtercume.com\/wp-json\/wp\/v2\/pages\/329"}],"wp:featuredmedia":[{"embeddable":true,"href":"https:\/\/btbtercume.com\/wp-json\/wp\/v2\/media\/747"}],"wp:attachment":[{"href":"https:\/\/btbtercume.com\/wp-json\/wp\/v2\/media?parent=720"}],"curies":[{"name":"wp","href":"https:\/\/api.w.org\/{rel}","templated":true}]}}