{"id":718,"date":"2021-07-24T18:03:10","date_gmt":"2021-07-24T15:03:10","guid":{"rendered":"http:\/\/btbtercume.com\/?page_id=718"},"modified":"2021-11-29T00:39:04","modified_gmt":"2021-11-28T21:39:04","slug":"kayit-desifre","status":"publish","type":"page","link":"https:\/\/btbtercume.com\/hizmetler\/kayit-desifre\/","title":{"rendered":"Kay\u0131t De\u015fifre"},"content":{"rendered":"<p>Bilgisayar format\u0131nda kaydedilmi\u015f her t\u00fcrl\u00fc dijital data, ses ve g\u00f6r\u00fcnt\u00fc dosyalar\u0131 i\u00e7in verilen terc\u00fcme hizmetidir. De\u015fifre, T\u00fcrk\u00e7e bir ses kayd\u0131n\u0131n yine T\u00fcrk\u00e7e olarak yaz\u0131l\u0131 metne d\u00f6n\u00fc\u015ft\u00fcr\u00fclmesinin yan\u0131 s\u0131ra yabanc\u0131 bir dildeki kay\u0131tlar\u0131n da kayd\u0131n yap\u0131ld\u0131\u011f\u0131 kaynak dilde yaz\u0131ya d\u00f6n\u00fc\u015ft\u00fcr\u00fclmesini kapsamaktad\u0131r. De\u015fifre i\u015flemi tamamland\u0131ktan sonra elde edilen yaz\u0131l\u0131 metin, konusunda uzman terc\u00fcmanlar\u0131m\u0131z taraf\u0131ndan istek \u00fczerine arzu edilen dillere terc\u00fcme edilebilmektedir. Toplant\u0131 kay\u0131tlar\u0131, konferans, seminer, televizyon, sinema, konser, radyo kay\u0131tlar\u0131 bu kapsamda de\u011ferlendirilebilir.<\/p>\n","protected":false},"excerpt":{"rendered":"<p>Bilgisayar format\u0131nda kaydedilmi\u015f her t\u00fcrl\u00fc dijital data, ses ve g\u00f6r\u00fcnt\u00fc dosyalar\u0131 i\u00e7in verilen terc\u00fcme hizmetidir. De\u015fifre, T\u00fcrk\u00e7e bir ses kayd\u0131n\u0131n yine T\u00fcrk\u00e7e olarak yaz\u0131l\u0131 metne d\u00f6n\u00fc\u015ft\u00fcr\u00fclmesinin yan\u0131 s\u0131ra yabanc\u0131 bir dildeki kay\u0131tlar\u0131n da kayd\u0131n yap\u0131ld\u0131\u011f\u0131 kaynak dilde yaz\u0131ya d\u00f6n\u00fc\u015ft\u00fcr\u00fclmesini kapsamaktad\u0131r. De\u015fifre i\u015flemi tamamland\u0131ktan sonra elde edilen yaz\u0131l\u0131 metin, konusunda uzman terc\u00fcmanlar\u0131m\u0131z taraf\u0131ndan istek \u00fczerine arzu [&hellip;]<\/p>\n","protected":false},"author":1,"featured_media":746,"parent":329,"menu_order":0,"comment_status":"closed","ping_status":"closed","template":"hizmetdetay.php","meta":[],"_links":{"self":[{"href":"https:\/\/btbtercume.com\/wp-json\/wp\/v2\/pages\/718"}],"collection":[{"href":"https:\/\/btbtercume.com\/wp-json\/wp\/v2\/pages"}],"about":[{"href":"https:\/\/btbtercume.com\/wp-json\/wp\/v2\/types\/page"}],"author":[{"embeddable":true,"href":"https:\/\/btbtercume.com\/wp-json\/wp\/v2\/users\/1"}],"replies":[{"embeddable":true,"href":"https:\/\/btbtercume.com\/wp-json\/wp\/v2\/comments?post=718"}],"version-history":[{"count":4,"href":"https:\/\/btbtercume.com\/wp-json\/wp\/v2\/pages\/718\/revisions"}],"predecessor-version":[{"id":1081,"href":"https:\/\/btbtercume.com\/wp-json\/wp\/v2\/pages\/718\/revisions\/1081"}],"up":[{"embeddable":true,"href":"https:\/\/btbtercume.com\/wp-json\/wp\/v2\/pages\/329"}],"wp:featuredmedia":[{"embeddable":true,"href":"https:\/\/btbtercume.com\/wp-json\/wp\/v2\/media\/746"}],"wp:attachment":[{"href":"https:\/\/btbtercume.com\/wp-json\/wp\/v2\/media?parent=718"}],"curies":[{"name":"wp","href":"https:\/\/api.w.org\/{rel}","templated":true}]}}