{"id":712,"date":"2021-07-24T18:02:34","date_gmt":"2021-07-24T15:02:34","guid":{"rendered":"http:\/\/btbtercume.com\/?page_id=712"},"modified":"2021-11-29T00:33:05","modified_gmt":"2021-11-28T21:33:05","slug":"redaksiyon","status":"publish","type":"page","link":"https:\/\/btbtercume.com\/hizmetler\/redaksiyon\/","title":{"rendered":"Redaksiyon"},"content":{"rendered":"<p>\u00d6zellikle yurt d\u0131\u015f\u0131 ile ba\u011flant\u0131l\u0131 i\u015fler kapsam\u0131nda haz\u0131rlanan s\u00f6zle\u015fme, rapor, teklif vb. \u00e7ok \u00f6nemli \u00e7al\u0131\u015fmalarda \u00f6zenli bir dil \u00f6nemlidir. Bu kapsamda sizlerin yapt\u0131\u011f\u0131 ya da ba\u015fkas\u0131na yapt\u0131rd\u0131\u011f\u0131n\u0131z terc\u00fcmeler firman\u0131z\u0131n imaj\u0131 veya profesyonelli\u011fine uygun \u015fekilde gerekli d\u00fczeltmelerin yap\u0131ld\u0131\u011f\u0131 terc\u00fcme t\u00fcr\u00fcd\u00fcr. Bu ba\u011flamda, terc\u00fcme metnindeki s\u00f6zl\u00fck, anlam, t\u00fcmce, ifade, dilbilgisi, imla ve gramer vb. hatalar d\u00fczeltilir. Son kontrolleri ana dillerinde terc\u00fcme yapan yabanc\u0131 k\u00f6kenli terc\u00fcmanlara yapt\u0131r\u0131lmas\u0131 ideal oland\u0131r.<\/p>\n<p>Ticari belgelerden \u00e7e\u015fitli s\u00f6zle\u015fmelere kadar de\u011fi\u015fen geni\u015f bir yelpazedeki metinler, yabanc\u0131 bir dilde haz\u0131rlanmakta ve \u00f6zellikle yurt d\u0131\u015f\u0131 ba\u011flant\u0131l\u0131 i\u015flerde \u00f6nemli bir rol oynamaktad\u0131r. BTB olarak y\u00fcksek kalite ve \u00f6zenli bir \u00e7al\u0131\u015fmayla sizlerle bulu\u015fturdu\u011fumuz web sitesi, hukuki terc\u00fcme ve bilimsel terc\u00fcme hizmetlerinin yan\u0131 s\u0131ra redaksiyon hizmetleri de vermekteyiz. Sizlerin ya da ba\u015fkas\u0131n\u0131n yapt\u0131\u011f\u0131 \u00e7e\u015fitli terc\u00fcme belgelerini, kurumunuzun duru\u015fu, imaj\u0131 ve profesyonelli\u011fime paralel olacak \u015fekilde gerekli d\u00fczeltmelerle belirli bir forma sokmaktay\u0131z. <strong>BTB redaksiyon<\/strong> hizmetleri kalitesi ve fark\u0131yla, \u00e7al\u0131\u015fmalar\u0131n son kontrolleri, ana dilleri terc\u00fcme yap\u0131lan yabanc\u0131 dil olan terc\u00fcmanlar taraf\u0131ndan yap\u0131lmaktad\u0131r. Sizler de redaksiyon hizmetlerimizden faydalanmak ve s\u00fcre\u00e7le ilgili daha fazla bilgi almak i\u00e7in sayfam\u0131zda yer alan ileti\u015fim bilgilerinden kolayl\u0131kla bizlere ula\u015fabilirsiniz.<\/p>\n<h2><span style=\"font-size: 14px;\">Redaksiyon Nedir?<\/span><\/h2>\n<p style=\"margin: 5px 0px!important;\">Redaksiyon, terc\u00fcme edilmi\u015f bir metindeki s\u00f6zl\u00fck, anlam, t\u00fcmce, ifade, dilbilgisi, imla ve gramer gibi hatalar\u0131n d\u00fczeltilme s\u00fcrecidir. Belgelere yap\u0131lan bu d\u00fczeltmeler, \u00f6nemini ve de\u011ferini artt\u0131r\u0131r niteliktedir. K\u00f6t\u00fc bir \u015fekilde \u00e7evrilmi\u015f veya redaksiyon s\u00fcrecine yeterli dikkatin g\u00f6sterilmedi\u011fi bir i\u00e7erik, hedeflenen anlam\u0131 iletemeyebilir. \u00c7evrilen dilde netlik kazanmayan bir forma b\u00fcr\u00fcnebilir. \u015eirket anla\u015fmalar\u0131 ya da s\u00f6zle\u015fmeleri gibi de\u011ferli belgelerde b\u00f6yle bir durum olduk\u00e7a y\u0131k\u0131c\u0131 sonu\u00e7lara yol a\u00e7abilir.<\/p>\n<p style=\"margin: 5px 0px!important;\">D\u00fcnyan\u0131n d\u00f6rt bir yan\u0131nda konu\u015fulan dillerden \u00e7e\u015fitli belgelerin \u00e7evirilerinin yap\u0131lmas\u0131, \u015firketlerin bir zamanlar imk\u00e2ns\u0131z g\u00f6r\u00fcnen s\u0131n\u0131rlar\u0131 a\u015fmas\u0131na yard\u0131mc\u0131 olmu\u015ftur. Redaksiyon hizmetleri ise, bu s\u00fcrecin m\u00fckemmelle\u015ftirilmesini sa\u011flayacak son basamakt\u0131r.<\/p>\n<h3><span style=\"font-size: 14px;\">Be\u015fikta\u015f Redaksiyon Hizmeti<\/span><\/h3>\n<p style=\"margin: 5px 0px!important;\">Bir belgenin ba\u015fka bir dile \u00e7evrilme s\u00fcrecinin son basama\u011f\u0131 olan redaksiyon, BTB terc\u00fcme b\u00fcnyesindeki profesyonel \u00e7evirmenler taraf\u0131ndan b\u00fcy\u00fck bir titizlikle, her bir hatay\u0131 tespit etme ve d\u00fczeltme a\u015famalar\u0131yla ilerler.<\/p>\n<p style=\"margin: 5px 0px!important;\">Terc\u00fcme s\u00fcreci sonunda elde edilen belgelerde \u00e7e\u015fitli sorunlar olabilir. Basit dilbilgisi hatalar\u0131ndan kula\u011fa ayn\u0131 gelen ama tamamen farkl\u0131 olan kelimelere kadar de\u011fi\u015fiklik g\u00f6steren bu sorunlar, c\u00fcmlenin t\u00fcm anlam\u0131n\u0131 de\u011fi\u015ftirebilir niteliktedir. Kendi haz\u0131rlad\u0131\u011f\u0131n\u0131z ya da bir ba\u015fkas\u0131na yapt\u0131rd\u0131\u011f\u0131n\u0131z \u00e7eviri sonucunu bizlere ileterek h\u0131zl\u0131 bir geri d\u00f6n\u00fc\u015f s\u00fcrecinin ve m\u00fckemmel sonu\u00e7lar\u0131n tad\u0131n\u0131 \u00e7\u0131kartabilirsiniz.<\/p>\n<p style=\"margin: 5px 0px!important;\">Profesyonel terc\u00fcmanlar\u0131m\u0131z, \u00e7eviri belgesinin orijinal dildeki belgeyle anlam uyu\u015fmas\u0131n\u0131 kontrol ederek sizlere en ideal sonu\u00e7lar\u0131 elde etmeniz i\u00e7in belgelerinizi sunar. \u00c7al\u0131\u015fma ekiplerimizce titizlikle incelenen belgeler, \u00f6nceden anla\u015f\u0131lan s\u00fcrede haz\u0131r hale getirilir.<\/p>\n<h3><span style=\"font-size: 14px;\">Redaksiyon Ofisi<\/span><\/h3>\n<p style=\"margin: 5px 0px!important;\">Redaksiyon hizmetleri, terc\u00fcme s\u00fcrecini tamamlar nitelikte olan \u00f6nemli bir basamakt\u0131r. Yabanc\u0131 bir \u00fclkeye iletece\u011finiz belge ya da size yabanc\u0131 bir dilden gelen, kendi dilinize \u00e7evirmeniz gereken belgelerle ilgili <strong>Be\u015fikta\u015f redaksiyon hizmetleri<\/strong> bulunmaktad\u0131r. Terc\u00fcmanlar\u0131m\u0131z olduk\u00e7a geni\u015f bir yabanc\u0131 dil yelpazesinde hizmet vermektedir.<\/p>\n<p style=\"margin: 5px 0px!important;\">Gerekli redaksiyon s\u00fcrecinden ge\u00e7memi\u015f, hatalarla dolu belgeleri i\u015f d\u00fcnyas\u0131nda kullanmak b\u00fcy\u00fck sorunlara yol a\u00e7abilen ve profesyonel duru\u015funuzu bozabilen bir durumdur. BTB olarak sizlere sundu\u011fumuz redaksiyon hizmetleriyle bu gibi olas\u0131l\u0131klar\u0131n \u00f6n\u00fcne ge\u00e7ebilir ve \u00e7al\u0131\u015fmalar\u0131n\u0131zdan m\u00fckemmel sonu\u00e7lar elde edebilirsiniz.<\/p>\n","protected":false},"excerpt":{"rendered":"<p>\u00d6zellikle yurt d\u0131\u015f\u0131 ile ba\u011flant\u0131l\u0131 i\u015fler kapsam\u0131nda haz\u0131rlanan s\u00f6zle\u015fme, rapor, teklif vb. \u00e7ok \u00f6nemli \u00e7al\u0131\u015fmalarda \u00f6zenli bir dil \u00f6nemlidir. Bu kapsamda sizlerin yapt\u0131\u011f\u0131 ya da ba\u015fkas\u0131na yapt\u0131rd\u0131\u011f\u0131n\u0131z terc\u00fcmeler firman\u0131z\u0131n imaj\u0131 veya profesyonelli\u011fine uygun \u015fekilde gerekli d\u00fczeltmelerin yap\u0131ld\u0131\u011f\u0131 terc\u00fcme t\u00fcr\u00fcd\u00fcr. Bu ba\u011flamda, terc\u00fcme metnindeki s\u00f6zl\u00fck, anlam, t\u00fcmce, ifade, dilbilgisi, imla ve gramer vb. hatalar d\u00fczeltilir. Son [&hellip;]<\/p>\n","protected":false},"author":1,"featured_media":749,"parent":329,"menu_order":0,"comment_status":"closed","ping_status":"closed","template":"hizmetdetay.php","meta":[],"_links":{"self":[{"href":"https:\/\/btbtercume.com\/wp-json\/wp\/v2\/pages\/712"}],"collection":[{"href":"https:\/\/btbtercume.com\/wp-json\/wp\/v2\/pages"}],"about":[{"href":"https:\/\/btbtercume.com\/wp-json\/wp\/v2\/types\/page"}],"author":[{"embeddable":true,"href":"https:\/\/btbtercume.com\/wp-json\/wp\/v2\/users\/1"}],"replies":[{"embeddable":true,"href":"https:\/\/btbtercume.com\/wp-json\/wp\/v2\/comments?post=712"}],"version-history":[{"count":4,"href":"https:\/\/btbtercume.com\/wp-json\/wp\/v2\/pages\/712\/revisions"}],"predecessor-version":[{"id":1080,"href":"https:\/\/btbtercume.com\/wp-json\/wp\/v2\/pages\/712\/revisions\/1080"}],"up":[{"embeddable":true,"href":"https:\/\/btbtercume.com\/wp-json\/wp\/v2\/pages\/329"}],"wp:featuredmedia":[{"embeddable":true,"href":"https:\/\/btbtercume.com\/wp-json\/wp\/v2\/media\/749"}],"wp:attachment":[{"href":"https:\/\/btbtercume.com\/wp-json\/wp\/v2\/media?parent=712"}],"curies":[{"name":"wp","href":"https:\/\/api.w.org\/{rel}","templated":true}]}}