{"id":706,"date":"2021-07-24T18:01:57","date_gmt":"2021-07-24T15:01:57","guid":{"rendered":"http:\/\/btbtercume.com\/?page_id=706"},"modified":"2021-11-29T00:36:45","modified_gmt":"2021-11-28T21:36:45","slug":"web-sitesi-tercumeleri","status":"publish","type":"page","link":"https:\/\/btbtercume.com\/hizmetler\/web-sitesi-tercumeleri\/","title":{"rendered":"Web Sitesi Terc\u00fcmeleri"},"content":{"rendered":"<p>Web sitenizin dil versiyonlar\u0131 kusursuz dil kalitesi ile haz\u0131rlan\u0131r. Site i\u00e7inde \u00e7al\u0131\u015fan t\u00fcm uygulamalar ve farkl\u0131 formatlardaki web sayfalar\u0131 istenilen dile terc\u00fcme edildi\u011fi bir terc\u00fcme t\u00fcr\u00fcd\u00fcr. Web sitesi lokalizasyon, terc\u00fcmeden farkl\u0131 bir uzmanl\u0131k alan\u0131d\u0131r. Yaz\u0131l\u0131m dilinden anlayan, pazarlama lokalizasyonunda tecr\u00fcbeli profesyonel web sitesi yerelle\u015ftirme ekiplerimizle hizmetinizdeyiz. Hangi sekt\u00f6rden olursan\u0131z olun hedef kitlenize en k\u0131sa yoldan ula\u015fman\u0131n yolu dijital platformlardan ge\u00e7er. D\u00fcnyan\u0131n her yerinde \u00fcr\u00fcn ve hizmetlerinizi tan\u0131tabilmek i\u00e7in web sitesi lokalizasyon \u00e7\u00f6z\u00fcmlerimizi ke\u015ffedin!<\/p>\n<p>\u00c7evirmenlik, sadece bir dilden farkl\u0131 bir dile kelimeleri ge\u00e7irmekle s\u0131n\u0131rl\u0131 de\u011fildir. Her konunun ve alan\u0131n \u00e7evirisine yakla\u015f\u0131m benzersizdir ve farkl\u0131 gereksinimler i\u00e7erir. BTB terc\u00fcme olarak sundu\u011fumuz \u00e7e\u015fitli hizmetlerle bu ay\u0131r\u0131m\u0131 yapman\u0131za ve kendi ihtiya\u00e7lar\u0131n\u0131z i\u00e7in \u00f6zelle\u015ftirilmi\u015f hizmetlere ula\u015fman\u0131za yard\u0131mc\u0131 olmak i\u00e7in buraday\u0131z. Teknik terc\u00fcme, bilimsel terc\u00fcme ve hukuki terc\u00fcme gibi hizmetlerimizin yan\u0131 s\u0131ra, son zamanlar\u0131n en gerekli ve en pop\u00fcler hizmetleri aras\u0131nda <strong>Be\u015fikta\u015f web sitesi terc\u00fcme<\/strong> yer almaktad\u0131r.<\/p>\n<p>Bir web sitesini ana dilinizden yabanc\u0131 bir dile \u00e7evirmek ya da tam tersini yapmak, ilk bak\u0131\u015fta g\u00f6r\u00fcnd\u00fc\u011f\u00fc kadar kolay ve basit bir s\u00fcre\u00e7 de\u011fildir. Siteyi kelimesi kelimesine terc\u00fcme etmek, di\u011fer dilde anlam kay\u0131plar\u0131na ve hatta yanl\u0131\u015f anla\u015f\u0131lmalara yol a\u00e7abilir. Otomatik \u00e7eviriler, bir web sitenin profesyonel g\u00f6r\u00fcn\u00fcm\u00fcnden uzakla\u015fmas\u0131na neden olabilir.<\/p>\n<p>BTB terc\u00fcme olarak alan\u0131nda uzman \u00e7evirmenlerimizle, sizlerin bu ihtiyac\u0131n\u0131 kar\u015f\u0131lamak i\u00e7in yan\u0131n\u0131zday\u0131z. Kusursuz sonu\u00e7lar i\u00e7in \u00e7evirmen ekiplerimizle \u00e7al\u0131\u015fabilir, site i\u00e7indeki t\u00fcm uygulamalar ve farkl\u0131 formatlardaki belgeleri istenilen dile terc\u00fcme ettirebilirsiniz. \u00c7al\u0131\u015fman\u0131z\u0131 bir ad\u0131m ileri ta\u015f\u0131mak istiyorsan\u0131z web sitesi lokalizasyon hizmetlerimizden yararlanabilirsiniz. Terc\u00fcmeden farkl\u0131 bir uzmanl\u0131k alan\u0131 olan web sitesi lokalizasyonunda, pazarlama alan\u0131nda tecr\u00fcbeli \u00e7al\u0131\u015fanlar web sitesi yerelle\u015ftirme ekipleriyle ortak bir \u00e7al\u0131\u015fma y\u00fcr\u00fct\u00fcr. Yaz\u0131l\u0131m dilinden anlayan bu ekipler, hangi sekt\u00f6rde olursan\u0131z olun, siteniz \u00fczerinden hedef kitlenize ula\u015fman\u0131za yard\u0131mc\u0131 olur. \u00dclke s\u0131n\u0131rlar\u0131n\u0131 a\u015fmak, farkl\u0131 \u00fclkelerdeki insanlar\u0131n hayatlar\u0131na dokunmak istiyorsan\u0131z, d\u00fcnyan\u0131n her yerinde \u00fcr\u00fcn ve hizmetlerinizi tan\u0131tman\u0131za yard\u0131mc\u0131 olacak imkanlar\u0131m\u0131z sizlerin yan\u0131nda.<\/p>\n<h2 style=\"font-size: 24px;\">Web Sitesi Terc\u00fcme Nedir?<\/h2>\n<p>Web sitesindeki t\u00fcm i\u00e7eri\u011fi orijinal dilden, istenilen dil veya dillere aktarma s\u00fcrecine web sitesi terc\u00fcmesi denir. Global d\u00fczeyde m\u00fc\u015fterilere ula\u015fmak isteyen \u015firketler taraf\u0131ndan pop\u00fcler olarak tercih edilen bir hizmettir. Web sitenizdeki resim \u00fczeri yaz\u0131lar, metinler veya \u00e7e\u015fitli formatlardaki multimedya i\u00e7eriklerinin \u00e7evirileri kolayl\u0131kla yap\u0131lmaktad\u0131r.<\/p>\n<p>Web sitelerinin \u00e7evirmenli\u011fi, normal bir metin belgesinin \u00e7evirmenli\u011finden daha fazlas\u0131n\u0131 gerektirir. Terc\u00fcman\u0131n derinlemesine bir yaz\u0131l\u0131m bilgisine sahip olmas\u0131 ve farkl\u0131 formatlardaki belgeleri tan\u0131mas\u0131 da \u00f6nemlidir. Ayr\u0131ca lokalizasyon gibi hizmetlerde pazarlama alan\u0131nda da tecr\u00fcbeli olmas\u0131 ve yerelle\u015ftirme \u00e7al\u0131\u015fmalar\u0131na h\u00e2kim olmas\u0131 gerekir. T\u00fcm bu gereksinimler, web sitesi \u00e7eviri s\u00fcrecinde alan\u0131nda profesyonel \u00e7al\u0131\u015fanlardan olu\u015fan bir ekibin yard\u0131m\u0131n\u0131 gerekli k\u0131lar.<\/p>\n<h2 style=\"font-size: 24px;\">Be\u015fikta\u015f Web Sitesi Terc\u00fcme<\/h2>\n<p>BTB terc\u00fcme olarak, sizlerle belirledi\u011fimiz \u00e7al\u0131\u015fma s\u00fcrecine ve teslim tarihine uygun ilerleyerek farkl\u0131 web sitesi terc\u00fcme hizmetleri sunmaktay\u0131z. Be\u015fikta\u015f web sitesi terc\u00fcme alan\u0131nda \u00e7al\u0131\u015fan ekiplerimiz, sitelerin dilsel ve k\u00fclt\u00fcrel olarak uygun bir \u015fekilde terc\u00fcme edilmesini sa\u011flar. Web sitesi lokalizasyon hizmetlerinde kullan\u0131lan dilin, kal\u0131plar\u0131n, pazarlama tekniklerinin, deyimlerin ve s\u00f6ylemlerin, hedef kitlenin k\u00fclt\u00fcr\u00fcn\u00fc ve toplumunu yans\u0131tmas\u0131n\u0131 garantiler.<\/p>\n<h3 style=\"font-size: 20px;\">Web Sitesi Terc\u00fcme B\u00fcrosu<\/h3>\n<p>Web sitesi terc\u00fcmesi k\u0131saca, mevcut bir sitenin farkl\u0131 bir dil konu\u015fan hedef kite i\u00e7in eri\u015febilir ve kullan\u0131labilir hale getirilmesidir. BTB terc\u00fcme kalitesiyle b\u00f6yle bir hizmet almak ve konu hakk\u0131nda daha fazla bilgi edinmek i\u00e7in sayfam\u0131zda bulunan ileti\u015fim bilgilerinden bize kolayl\u0131kla ula\u015fabilirsiniz.<\/p>\n","protected":false},"excerpt":{"rendered":"<p>Web sitenizin dil versiyonlar\u0131 kusursuz dil kalitesi ile haz\u0131rlan\u0131r. Site i\u00e7inde \u00e7al\u0131\u015fan t\u00fcm uygulamalar ve farkl\u0131 formatlardaki web sayfalar\u0131 istenilen dile terc\u00fcme edildi\u011fi bir terc\u00fcme t\u00fcr\u00fcd\u00fcr. Web sitesi lokalizasyon, terc\u00fcmeden farkl\u0131 bir uzmanl\u0131k alan\u0131d\u0131r. Yaz\u0131l\u0131m dilinden anlayan, pazarlama lokalizasyonunda tecr\u00fcbeli profesyonel web sitesi yerelle\u015ftirme ekiplerimizle hizmetinizdeyiz. Hangi sekt\u00f6rden olursan\u0131z olun hedef kitlenize en k\u0131sa yoldan [&hellip;]<\/p>\n","protected":false},"author":1,"featured_media":752,"parent":329,"menu_order":0,"comment_status":"closed","ping_status":"closed","template":"hizmetdetay.php","meta":[],"_links":{"self":[{"href":"https:\/\/btbtercume.com\/wp-json\/wp\/v2\/pages\/706"}],"collection":[{"href":"https:\/\/btbtercume.com\/wp-json\/wp\/v2\/pages"}],"about":[{"href":"https:\/\/btbtercume.com\/wp-json\/wp\/v2\/types\/page"}],"author":[{"embeddable":true,"href":"https:\/\/btbtercume.com\/wp-json\/wp\/v2\/users\/1"}],"replies":[{"embeddable":true,"href":"https:\/\/btbtercume.com\/wp-json\/wp\/v2\/comments?post=706"}],"version-history":[{"count":3,"href":"https:\/\/btbtercume.com\/wp-json\/wp\/v2\/pages\/706\/revisions"}],"predecessor-version":[{"id":786,"href":"https:\/\/btbtercume.com\/wp-json\/wp\/v2\/pages\/706\/revisions\/786"}],"up":[{"embeddable":true,"href":"https:\/\/btbtercume.com\/wp-json\/wp\/v2\/pages\/329"}],"wp:featuredmedia":[{"embeddable":true,"href":"https:\/\/btbtercume.com\/wp-json\/wp\/v2\/media\/752"}],"wp:attachment":[{"href":"https:\/\/btbtercume.com\/wp-json\/wp\/v2\/media?parent=706"}],"curies":[{"name":"wp","href":"https:\/\/api.w.org\/{rel}","templated":true}]}}