{"id":700,"date":"2021-07-24T17:02:59","date_gmt":"2021-07-24T14:02:59","guid":{"rendered":"http:\/\/btbtercume.com\/?page_id=700"},"modified":"2021-07-25T14:15:36","modified_gmt":"2021-07-25T11:15:36","slug":"azerice","status":"publish","type":"page","link":"https:\/\/btbtercume.com\/ceviri-yaptigimiz-diller\/azerice\/","title":{"rendered":"Azerice"},"content":{"rendered":"<p>Azerbaycan resm\u00ee ad\u0131yla Azerbaycan Cumhuriyeti, G\u00fcney Kafkasya&#8217;da bir devlettir. Kuzeyde Rusya, kuzey bat\u0131da G\u00fcrcistan, g\u00fcney bat\u0131da Ermenistan, g\u00fcneyde \u0130ran ve g\u00fcney bat\u0131da T\u00fcrkiye ile kom\u015fudur. Do\u011fu s\u0131n\u0131r\u0131n\u0131 Hazar Denizi \u00e7izmektedir.<\/p>\n<p>Azerice, Azeri T\u00fcrk\u00e7esi, Azerbaycan T\u00fcrk\u00e7esi veya Azerbaycan Dili T\u00fcrk dilleri ailesinin O\u011fuz Grubunda bulunan ve T\u00fcrkiye T\u00fcrk\u00e7esine \u00e7ok yak\u0131n olan bir dil olup Azerbaycan&#8217;\u0131n da resm\u00ee dilidir.<\/p>\n","protected":false},"excerpt":{"rendered":"<p>Azerbaycan resm\u00ee ad\u0131yla Azerbaycan Cumhuriyeti, G\u00fcney Kafkasya&#8217;da bir devlettir. Kuzeyde Rusya, kuzey bat\u0131da G\u00fcrcistan, g\u00fcney bat\u0131da Ermenistan, g\u00fcneyde \u0130ran ve g\u00fcney bat\u0131da T\u00fcrkiye ile kom\u015fudur. Do\u011fu s\u0131n\u0131r\u0131n\u0131 Hazar Denizi \u00e7izmektedir. Azerice, Azeri T\u00fcrk\u00e7esi, Azerbaycan T\u00fcrk\u00e7esi veya Azerbaycan Dili T\u00fcrk dilleri ailesinin O\u011fuz Grubunda bulunan ve T\u00fcrkiye T\u00fcrk\u00e7esine \u00e7ok yak\u0131n olan bir dil olup Azerbaycan&#8217;\u0131n da [&hellip;]<\/p>\n","protected":false},"author":1,"featured_media":0,"parent":682,"menu_order":0,"comment_status":"closed","ping_status":"closed","template":"dildetay.php","meta":[],"_links":{"self":[{"href":"https:\/\/btbtercume.com\/wp-json\/wp\/v2\/pages\/700"}],"collection":[{"href":"https:\/\/btbtercume.com\/wp-json\/wp\/v2\/pages"}],"about":[{"href":"https:\/\/btbtercume.com\/wp-json\/wp\/v2\/types\/page"}],"author":[{"embeddable":true,"href":"https:\/\/btbtercume.com\/wp-json\/wp\/v2\/users\/1"}],"replies":[{"embeddable":true,"href":"https:\/\/btbtercume.com\/wp-json\/wp\/v2\/comments?post=700"}],"version-history":[{"count":2,"href":"https:\/\/btbtercume.com\/wp-json\/wp\/v2\/pages\/700\/revisions"}],"predecessor-version":[{"id":969,"href":"https:\/\/btbtercume.com\/wp-json\/wp\/v2\/pages\/700\/revisions\/969"}],"up":[{"embeddable":true,"href":"https:\/\/btbtercume.com\/wp-json\/wp\/v2\/pages\/682"}],"wp:attachment":[{"href":"https:\/\/btbtercume.com\/wp-json\/wp\/v2\/media?parent=700"}],"curies":[{"name":"wp","href":"https:\/\/api.w.org\/{rel}","templated":true}]}}