{"id":7,"date":"2020-03-23T18:12:32","date_gmt":"2020-03-23T15:12:32","guid":{"rendered":"http:\/\/localhost\/?page_id=7"},"modified":"2021-07-24T20:50:24","modified_gmt":"2021-07-24T17:50:24","slug":"hakkimizda","status":"publish","type":"page","link":"https:\/\/btbtercume.com\/hakkimizda\/","title":{"rendered":"Hakk\u0131m\u0131zda"},"content":{"rendered":"<p><img class=\"alignnone size-full wp-image-755\" src=\"https:\/\/btbtercume.com\/wp-content\/uploads\/2021\/07\/hakkimizda.png\" alt=\"\" width=\"100%\" srcset=\"https:\/\/btbtercume.com\/wp-content\/uploads\/2021\/07\/hakkimizda.png 1920w, https:\/\/btbtercume.com\/wp-content\/uploads\/2021\/07\/hakkimizda-768x235.png 768w, https:\/\/btbtercume.com\/wp-content\/uploads\/2021\/07\/hakkimizda-1536x470.png 1536w\" sizes=\"(max-width: 1920px) 100vw, 1920px\" \/><\/p>\n<p>BTB \u00c7eviri Hizmetleri 41 y\u0131ld\u0131r k\u0131rk\u0131 a\u015fk\u0131n lisanda hizmet vermektedir. Firmam\u0131z y\u00fcksek kalitede hizmet sunmak i\u00e7in profesyonel ekibiyle ve nitelikli dil uzmanlar\u0131 ile \u00e7al\u0131\u015f\u0131r. Firmam\u0131z\u0131n hizmet anlay\u0131\u015f\u0131, m\u00fc\u015fterilerinin talep etti\u011fi formata ve teslim s\u00fcresine sad\u0131k kalmak ve kusursuz terc\u00fcme kalitesini sa\u011flamak prensipleri \u00fczerine kurulmu\u015ftur.<\/p>\n<p>Ticari anla\u015fma, distrib\u00fct\u00f6rl\u00fck s\u00f6zle\u015fmeleri, d\u00fcnya bankas\u0131, tip s\u00f6zle\u015fmesi, ortak giri\u015fim anla\u015fmalar\u0131, acentelik ve temsilcilik anla\u015fmalar\u0131 vb. y\u00fcksek seviyede hukuki ba\u011flay\u0131c\u0131l\u0131\u011f\u0131 olan i\u015flerinizi riske etmeyin. Yanl\u0131\u015f bir \u00e7eviri sizi muhatab\u0131n\u0131z ve yasalar \u00f6n\u00fcnde \u00e7ok zor durumda b\u0131rakabilir. Bizler uluslararas\u0131 hukuk ve ticaret hukuku konusunda e\u011fitim g\u00f6rm\u00fc\u015f uzmanlar\u0131m\u0131zla ve yeminli terc\u00fcmanlar\u0131m\u0131zla hizmetinizdeyiz.<\/p>\n<p>Firmam\u0131z T\u00fcrkiye&#8217;nin \u00f6nde gelen Hukuk B\u00fcrolar\u0131, Holding ve \u015firketlerin yan\u0131 s\u0131ra, yurt d\u0131\u015f\u0131nda faaliyet g\u00f6steren sekt\u00f6r\u00fcm\u00fcz ile ilgili firma ve i\u015f adamlar\u0131n\u0131n \u00e7al\u0131\u015fmalar\u0131na da b\u00fcy\u00fck katk\u0131lar sa\u011flamaktad\u0131r. Yurt d\u0131\u015f\u0131nda \u015firket, temsilcilik veya \u015fube a\u00e7\u0131l\u0131\u015f\u0131 i\u00e7in gerekli belgelerin \u00e7evirisi d\u0131\u015f\u0131nda, noter, valilik ve ilgili \u00fclkenin konsoloslu\u011fu taraf\u0131ndan onay prosed\u00fcr\u00fcn\u00fc takip etme ve tamamlama konusunda \u00f6nemli bir tecr\u00fcbeye sahiptir. \u00dclkemizin \u00f6nde gelen \u015firketlerin yurt d\u0131\u015f\u0131nda kazand\u0131klar\u0131 ve ba\u015far\u0131 ile tamamlad\u0131klar\u0131 ihaleler, D\u00fcnyada T\u00fcrkiye&#8217;ye olan sayg\u0131 ve g\u00fcvenin artmas\u0131n\u0131 sa\u011flamakta, T\u00fcrkiye&#8217;nin Avrupa ailesinin bir \u00fcyesi oldu\u011funu kan\u0131tlamaktad\u0131r. Firmam\u0131z y\u0131llard\u0131r bu \u015firketlerin ihale dok\u00fcmantasyon ve yaz\u0131\u015fmalar\u0131n\u0131 yabanc\u0131 dillere \u00e7evirerek, daima bu ba\u015far\u0131lara katk\u0131da bulunmaktad\u0131r.<\/p>\n<p>\u00c7eviri i\u00e7in gerekli olan b\u00fct\u00fcn kalite belgelerine (ISO 9001:2008 ve EN 15038) sahip olmakla birlikte d\u00fcnyadaki (Amerika, Avrupa ve Uluslararas\u0131) denetim gerektiren say\u0131l\u0131 \u00e7eviri \u015firketi derneklerinin \u00fcyeliklerine sahibiz. T\u00fcrkiye&#8217;de bu \u00fcyeliklere sahip olan nadir \u00e7eviri ofislerinden biri olmam\u0131z, kaliteyi her zaman \u00f6n planda tuttu\u011fumuzun g\u00f6stergesidir.<\/p>\n","protected":false},"excerpt":{"rendered":"<p>BTB \u00c7eviri Hizmetleri 41 y\u0131ld\u0131r k\u0131rk\u0131 a\u015fk\u0131n lisanda hizmet vermektedir. Firmam\u0131z y\u00fcksek kalitede hizmet sunmak i\u00e7in profesyonel ekibiyle ve nitelikli dil uzmanlar\u0131 ile \u00e7al\u0131\u015f\u0131r. Firmam\u0131z\u0131n hizmet anlay\u0131\u015f\u0131, m\u00fc\u015fterilerinin talep etti\u011fi formata ve teslim s\u00fcresine sad\u0131k kalmak ve kusursuz terc\u00fcme kalitesini sa\u011flamak prensipleri \u00fczerine kurulmu\u015ftur. Ticari anla\u015fma, distrib\u00fct\u00f6rl\u00fck s\u00f6zle\u015fmeleri, d\u00fcnya bankas\u0131, tip s\u00f6zle\u015fmesi, ortak giri\u015fim anla\u015fmalar\u0131, [&hellip;]<\/p>\n","protected":false},"author":1,"featured_media":0,"parent":0,"menu_order":2,"comment_status":"closed","ping_status":"closed","template":"","meta":[],"_links":{"self":[{"href":"https:\/\/btbtercume.com\/wp-json\/wp\/v2\/pages\/7"}],"collection":[{"href":"https:\/\/btbtercume.com\/wp-json\/wp\/v2\/pages"}],"about":[{"href":"https:\/\/btbtercume.com\/wp-json\/wp\/v2\/types\/page"}],"author":[{"embeddable":true,"href":"https:\/\/btbtercume.com\/wp-json\/wp\/v2\/users\/1"}],"replies":[{"embeddable":true,"href":"https:\/\/btbtercume.com\/wp-json\/wp\/v2\/comments?post=7"}],"version-history":[{"count":8,"href":"https:\/\/btbtercume.com\/wp-json\/wp\/v2\/pages\/7\/revisions"}],"predecessor-version":[{"id":952,"href":"https:\/\/btbtercume.com\/wp-json\/wp\/v2\/pages\/7\/revisions\/952"}],"wp:attachment":[{"href":"https:\/\/btbtercume.com\/wp-json\/wp\/v2\/media?parent=7"}],"curies":[{"name":"wp","href":"https:\/\/api.w.org\/{rel}","templated":true}]}}