{"id":698,"date":"2021-07-24T17:02:49","date_gmt":"2021-07-24T14:02:49","guid":{"rendered":"http:\/\/btbtercume.com\/?page_id=698"},"modified":"2021-07-25T14:19:22","modified_gmt":"2021-07-25T11:19:22","slug":"avarca","status":"publish","type":"page","link":"https:\/\/btbtercume.com\/ceviri-yaptigimiz-diller\/avarca\/","title":{"rendered":"Avarca"},"content":{"rendered":"<p>Avarca \u00e7o\u011funlu\u011fu Da\u011f\u0131stan&#8217;da ya\u015fayan Avarlar\u0131n konu\u015ftu\u011fu bir dildir. Avarcada da\u011fl\u0131 dili anlam\u0131na gelir. Kafkas Dilleri&#8217;nin Nah-Da\u011f\u0131stan dilleri \u00f6be\u011fine ba\u011fl\u0131d\u0131r. Kiril alfabesi ile yaz\u0131l\u0131r.<\/p>\n","protected":false},"excerpt":{"rendered":"<p>Avarca \u00e7o\u011funlu\u011fu Da\u011f\u0131stan&#8217;da ya\u015fayan Avarlar\u0131n konu\u015ftu\u011fu bir dildir. Avarcada da\u011fl\u0131 dili anlam\u0131na gelir. Kafkas Dilleri&#8217;nin Nah-Da\u011f\u0131stan dilleri \u00f6be\u011fine ba\u011fl\u0131d\u0131r. Kiril alfabesi ile yaz\u0131l\u0131r.<\/p>\n","protected":false},"author":1,"featured_media":0,"parent":682,"menu_order":0,"comment_status":"closed","ping_status":"closed","template":"dildetay.php","meta":[],"_links":{"self":[{"href":"https:\/\/btbtercume.com\/wp-json\/wp\/v2\/pages\/698"}],"collection":[{"href":"https:\/\/btbtercume.com\/wp-json\/wp\/v2\/pages"}],"about":[{"href":"https:\/\/btbtercume.com\/wp-json\/wp\/v2\/types\/page"}],"author":[{"embeddable":true,"href":"https:\/\/btbtercume.com\/wp-json\/wp\/v2\/users\/1"}],"replies":[{"embeddable":true,"href":"https:\/\/btbtercume.com\/wp-json\/wp\/v2\/comments?post=698"}],"version-history":[{"count":2,"href":"https:\/\/btbtercume.com\/wp-json\/wp\/v2\/pages\/698\/revisions"}],"predecessor-version":[{"id":974,"href":"https:\/\/btbtercume.com\/wp-json\/wp\/v2\/pages\/698\/revisions\/974"}],"up":[{"embeddable":true,"href":"https:\/\/btbtercume.com\/wp-json\/wp\/v2\/pages\/682"}],"wp:attachment":[{"href":"https:\/\/btbtercume.com\/wp-json\/wp\/v2\/media?parent=698"}],"curies":[{"name":"wp","href":"https:\/\/api.w.org\/{rel}","templated":true}]}}