{"id":696,"date":"2021-07-24T17:00:37","date_gmt":"2021-07-24T14:00:37","guid":{"rendered":"http:\/\/btbtercume.com\/?page_id=696"},"modified":"2021-07-25T14:19:12","modified_gmt":"2021-07-25T11:19:12","slug":"assamca","status":"publish","type":"page","link":"https:\/\/btbtercume.com\/ceviri-yaptigimiz-diller\/assamca\/","title":{"rendered":"Assamca"},"content":{"rendered":"<p>Assamca, Kuzey hindistan&#8217;da konusulan hint-avrupa dil ailesi grubundan bir dildir.<\/p>\n<p>Bengal yaz\u0131s\u0131, Latin yaz\u0131s\u0131ndan farkl\u0131 olarak, heceseldir. Asamca, Manipuri ve Munda gibi dillerin yaz\u0131m\u0131nda da kullan\u0131l\u0131r. Orijinalde 50 harflik Sanskrit\u00e7eyi yazmak i\u00e7in tasarlanm\u0131\u015ft\u0131r.<\/p>\n","protected":false},"excerpt":{"rendered":"<p>Assamca, Kuzey hindistan&#8217;da konusulan hint-avrupa dil ailesi grubundan bir dildir. Bengal yaz\u0131s\u0131, Latin yaz\u0131s\u0131ndan farkl\u0131 olarak, heceseldir. Asamca, Manipuri ve Munda gibi dillerin yaz\u0131m\u0131nda da kullan\u0131l\u0131r. Orijinalde 50 harflik Sanskrit\u00e7eyi yazmak i\u00e7in tasarlanm\u0131\u015ft\u0131r.<\/p>\n","protected":false},"author":1,"featured_media":0,"parent":682,"menu_order":0,"comment_status":"closed","ping_status":"closed","template":"dildetay.php","meta":[],"_links":{"self":[{"href":"https:\/\/btbtercume.com\/wp-json\/wp\/v2\/pages\/696"}],"collection":[{"href":"https:\/\/btbtercume.com\/wp-json\/wp\/v2\/pages"}],"about":[{"href":"https:\/\/btbtercume.com\/wp-json\/wp\/v2\/types\/page"}],"author":[{"embeddable":true,"href":"https:\/\/btbtercume.com\/wp-json\/wp\/v2\/users\/1"}],"replies":[{"embeddable":true,"href":"https:\/\/btbtercume.com\/wp-json\/wp\/v2\/comments?post=696"}],"version-history":[{"count":2,"href":"https:\/\/btbtercume.com\/wp-json\/wp\/v2\/pages\/696\/revisions"}],"predecessor-version":[{"id":973,"href":"https:\/\/btbtercume.com\/wp-json\/wp\/v2\/pages\/696\/revisions\/973"}],"up":[{"embeddable":true,"href":"https:\/\/btbtercume.com\/wp-json\/wp\/v2\/pages\/682"}],"wp:attachment":[{"href":"https:\/\/btbtercume.com\/wp-json\/wp\/v2\/media?parent=696"}],"curies":[{"name":"wp","href":"https:\/\/api.w.org\/{rel}","templated":true}]}}